{"id":36290,"date":"2026-02-27T00:33:47","date_gmt":"2026-02-27T00:33:47","guid":{"rendered":"https:\/\/nordicmart.andreevmaster.com\/product\/songmics-toimistotuoli-korkeussaadettavalla-lannerangan-tuella-harmaansininen\/"},"modified":"2026-02-27T09:51:41","modified_gmt":"2026-02-27T09:51:41","slug":"songmics-toimistotuoli-korkeussaadettavalla-lannerangan-tuella-harmaansininen","status":"publish","type":"product","link":"https:\/\/nordicmart.andreevmaster.com\/fi\/tuote\/songmics-toimistotuoli-korkeussaadettavalla-lannerangan-tuella-harmaansininen\/","title":{"rendered":"SONGMICS toimistotuoli korkeuss\u00e4\u00e4dett\u00e4v\u00e4ll\u00e4 lannerangan tuella, harmaansininen"},"content":{"rendered":"<p>SONGMICS-ty\u00f6tuoli, ergonominen ty\u00f6tuoli, korkea selk\u00e4noja, tietokonetuoli, korkeuss\u00e4\u00e4dett\u00e4v\u00e4 lannerangan tuki, s\u00e4\u00e4dett\u00e4v\u00e4 p\u00e4\u00e4ntuki, k\u00e4sinojat, kotitoimisto<br \/>\nV\u00e4ri: kyyhkynharmaa<br \/>\nMateriaali: ter\u00e4s, PU, vaahtomuovi, nailon<br \/>\nKoko: 70 x 70 x (117\u2013125 cm) (S x L x K)<br \/>\nIstuinkorkeus: 47\u201355 cm<br \/>\nIstuinpinta: 52 x 52 cm<br \/>\nK\u00e4sinojien korkeus (lattiasta): 64\u201372 cm<br \/>\nPaino: 17 kg<br \/>\naks. staattinen kantavuus: 150 kg<\/p>\n","protected":false},"excerpt":{"rendered":"<p>SONGMICS-ty\u00f6tuoli, ergonominen ty\u00f6tuoli, korkea selk\u00e4noja, tietokonetuoli, korkeuss\u00e4\u00e4dett\u00e4v\u00e4 lannerangan tuki, s\u00e4\u00e4dett\u00e4v\u00e4 p\u00e4\u00e4ntuki, k\u00e4sinojat, kotitoimisto<\/p>\n","protected":false},"featured_media":44593,"comment_status":"open","ping_status":"closed","template":"","meta":[],"product_brand":[],"product_cat":[32],"product_tag":[],"class_list":{"0":"post-36290","1":"product","2":"type-product","3":"status-publish","4":"has-post-thumbnail","6":"product_cat-uncategorized-fi","8":"first","9":"instock","10":"shipping-taxable","11":"purchasable","12":"product-type-simple"},"_links":{"self":[{"href":"https:\/\/nordicmart.andreevmaster.com\/fi\/wp-json\/wp\/v2\/product\/36290","targetHints":{"allow":["GET"]}}],"collection":[{"href":"https:\/\/nordicmart.andreevmaster.com\/fi\/wp-json\/wp\/v2\/product"}],"about":[{"href":"https:\/\/nordicmart.andreevmaster.com\/fi\/wp-json\/wp\/v2\/types\/product"}],"replies":[{"embeddable":true,"href":"https:\/\/nordicmart.andreevmaster.com\/fi\/wp-json\/wp\/v2\/comments?post=36290"}],"wp:featuredmedia":[{"embeddable":true,"href":"https:\/\/nordicmart.andreevmaster.com\/fi\/wp-json\/wp\/v2\/media\/44593"}],"wp:attachment":[{"href":"https:\/\/nordicmart.andreevmaster.com\/fi\/wp-json\/wp\/v2\/media?parent=36290"}],"wp:term":[{"taxonomy":"product_brand","embeddable":true,"href":"https:\/\/nordicmart.andreevmaster.com\/fi\/wp-json\/wp\/v2\/product_brand?post=36290"},{"taxonomy":"product_cat","embeddable":true,"href":"https:\/\/nordicmart.andreevmaster.com\/fi\/wp-json\/wp\/v2\/product_cat?post=36290"},{"taxonomy":"product_tag","embeddable":true,"href":"https:\/\/nordicmart.andreevmaster.com\/fi\/wp-json\/wp\/v2\/product_tag?post=36290"}],"curies":[{"name":"wp","href":"https:\/\/api.w.org\/{rel}","templated":true}]}}