{"id":36288,"date":"2026-02-27T00:33:47","date_gmt":"2026-02-27T00:33:47","guid":{"rendered":"https:\/\/nordicmart.andreevmaster.com\/product\/songmics-ergonominen-ja-saadettava-tyotuoli-kyyhkynharmaa\/"},"modified":"2026-02-27T09:51:40","modified_gmt":"2026-02-27T09:51:40","slug":"songmics-ergonominen-ja-saadettava-tyotuoli-kyyhkynharmaa","status":"publish","type":"product","link":"https:\/\/nordicmart.andreevmaster.com\/fi\/tuote\/songmics-ergonominen-ja-saadettava-tyotuoli-kyyhkynharmaa\/","title":{"rendered":"SONGMICS ergonominen ja s\u00e4\u00e4dett\u00e4v\u00e4 ty\u00f6tuoli, kyyhkynharmaa"},"content":{"rendered":"<p>SONGMICS-ty\u00f6tuoli, ty\u00f6p\u00f6yt\u00e4tuoli, ergonominen, s\u00e4\u00e4dett\u00e4v\u00e4, kallistettava selk\u00e4noja, eteen- tai taaksep\u00e4in s\u00e4\u00e4dett\u00e4v\u00e4 istuin<br \/>\nV\u00e4ri: kyyhkynharmaa<br \/>\nMateriaali: ter\u00e4s, alumiiniseos, polyesteri, polyuretaanivaahto, nailon<br \/>\nKoko: 70 x 70 x (115-125) cm (S x L x K)<br \/>\nIstuinkorkeus: 45\u201355 cm<br \/>\nIstuimen koko: (50\u201355) x 50 cm (S x L)<br \/>\nSelk\u00e4nojan koko: 51 x 77 cm (L x K)<br \/>\nK\u00e4sinojien korkeus (istuinpinnasta): 17\u201324 cm<br \/>\nPaino: 17,2 kg<br \/>\nMaks. staattinen kantavuus: 150 kg<\/p>\n","protected":false},"excerpt":{"rendered":"<p>SONGMICS-ty\u00f6tuoli, ty\u00f6p\u00f6yt\u00e4tuoli, ergonominen, s\u00e4\u00e4dett\u00e4v\u00e4, kallistettava selk\u00e4noja, eteen- tai taaksep\u00e4in s\u00e4\u00e4dett\u00e4v\u00e4 istuin<\/p>\n","protected":false},"featured_media":44591,"comment_status":"open","ping_status":"closed","template":"","meta":[],"product_brand":[],"product_cat":[32],"product_tag":[],"class_list":{"0":"post-36288","1":"product","2":"type-product","3":"status-publish","4":"has-post-thumbnail","6":"product_cat-uncategorized-fi","8":"first","9":"instock","10":"shipping-taxable","11":"purchasable","12":"product-type-simple"},"_links":{"self":[{"href":"https:\/\/nordicmart.andreevmaster.com\/fi\/wp-json\/wp\/v2\/product\/36288","targetHints":{"allow":["GET"]}}],"collection":[{"href":"https:\/\/nordicmart.andreevmaster.com\/fi\/wp-json\/wp\/v2\/product"}],"about":[{"href":"https:\/\/nordicmart.andreevmaster.com\/fi\/wp-json\/wp\/v2\/types\/product"}],"replies":[{"embeddable":true,"href":"https:\/\/nordicmart.andreevmaster.com\/fi\/wp-json\/wp\/v2\/comments?post=36288"}],"wp:featuredmedia":[{"embeddable":true,"href":"https:\/\/nordicmart.andreevmaster.com\/fi\/wp-json\/wp\/v2\/media\/44591"}],"wp:attachment":[{"href":"https:\/\/nordicmart.andreevmaster.com\/fi\/wp-json\/wp\/v2\/media?parent=36288"}],"wp:term":[{"taxonomy":"product_brand","embeddable":true,"href":"https:\/\/nordicmart.andreevmaster.com\/fi\/wp-json\/wp\/v2\/product_brand?post=36288"},{"taxonomy":"product_cat","embeddable":true,"href":"https:\/\/nordicmart.andreevmaster.com\/fi\/wp-json\/wp\/v2\/product_cat?post=36288"},{"taxonomy":"product_tag","embeddable":true,"href":"https:\/\/nordicmart.andreevmaster.com\/fi\/wp-json\/wp\/v2\/product_tag?post=36288"}],"curies":[{"name":"wp","href":"https:\/\/api.w.org\/{rel}","templated":true}]}}