{"id":36286,"date":"2026-02-27T00:33:46","date_gmt":"2026-02-27T00:33:46","guid":{"rendered":"https:\/\/nordicmart.andreevmaster.com\/product\/songmics-ergonominen-ja-saadettava-toimistotuoli-selkanoja-kyyhkynharmaa\/"},"modified":"2026-02-27T09:51:40","modified_gmt":"2026-02-27T09:51:40","slug":"songmics-ergonominen-ja-saadettava-toimistotuoli-selkanoja-kyyhkynharmaa","status":"publish","type":"product","link":"https:\/\/nordicmart.andreevmaster.com\/fi\/tuote\/songmics-ergonominen-ja-saadettava-toimistotuoli-selkanoja-kyyhkynharmaa\/","title":{"rendered":"SONGMICS Ergonominen ja s\u00e4\u00e4dett\u00e4v\u00e4 toimistotuoli, selk\u00e4noja, kyyhkynharmaa"},"content":{"rendered":"<p>SONGMICS-ty\u00f6tuoli, ty\u00f6p\u00f6yd\u00e4n tuoli, ergonominen, s\u00e4\u00e4dett\u00e4v\u00e4, kallistettava selk\u00e4noja, eteen- tai taaksep\u00e4in s\u00e4\u00e4dett\u00e4v\u00e4 istuin, kantavuus 150 kg<br \/>\nV\u00e4ri: kyyhkynharmaa<br \/>\nMateriaali: ter\u00e4s, alumiiniseos, polyesteri, vaahtomuovipehmuste, nailon<br \/>\nKoko: 70 x 70 x (117\u2013127) cm (syvyys x leveys x korkeus)<br \/>\nIstuimen korkeus (istuinpinnan keskikohta): 49\u201359 cm<br \/>\nIstuimen koko: (50\u201353) x 50 cm (S x L)<br \/>\nSelk\u00e4nojan koko: 50 x 70 cm (L x K)<br \/>\nK\u00e4sinojien korkeus (istuinpinnasta): 19\u201321 cm<br \/>\nPaino: 14,9 kg<br \/>\nMaks. staattinen kantavuus: 150 kg<\/p>\n","protected":false},"excerpt":{"rendered":"<p>SONGMICS-ty\u00f6tuoli, ty\u00f6p\u00f6yd\u00e4n tuoli, ergonominen, s\u00e4\u00e4dett\u00e4v\u00e4, kallistettava selk\u00e4noja, eteen- tai taaksep\u00e4in s\u00e4\u00e4dett\u00e4v\u00e4 istuin, kantavuus 150 kg<\/p>\n","protected":false},"featured_media":44589,"comment_status":"open","ping_status":"closed","template":"","meta":[],"product_brand":[],"product_cat":[32],"product_tag":[],"class_list":{"0":"post-36286","1":"product","2":"type-product","3":"status-publish","4":"has-post-thumbnail","6":"product_cat-uncategorized-fi","8":"first","9":"instock","10":"shipping-taxable","11":"purchasable","12":"product-type-simple"},"_links":{"self":[{"href":"https:\/\/nordicmart.andreevmaster.com\/fi\/wp-json\/wp\/v2\/product\/36286","targetHints":{"allow":["GET"]}}],"collection":[{"href":"https:\/\/nordicmart.andreevmaster.com\/fi\/wp-json\/wp\/v2\/product"}],"about":[{"href":"https:\/\/nordicmart.andreevmaster.com\/fi\/wp-json\/wp\/v2\/types\/product"}],"replies":[{"embeddable":true,"href":"https:\/\/nordicmart.andreevmaster.com\/fi\/wp-json\/wp\/v2\/comments?post=36286"}],"wp:featuredmedia":[{"embeddable":true,"href":"https:\/\/nordicmart.andreevmaster.com\/fi\/wp-json\/wp\/v2\/media\/44589"}],"wp:attachment":[{"href":"https:\/\/nordicmart.andreevmaster.com\/fi\/wp-json\/wp\/v2\/media?parent=36286"}],"wp:term":[{"taxonomy":"product_brand","embeddable":true,"href":"https:\/\/nordicmart.andreevmaster.com\/fi\/wp-json\/wp\/v2\/product_brand?post=36286"},{"taxonomy":"product_cat","embeddable":true,"href":"https:\/\/nordicmart.andreevmaster.com\/fi\/wp-json\/wp\/v2\/product_cat?post=36286"},{"taxonomy":"product_tag","embeddable":true,"href":"https:\/\/nordicmart.andreevmaster.com\/fi\/wp-json\/wp\/v2\/product_tag?post=36286"}],"curies":[{"name":"wp","href":"https:\/\/api.w.org\/{rel}","templated":true}]}}