{"id":36284,"date":"2026-02-27T00:33:46","date_gmt":"2026-02-27T00:33:46","guid":{"rendered":"https:\/\/nordicmart.andreevmaster.com\/product\/songmics-tyotuoli-saadettavalla-selkanojalla\/"},"modified":"2026-02-27T09:51:39","modified_gmt":"2026-02-27T09:51:39","slug":"songmics-tyotuoli-saadettavalla-selkanojalla","status":"publish","type":"product","link":"https:\/\/nordicmart.andreevmaster.com\/fi\/tuote\/songmics-tyotuoli-saadettavalla-selkanojalla\/","title":{"rendered":"SONGMICS-ty\u00f6tuoli s\u00e4\u00e4dett\u00e4v\u00e4ll\u00e4 selk\u00e4nojalla"},"content":{"rendered":"<p>Parempi istuma-asento, parempi tuottavuus:T\u00e4m\u00e4 verkkotuoli tarjoaa mukavan tuen erillisen lannerangan tuen ansiosta. S\u00e4\u00e4dett\u00e4v\u00e4t k\u00e4sinojat v\u00e4hent\u00e4v\u00e4t k\u00e4sivarsien ja hartioiden rasitusta. Ergonominen S-muotoinen selk\u00e4noja v\u00e4hent\u00e4\u00e4 sel\u00e4n rasitusta. Hengitt\u00e4v\u00e4 verkkoselk\u00e4noja ja verkkokangasistuin viilent\u00e4v\u00e4t kuumina kes\u00e4p\u00e4ivin\u00e4. 8 cm paksu pehmustettu istuin tarjoaa erinomaisen mukavuuden. S\u00e4\u00e4dett\u00e4v\u00e4 p\u00e4\u00e4ntuki ja 4-asentoon s\u00e4\u00e4dett\u00e4v\u00e4 selk\u00e4noja mahdollistavat mukavan istuma-asennon ty\u00f6skennelless\u00e4si tai rentoutuessasi. Py\u00f6riss\u00e4 on kuormasta riippuvat jarrut, jotta tuoli ei liu&#8217;u yl\u00f6s noustessasi ja lukittuu istuessasi, jotta voit rullata vapaasti. Seuraa vain selkeit\u00e4 ohjeita ja saat t\u00e4m\u00e4n tuolin koottua hetkess\u00e4. Sitten voit aloittaa ty\u00f6skentelyn tietokoneella toimistossa tai ty\u00f6huoneessa. Tuotetiedot: V\u00e4ri: musta Materiaali: muovi, vaahtomuovipehmuste, polyesteri, ter\u00e4s Kokonaismitat: 65 x 60 x (120-130) cm (L x S x K) Istuinkorkeus (lattiasta): 47\u201357 cm Istuimen koko: 54 x 50 cm (L x S) Selk\u00e4nojan koko: 50 x 54 cm (L x K) K\u00e4sinojan korkeus (istuinpinnasta): 18\u201326 cm K\u00e4sinojan koko: 25 x 9 cm (P x L) Paino: 15 kg Maks. staattinen kokonaiskuormitus: 120 kg Toimitus sis\u00e4lt\u00e4\u00e4: 1 x ty\u00f6tuoli 1 x lis\u00e4varustepaketti 1 x ohjeet SONGICSin huomautukset:T\u00e4m\u00e4 tuote sopii k\u00e4ytett\u00e4v\u00e4ksi l\u00e4hes kaikilla lattiapinnoilla, mutta k\u00e4yt\u00e4 laminaatti- ja parkettilattioilla lattian suojamattoa.<\/p>\n","protected":false},"excerpt":{"rendered":"<p>SONGMICS toimistotuoli, ty\u00f6tuoli, ergonominen py\u00f6riv\u00e4 tuoli, tietokonetuoli, verkkop\u00e4\u00e4llyste, 4-asentoinen s\u00e4\u00e4dett\u00e4v\u00e4 selk\u00e4noja, kantavuus 120 kg, musta OBN064B01<\/p>\n","protected":false},"featured_media":44587,"comment_status":"open","ping_status":"closed","template":"","meta":[],"product_brand":[],"product_cat":[32],"product_tag":[],"class_list":{"0":"post-36284","1":"product","2":"type-product","3":"status-publish","4":"has-post-thumbnail","6":"product_cat-uncategorized-fi","8":"first","9":"instock","10":"shipping-taxable","11":"purchasable","12":"product-type-simple"},"_links":{"self":[{"href":"https:\/\/nordicmart.andreevmaster.com\/fi\/wp-json\/wp\/v2\/product\/36284","targetHints":{"allow":["GET"]}}],"collection":[{"href":"https:\/\/nordicmart.andreevmaster.com\/fi\/wp-json\/wp\/v2\/product"}],"about":[{"href":"https:\/\/nordicmart.andreevmaster.com\/fi\/wp-json\/wp\/v2\/types\/product"}],"replies":[{"embeddable":true,"href":"https:\/\/nordicmart.andreevmaster.com\/fi\/wp-json\/wp\/v2\/comments?post=36284"}],"wp:featuredmedia":[{"embeddable":true,"href":"https:\/\/nordicmart.andreevmaster.com\/fi\/wp-json\/wp\/v2\/media\/44587"}],"wp:attachment":[{"href":"https:\/\/nordicmart.andreevmaster.com\/fi\/wp-json\/wp\/v2\/media?parent=36284"}],"wp:term":[{"taxonomy":"product_brand","embeddable":true,"href":"https:\/\/nordicmart.andreevmaster.com\/fi\/wp-json\/wp\/v2\/product_brand?post=36284"},{"taxonomy":"product_cat","embeddable":true,"href":"https:\/\/nordicmart.andreevmaster.com\/fi\/wp-json\/wp\/v2\/product_cat?post=36284"},{"taxonomy":"product_tag","embeddable":true,"href":"https:\/\/nordicmart.andreevmaster.com\/fi\/wp-json\/wp\/v2\/product_tag?post=36284"}],"curies":[{"name":"wp","href":"https:\/\/api.w.org\/{rel}","templated":true}]}}