{"id":36283,"date":"2026-02-27T00:33:45","date_gmt":"2026-02-27T00:33:45","guid":{"rendered":"https:\/\/nordicmart.andreevmaster.com\/product\/songmics-tyotuoli-kantavuus-150-kg-korkeussaadettava-harmaasavyinen\/"},"modified":"2026-02-27T09:51:39","modified_gmt":"2026-02-27T09:51:39","slug":"songmics-tyotuoli-kantavuus-150-kg-korkeussaadettava-harmaasavyinen","status":"publish","type":"product","link":"https:\/\/nordicmart.andreevmaster.com\/fi\/tuote\/songmics-tyotuoli-kantavuus-150-kg-korkeussaadettava-harmaasavyinen\/","title":{"rendered":"SONGMICS-ty\u00f6tuoli, kantavuus 150 kg, korkeuss\u00e4\u00e4dett\u00e4v\u00e4, harmaas\u00e4vyinen"},"content":{"rendered":"<p>SONGMICS toimistotuoli, ergonominen ty\u00f6tuoli, tietokonetuoli, verkkotuoli, s\u00e4\u00e4dett\u00e4v\u00e4 lannerangan tuki ja p\u00e4\u00e4ntuki, kantavuus 150 kg, korkeuss\u00e4\u00e4dett\u00e4v\u00e4, musta OBN063B01<br \/>\nV\u00e4ri: kyyhkynharmaa<br \/>\nMateriaali: muovi, vaahtomuovipehmuste, ter\u00e4s, polyesterikangas<br \/>\nTuolin koko: 70 x 70 x (115-125) cm (S x L x K)<br \/>\nIstuinkorkeus: 46\u201356 cm<br \/>\nIstuimen koko: 52 x 50 cm (S x L)<br \/>\nSelk\u00e4nojan koko: 53 x 59 cm (L x K)<br \/>\nK\u00e4sinojien korkeus (lattiasta): 66\u201376 cm<br \/>\nPaino: 15,7 kg<br \/>\nMaks. staattinen kantavuus: 150 kg<\/p>\n","protected":false},"excerpt":{"rendered":"<p>SONGMICS toimistotuoli, ergonominen ty\u00f6tuoli, tietokonetuoli, verkkotuoli, s\u00e4\u00e4dett\u00e4v\u00e4 lannerangan tuki ja p\u00e4\u00e4ntuki, kantavuus 150 kg, korkeuss\u00e4\u00e4dett\u00e4v\u00e4, musta OBN063B01<\/p>\n","protected":false},"featured_media":44586,"comment_status":"open","ping_status":"closed","template":"","meta":[],"product_brand":[],"product_cat":[32],"product_tag":[],"class_list":{"0":"post-36283","1":"product","2":"type-product","3":"status-publish","4":"has-post-thumbnail","6":"product_cat-uncategorized-fi","8":"first","9":"instock","10":"shipping-taxable","11":"purchasable","12":"product-type-simple"},"_links":{"self":[{"href":"https:\/\/nordicmart.andreevmaster.com\/fi\/wp-json\/wp\/v2\/product\/36283","targetHints":{"allow":["GET"]}}],"collection":[{"href":"https:\/\/nordicmart.andreevmaster.com\/fi\/wp-json\/wp\/v2\/product"}],"about":[{"href":"https:\/\/nordicmart.andreevmaster.com\/fi\/wp-json\/wp\/v2\/types\/product"}],"replies":[{"embeddable":true,"href":"https:\/\/nordicmart.andreevmaster.com\/fi\/wp-json\/wp\/v2\/comments?post=36283"}],"wp:featuredmedia":[{"embeddable":true,"href":"https:\/\/nordicmart.andreevmaster.com\/fi\/wp-json\/wp\/v2\/media\/44586"}],"wp:attachment":[{"href":"https:\/\/nordicmart.andreevmaster.com\/fi\/wp-json\/wp\/v2\/media?parent=36283"}],"wp:term":[{"taxonomy":"product_brand","embeddable":true,"href":"https:\/\/nordicmart.andreevmaster.com\/fi\/wp-json\/wp\/v2\/product_brand?post=36283"},{"taxonomy":"product_cat","embeddable":true,"href":"https:\/\/nordicmart.andreevmaster.com\/fi\/wp-json\/wp\/v2\/product_cat?post=36283"},{"taxonomy":"product_tag","embeddable":true,"href":"https:\/\/nordicmart.andreevmaster.com\/fi\/wp-json\/wp\/v2\/product_tag?post=36283"}],"curies":[{"name":"wp","href":"https:\/\/api.w.org\/{rel}","templated":true}]}}