{"id":36282,"date":"2026-02-27T00:33:45","date_gmt":"2026-02-27T00:33:45","guid":{"rendered":"https:\/\/nordicmart.andreevmaster.com\/product\/songmics-toimistotuoli-kantavuus-150-kg-musta\/"},"modified":"2026-02-27T09:51:39","modified_gmt":"2026-02-27T09:51:39","slug":"songmics-toimistotuoli-kantavuus-150-kg-musta","status":"publish","type":"product","link":"https:\/\/nordicmart.andreevmaster.com\/fi\/tuote\/songmics-toimistotuoli-kantavuus-150-kg-musta\/","title":{"rendered":"SONGMICS toimistotuoli, kantavuus 150 kg, musta"},"content":{"rendered":"<p>Tuotetiedot: V\u00e4ri: musta Materiaali: muovi, vaahtomuovipehmuste, ter\u00e4s, polyesterikangas Tuolin koko: 68 x 66 x (114-123,5) cm (P x L x K) Istuimen korkeus: 45-54,5 cm Istuimen mitat: 50 x 52 cm (P x L) Selk\u00e4nojan mitat: 53 x 59 cm (P x K) K\u00e4sinojien korkeus (lattiasta): 63\u201372,5 cm Paino: 15,7 kg Maks. staattinen kantavuus: 150 kg Toimitus sis\u00e4lt\u00e4\u00e4: 1 x ty\u00f6tuoli 1 x lis\u00e4varustepaketti 1 x ohjeet SONGMICS Huomautukset: K\u00e4yt\u00e4 alustaa, jos haluat k\u00e4ytt\u00e4\u00e4 tuolia puulattialla.<\/p>\n","protected":false},"excerpt":{"rendered":"<p>SONGMICS toimistotuoli, ergonominen ty\u00f6tuoli, tietokonetuoli, verkkotuoli, s\u00e4\u00e4dett\u00e4v\u00e4 lannerangan tuki ja p\u00e4\u00e4ntuki, kantavuus 150 kg, korkeuss\u00e4\u00e4dett\u00e4v\u00e4, musta OBN063B01<\/p>\n","protected":false},"featured_media":44585,"comment_status":"open","ping_status":"closed","template":"","meta":[],"product_brand":[],"product_cat":[32],"product_tag":[],"class_list":{"0":"post-36282","1":"product","2":"type-product","3":"status-publish","4":"has-post-thumbnail","6":"product_cat-uncategorized-fi","8":"first","9":"instock","10":"shipping-taxable","11":"purchasable","12":"product-type-simple"},"_links":{"self":[{"href":"https:\/\/nordicmart.andreevmaster.com\/fi\/wp-json\/wp\/v2\/product\/36282","targetHints":{"allow":["GET"]}}],"collection":[{"href":"https:\/\/nordicmart.andreevmaster.com\/fi\/wp-json\/wp\/v2\/product"}],"about":[{"href":"https:\/\/nordicmart.andreevmaster.com\/fi\/wp-json\/wp\/v2\/types\/product"}],"replies":[{"embeddable":true,"href":"https:\/\/nordicmart.andreevmaster.com\/fi\/wp-json\/wp\/v2\/comments?post=36282"}],"wp:featuredmedia":[{"embeddable":true,"href":"https:\/\/nordicmart.andreevmaster.com\/fi\/wp-json\/wp\/v2\/media\/44585"}],"wp:attachment":[{"href":"https:\/\/nordicmart.andreevmaster.com\/fi\/wp-json\/wp\/v2\/media?parent=36282"}],"wp:term":[{"taxonomy":"product_brand","embeddable":true,"href":"https:\/\/nordicmart.andreevmaster.com\/fi\/wp-json\/wp\/v2\/product_brand?post=36282"},{"taxonomy":"product_cat","embeddable":true,"href":"https:\/\/nordicmart.andreevmaster.com\/fi\/wp-json\/wp\/v2\/product_cat?post=36282"},{"taxonomy":"product_tag","embeddable":true,"href":"https:\/\/nordicmart.andreevmaster.com\/fi\/wp-json\/wp\/v2\/product_tag?post=36282"}],"curies":[{"name":"wp","href":"https:\/\/api.w.org\/{rel}","templated":true}]}}