{"id":36281,"date":"2026-02-27T00:33:45","date_gmt":"2026-02-27T00:33:45","guid":{"rendered":"https:\/\/nordicmart.andreevmaster.com\/product\/songmics-toimistotuoli-vaateripustimella-musta\/"},"modified":"2026-02-27T09:51:39","modified_gmt":"2026-02-27T09:51:39","slug":"songmics-toimistotuoli-vaateripustimella-musta","status":"publish","type":"product","link":"https:\/\/nordicmart.andreevmaster.com\/fi\/tuote\/songmics-toimistotuoli-vaateripustimella-musta\/","title":{"rendered":"SONGMICS toimistotuoli vaateripustimella, musta"},"content":{"rendered":"<p>Tuotetiedot: V\u00e4ri: musta Materiaali: polyesterikangas, ter\u00e4s, nailon, PU-rullat Tuolin koko: 68 x 71 x (114-124) cm (P x L x K) Istuinkorkeus: 47-57 cm Istuimen mitat: 52 x 52 cm (P x L) Selk\u00e4nojan mitat: 44 x (73,5-79,5) cm (P x K)K\u00e4sinojien korkeus (istuinpinnasta): 27 cmPaino: 15,6 kgMaks. staattinen kantavuus: 120 kgToimitus sis\u00e4lt\u00e4\u00e4:1 x ty\u00f6tuoli1 x lis\u00e4varustepaketti1 x ohjeet<\/p>\n","protected":false},"excerpt":{"rendered":"<p>SONGMICS toimistotuoli, ty\u00f6tuoli, ergonominen tietokonetuoli henkarilla, verkkop\u00e4\u00e4llinen, niskatuki, kotitoimistoon, ty\u00f6h\u00f6n ja pelaamiseen, musta OBN062B01<\/p>\n","protected":false},"featured_media":44584,"comment_status":"open","ping_status":"closed","template":"","meta":[],"product_brand":[],"product_cat":[32],"product_tag":[],"class_list":{"0":"post-36281","1":"product","2":"type-product","3":"status-publish","4":"has-post-thumbnail","6":"product_cat-uncategorized-fi","8":"first","9":"instock","10":"shipping-taxable","11":"purchasable","12":"product-type-simple"},"_links":{"self":[{"href":"https:\/\/nordicmart.andreevmaster.com\/fi\/wp-json\/wp\/v2\/product\/36281","targetHints":{"allow":["GET"]}}],"collection":[{"href":"https:\/\/nordicmart.andreevmaster.com\/fi\/wp-json\/wp\/v2\/product"}],"about":[{"href":"https:\/\/nordicmart.andreevmaster.com\/fi\/wp-json\/wp\/v2\/types\/product"}],"replies":[{"embeddable":true,"href":"https:\/\/nordicmart.andreevmaster.com\/fi\/wp-json\/wp\/v2\/comments?post=36281"}],"wp:featuredmedia":[{"embeddable":true,"href":"https:\/\/nordicmart.andreevmaster.com\/fi\/wp-json\/wp\/v2\/media\/44584"}],"wp:attachment":[{"href":"https:\/\/nordicmart.andreevmaster.com\/fi\/wp-json\/wp\/v2\/media?parent=36281"}],"wp:term":[{"taxonomy":"product_brand","embeddable":true,"href":"https:\/\/nordicmart.andreevmaster.com\/fi\/wp-json\/wp\/v2\/product_brand?post=36281"},{"taxonomy":"product_cat","embeddable":true,"href":"https:\/\/nordicmart.andreevmaster.com\/fi\/wp-json\/wp\/v2\/product_cat?post=36281"},{"taxonomy":"product_tag","embeddable":true,"href":"https:\/\/nordicmart.andreevmaster.com\/fi\/wp-json\/wp\/v2\/product_tag?post=36281"}],"curies":[{"name":"wp","href":"https:\/\/api.w.org\/{rel}","templated":true}]}}