{"id":36280,"date":"2026-02-27T00:33:45","date_gmt":"2026-02-27T00:33:45","guid":{"rendered":"https:\/\/nordicmart.andreevmaster.com\/product\/songmics-ergonominen-pyoriva-tuoli-musta-sininen\/"},"modified":"2026-02-27T09:51:38","modified_gmt":"2026-02-27T09:51:38","slug":"songmics-ergonominen-pyoriva-tuoli-musta-sininen","status":"publish","type":"product","link":"https:\/\/nordicmart.andreevmaster.com\/fi\/tuote\/songmics-ergonominen-pyoriva-tuoli-musta-sininen\/","title":{"rendered":"SONGMICS Ergonominen py\u00f6riv\u00e4 tuoli, musta-sininen"},"content":{"rendered":"<p>Tuottavuus kasvaa, mieliala paranee: oikea ryhti tekee ty\u00f6p\u00e4iv\u00e4st\u00e4 miellytt\u00e4v\u00e4mm\u00e4n. L\u00f6yd\u00e4 ihanteellinen asento t\u00e4ll\u00e4 ty\u00f6tuolilla: kehosi rentoutuu, mielesi muuttuu tuottavammaksi ja kahdeksan ty\u00f6tuntia kuluu kuin siivill\u00e4. Miten voit lis\u00e4t\u00e4 tuottavuuttasi t\u00e4ll\u00e4 py\u00f6riv\u00e4ll\u00e4 tuolilla? Mustan ja sinisen v\u00e4riyhdistelm\u00e4 antaa ty\u00f6llesi uutta energiaa. S\u00e4\u00e4d\u00e4 istuimen, k\u00e4sinojien, p\u00e4\u00e4ntuen ja lannerangan tuen korkeuden, jotta l\u00f6yd\u00e4t ihanteellisen istuma-asennon, joka vastaa n\u00e4yt\u00f6n korkeutta. Vaahtomuovipehmusteinen istuin, ergonominen selk\u00e4noja ja pehmustettu lannerangan tuki lis\u00e4\u00e4v\u00e4t ty\u00f6viihtyvyytt\u00e4. PU-istuin, jossa on reiki\u00e4, ja verkkokankaasta valmistettu selk\u00e4noja tekev\u00e4t tuolista hengitt\u00e4v\u00e4n. Oletko v\u00e4h\u00e4n v\u00e4synyt? T\u00e4m\u00e4 tuoli on kallistettava, ja sen p\u00e4\u00e4ntuki ja k\u00e4sinojat ovat s\u00e4\u00e4dett\u00e4v\u00e4t \u2013 n\u00e4iden ominaisuuksien ansiosta voit rentoutua muutaman minuutin ajan ja sitten jatkaa ty\u00f6skentely\u00e4. Tuotetiedot: V\u00e4ri: musta-sininen Materiaali: muovi, vaahtomuovipehmuste, PU, verkkokangas, nailonpy\u00f6r\u00e4t Tuolin koko: 67 x 54 x (115-125) cm (P x L x K) Istuinkorkeus: 45-55 cm Istuimen mitat: 53 x 53 cm (P x L) Selk\u00e4nojan mitat: 48,5 x 75 cm (P x K) K\u00e4sinojien korkeus (istuinpinnasta): 15\u201324 cm K\u00e4sinojien korkeus (lattiasta): 60\u201379 cm Paino: 14,8 kg Maks. staattinen kantavuus: 120 kg Toimitus sis\u00e4lt\u00e4\u00e4: 1 x ty\u00f6tuoli 1 x lis\u00e4varustepaketti 1 x ohjeet (DE, EN, IT, FR, ES) SONGMICS Huomautukset:K\u00e4yt\u00e4 alustaa, jos haluat k\u00e4ytt\u00e4\u00e4 tuolia puulattialla. Kun k\u00e4yt\u00e4t keinutoimintoa, tuolin istuin ja selk\u00e4noja kallistuvat taaksep\u00e4in samanaikaisesti; selk\u00e4nojaa ei voi kallistaa erikseen.<\/p>\n","protected":false},"excerpt":{"rendered":"<p>SONGMICS toimistotuoli, ergonominen py\u00f6riv\u00e4 tuoli, kallistettava, s\u00e4\u00e4dett\u00e4v\u00e4 p\u00e4\u00e4ntuki, k\u00e4sinojat ja pehmustettu lanneratatuki, pelituoli, kantavuus 120 kg, musta-sininen OBN059B01<\/p>\n","protected":false},"featured_media":44583,"comment_status":"open","ping_status":"closed","template":"","meta":[],"product_brand":[],"product_cat":[32],"product_tag":[],"class_list":{"0":"post-36280","1":"product","2":"type-product","3":"status-publish","4":"has-post-thumbnail","6":"product_cat-uncategorized-fi","8":"first","9":"instock","10":"shipping-taxable","11":"purchasable","12":"product-type-simple"},"_links":{"self":[{"href":"https:\/\/nordicmart.andreevmaster.com\/fi\/wp-json\/wp\/v2\/product\/36280","targetHints":{"allow":["GET"]}}],"collection":[{"href":"https:\/\/nordicmart.andreevmaster.com\/fi\/wp-json\/wp\/v2\/product"}],"about":[{"href":"https:\/\/nordicmart.andreevmaster.com\/fi\/wp-json\/wp\/v2\/types\/product"}],"replies":[{"embeddable":true,"href":"https:\/\/nordicmart.andreevmaster.com\/fi\/wp-json\/wp\/v2\/comments?post=36280"}],"wp:featuredmedia":[{"embeddable":true,"href":"https:\/\/nordicmart.andreevmaster.com\/fi\/wp-json\/wp\/v2\/media\/44583"}],"wp:attachment":[{"href":"https:\/\/nordicmart.andreevmaster.com\/fi\/wp-json\/wp\/v2\/media?parent=36280"}],"wp:term":[{"taxonomy":"product_brand","embeddable":true,"href":"https:\/\/nordicmart.andreevmaster.com\/fi\/wp-json\/wp\/v2\/product_brand?post=36280"},{"taxonomy":"product_cat","embeddable":true,"href":"https:\/\/nordicmart.andreevmaster.com\/fi\/wp-json\/wp\/v2\/product_cat?post=36280"},{"taxonomy":"product_tag","embeddable":true,"href":"https:\/\/nordicmart.andreevmaster.com\/fi\/wp-json\/wp\/v2\/product_tag?post=36280"}],"curies":[{"name":"wp","href":"https:\/\/api.w.org\/{rel}","templated":true}]}}