{"id":36277,"date":"2026-02-27T00:33:44","date_gmt":"2026-02-27T00:33:44","guid":{"rendered":"https:\/\/nordicmart.andreevmaster.com\/product\/songmics-tyotuoli-verkkokankaalla\/"},"modified":"2026-02-27T09:51:38","modified_gmt":"2026-02-27T09:51:38","slug":"songmics-tyotuoli-verkkokankaalla","status":"publish","type":"product","link":"https:\/\/nordicmart.andreevmaster.com\/fi\/tuote\/songmics-tyotuoli-verkkokankaalla\/","title":{"rendered":"SONGMICS-ty\u00f6tuoli verkkokankaalla"},"content":{"rendered":"<p>Parempi tuottavuus, parempi mieliala: V\u00e4\u00e4r\u00e4 ryhti tekee jo muutenkin raskaista ty\u00f6p\u00e4ivist\u00e4 viel\u00e4kin ep\u00e4miellytt\u00e4v\u00e4mpi\u00e4. L\u00f6yd\u00e4 ihanteellinen asento t\u00e4ll\u00e4 ty\u00f6tuolilla: kehosi rentoutuu, mielesi muuttuu tuottavammaksi ja 8 ty\u00f6tuntia kuluu kuin siivill\u00e4. T\u00e4m\u00e4n ty\u00f6tuolin edut: S\u00e4\u00e4d\u00e4 tuolin korkeutta l\u00f6yt\u00e4\u00e4ksesi ihanteellisen istuma-asennon, joka vastaa n\u00e4yt\u00f6n korkeutta.Ergonomisen selk\u00e4nojan ansiosta voit ty\u00f6skennell\u00e4 aina selk\u00e4 suorana. Rentouta k\u00e4sivartesi mukavilla, PU-p\u00e4\u00e4llysteisill\u00e4 k\u00e4sinojilla. Rentouta niskaasi ja hartioitasi korkean selk\u00e4nojan ja p\u00e4\u00e4ntuen ansiosta. Kallistustoiminnon ja ulosvedett\u00e4v\u00e4n pehmustetun jalkatuen ansiosta voit rentoutua muutaman minuutin ajan ja sitten jatkaa ty\u00f6t\u00e4si! Tuotetiedot:V\u00e4ri: musta-tummanharmaa Materiaali: ter\u00e4s, vaahtomuovipehmuste, kangaspinta, nailonpy\u00f6r\u00e4t Tuolin koko: 65 x 70 x (117-125) cm (P x L x K) Istuimen korkeus (lattiasta): 46\u201354 cm Istuimen mitat: 53 x 50 cm (P x L) Selk\u00e4nojan mitat: 50 x 71 cm (P x K) K\u00e4sinojien korkeus (istuinpinnasta): 20 cm Paino: 18,5 kg Maks. staattinen kantavuus: 120 kgToimitus sis\u00e4lt\u00e4\u00e4:1 x verkkop\u00e4\u00e4llysteinen ty\u00f6tuoli1 x lis\u00e4varustepaketti1 x k\u00e4ytt\u00f6ohje (DE, EN, IT, FR, ES)SONGMICS-huomautukset:\u00c4l\u00e4 altista tuotetta suoralle auringonvalolle pitk\u00e4ksi aikaa.Pid\u00e4 tuote poissa ter\u00e4vien ja ter\u00e4vien esineiden l\u00e4heisyydest\u00e4, jotta sen pinta ei vahingoitu.<\/p>\n","protected":false},"excerpt":{"rendered":"<p>SONGMICS toimistotuoli, ty\u00f6tuoli verkkokankaalla, ergonominen tietokonetuoli p\u00e4\u00e4- ja jalkatuella, selk\u00e4noja kallistuu 135\u00b0, kantavuus 120 kg, musta-tummanharmaa OBN056B01<\/p>\n","protected":false},"featured_media":44580,"comment_status":"open","ping_status":"closed","template":"","meta":[],"product_brand":[],"product_cat":[32],"product_tag":[],"class_list":{"0":"post-36277","1":"product","2":"type-product","3":"status-publish","4":"has-post-thumbnail","6":"product_cat-uncategorized-fi","8":"first","9":"instock","10":"shipping-taxable","11":"purchasable","12":"product-type-simple"},"_links":{"self":[{"href":"https:\/\/nordicmart.andreevmaster.com\/fi\/wp-json\/wp\/v2\/product\/36277","targetHints":{"allow":["GET"]}}],"collection":[{"href":"https:\/\/nordicmart.andreevmaster.com\/fi\/wp-json\/wp\/v2\/product"}],"about":[{"href":"https:\/\/nordicmart.andreevmaster.com\/fi\/wp-json\/wp\/v2\/types\/product"}],"replies":[{"embeddable":true,"href":"https:\/\/nordicmart.andreevmaster.com\/fi\/wp-json\/wp\/v2\/comments?post=36277"}],"wp:featuredmedia":[{"embeddable":true,"href":"https:\/\/nordicmart.andreevmaster.com\/fi\/wp-json\/wp\/v2\/media\/44580"}],"wp:attachment":[{"href":"https:\/\/nordicmart.andreevmaster.com\/fi\/wp-json\/wp\/v2\/media?parent=36277"}],"wp:term":[{"taxonomy":"product_brand","embeddable":true,"href":"https:\/\/nordicmart.andreevmaster.com\/fi\/wp-json\/wp\/v2\/product_brand?post=36277"},{"taxonomy":"product_cat","embeddable":true,"href":"https:\/\/nordicmart.andreevmaster.com\/fi\/wp-json\/wp\/v2\/product_cat?post=36277"},{"taxonomy":"product_tag","embeddable":true,"href":"https:\/\/nordicmart.andreevmaster.com\/fi\/wp-json\/wp\/v2\/product_tag?post=36277"}],"curies":[{"name":"wp","href":"https:\/\/api.w.org\/{rel}","templated":true}]}}