{"id":36269,"date":"2026-02-27T00:33:42","date_gmt":"2026-02-27T00:33:42","guid":{"rendered":"https:\/\/nordicmart.andreevmaster.com\/product\/songmics-tyotuoli-lannerangan-tuella-ja-saadettavalla-paantuella-kyyhkynharmaa\/"},"modified":"2026-02-27T09:51:36","modified_gmt":"2026-02-27T09:51:36","slug":"songmics-tyotuoli-lannerangan-tuella-ja-saadettavalla-paantuella-kyyhkynharmaa","status":"publish","type":"product","link":"https:\/\/nordicmart.andreevmaster.com\/fi\/tuote\/songmics-tyotuoli-lannerangan-tuella-ja-saadettavalla-paantuella-kyyhkynharmaa\/","title":{"rendered":"SONGMICS-ty\u00f6tuoli lannerangan tuella ja s\u00e4\u00e4dett\u00e4v\u00e4ll\u00e4 p\u00e4\u00e4ntuella, kyyhkynharmaa"},"content":{"rendered":"<p>SONGMICS-ty\u00f6tuoli, ty\u00f6p\u00f6yt\u00e4tuoli, ergonominen, taitettavat k\u00e4sinojat, korkea selk\u00e4noja, verkkotuoli lannerangan tuella ja s\u00e4\u00e4dett\u00e4v\u00e4ll\u00e4 niskatuella, keinutoiminto<br \/>\nV\u00e4ri: kyyhkynharmaa<br \/>\nMateriaali: ter\u00e4s, polyesteri, vaahtomuovipehmuste, nailon<br \/>\nKoko: 62 x 64 x (114-122) cm (S x L x K)<br \/>\nIstuimen korkeus: 44\u201352 cm<br \/>\nIstuimen koko: 50 x 49 cm (S x L)<br \/>\nK\u00e4sinojien korkeus (istuinpinnasta): 22 cm<br \/>\nPaino: 13,2 kg<br \/>\nMaks. staattinen kantavuus: 150 kg<\/p>\n","protected":false},"excerpt":{"rendered":"<p>SONGMICS-ty\u00f6tuoli, ty\u00f6p\u00f6yt\u00e4tuoli, ergonominen, taitettavat k\u00e4sinojat, korkea selk\u00e4noja, verkkotuoli lannerangan tuella ja s\u00e4\u00e4dett\u00e4v\u00e4ll\u00e4 niskatuella, keinutoiminto<\/p>\n","protected":false},"featured_media":44572,"comment_status":"open","ping_status":"closed","template":"","meta":[],"product_brand":[],"product_cat":[32],"product_tag":[],"class_list":{"0":"post-36269","1":"product","2":"type-product","3":"status-publish","4":"has-post-thumbnail","6":"product_cat-uncategorized-fi","8":"first","9":"instock","10":"shipping-taxable","11":"purchasable","12":"product-type-simple"},"_links":{"self":[{"href":"https:\/\/nordicmart.andreevmaster.com\/fi\/wp-json\/wp\/v2\/product\/36269","targetHints":{"allow":["GET"]}}],"collection":[{"href":"https:\/\/nordicmart.andreevmaster.com\/fi\/wp-json\/wp\/v2\/product"}],"about":[{"href":"https:\/\/nordicmart.andreevmaster.com\/fi\/wp-json\/wp\/v2\/types\/product"}],"replies":[{"embeddable":true,"href":"https:\/\/nordicmart.andreevmaster.com\/fi\/wp-json\/wp\/v2\/comments?post=36269"}],"wp:featuredmedia":[{"embeddable":true,"href":"https:\/\/nordicmart.andreevmaster.com\/fi\/wp-json\/wp\/v2\/media\/44572"}],"wp:attachment":[{"href":"https:\/\/nordicmart.andreevmaster.com\/fi\/wp-json\/wp\/v2\/media?parent=36269"}],"wp:term":[{"taxonomy":"product_brand","embeddable":true,"href":"https:\/\/nordicmart.andreevmaster.com\/fi\/wp-json\/wp\/v2\/product_brand?post=36269"},{"taxonomy":"product_cat","embeddable":true,"href":"https:\/\/nordicmart.andreevmaster.com\/fi\/wp-json\/wp\/v2\/product_cat?post=36269"},{"taxonomy":"product_tag","embeddable":true,"href":"https:\/\/nordicmart.andreevmaster.com\/fi\/wp-json\/wp\/v2\/product_tag?post=36269"}],"curies":[{"name":"wp","href":"https:\/\/api.w.org\/{rel}","templated":true}]}}