{"id":36263,"date":"2026-02-27T00:33:40","date_gmt":"2026-02-27T00:33:40","guid":{"rendered":"https:\/\/nordicmart.andreevmaster.com\/product\/songmics-ergonominen-toimistotuoli-verkkokangas-istuin-53-cm-vaaleanharmaa\/"},"modified":"2026-02-27T09:51:35","modified_gmt":"2026-02-27T09:51:35","slug":"songmics-ergonominen-toimistotuoli-verkkokangas-istuin-53-cm-vaaleanharmaa","status":"publish","type":"product","link":"https:\/\/nordicmart.andreevmaster.com\/fi\/tuote\/songmics-ergonominen-toimistotuoli-verkkokangas-istuin-53-cm-vaaleanharmaa\/","title":{"rendered":"SONGMICS ergonominen toimistotuoli, verkkokangas, istuin 53 cm, vaaleanharmaa"},"content":{"rendered":"<p>SONGMICS toimistotuoli, ty\u00f6tuoli, py\u00f6riv\u00e4 tuoli verkkokankaalla, ergonominen, pehmustettu lanneratatuki, keinutoiminto, 53 cm:n istuin, taitettavat k\u00e4sinojat<\/p>\n","protected":false},"excerpt":{"rendered":"<p>SONGMICS toimistotuoli, ty\u00f6tuoli, py\u00f6riv\u00e4 tuoli verkkokankaalla, ergonominen, pehmustettu lanneratatuki, keinutoiminto, 53 cm:n istuin, taitettavat k\u00e4sinojat<\/p>\n","protected":false},"featured_media":44566,"comment_status":"open","ping_status":"closed","template":"","meta":[],"product_brand":[],"product_cat":[32],"product_tag":[],"class_list":{"0":"post-36263","1":"product","2":"type-product","3":"status-publish","4":"has-post-thumbnail","6":"product_cat-uncategorized-fi","8":"first","9":"instock","10":"shipping-taxable","11":"purchasable","12":"product-type-simple"},"_links":{"self":[{"href":"https:\/\/nordicmart.andreevmaster.com\/fi\/wp-json\/wp\/v2\/product\/36263","targetHints":{"allow":["GET"]}}],"collection":[{"href":"https:\/\/nordicmart.andreevmaster.com\/fi\/wp-json\/wp\/v2\/product"}],"about":[{"href":"https:\/\/nordicmart.andreevmaster.com\/fi\/wp-json\/wp\/v2\/types\/product"}],"replies":[{"embeddable":true,"href":"https:\/\/nordicmart.andreevmaster.com\/fi\/wp-json\/wp\/v2\/comments?post=36263"}],"wp:featuredmedia":[{"embeddable":true,"href":"https:\/\/nordicmart.andreevmaster.com\/fi\/wp-json\/wp\/v2\/media\/44566"}],"wp:attachment":[{"href":"https:\/\/nordicmart.andreevmaster.com\/fi\/wp-json\/wp\/v2\/media?parent=36263"}],"wp:term":[{"taxonomy":"product_brand","embeddable":true,"href":"https:\/\/nordicmart.andreevmaster.com\/fi\/wp-json\/wp\/v2\/product_brand?post=36263"},{"taxonomy":"product_cat","embeddable":true,"href":"https:\/\/nordicmart.andreevmaster.com\/fi\/wp-json\/wp\/v2\/product_cat?post=36263"},{"taxonomy":"product_tag","embeddable":true,"href":"https:\/\/nordicmart.andreevmaster.com\/fi\/wp-json\/wp\/v2\/product_tag?post=36263"}],"curies":[{"name":"wp","href":"https:\/\/api.w.org\/{rel}","templated":true}]}}