{"id":36262,"date":"2026-02-27T00:33:40","date_gmt":"2026-02-27T00:33:40","guid":{"rendered":"https:\/\/nordicmart.andreevmaster.com\/product\/songmics-ergonominen-toimistotuoli-keinutoiminto-kasinojat-kyyhkynharmaa\/"},"modified":"2026-02-27T09:51:35","modified_gmt":"2026-02-27T09:51:35","slug":"songmics-ergonominen-toimistotuoli-keinutoiminto-kasinojat-kyyhkynharmaa","status":"publish","type":"product","link":"https:\/\/nordicmart.andreevmaster.com\/fi\/tuote\/songmics-ergonominen-toimistotuoli-keinutoiminto-kasinojat-kyyhkynharmaa\/","title":{"rendered":"SONGMICS ergonominen toimistotuoli keinutoiminto k\u00e4sinojat kyyhkynharmaa"},"content":{"rendered":"<p>SONGMICS toimistotuoli, ty\u00f6tuoli, py\u00f6riv\u00e4 tuoli verkkokankaalla, ergonominen, pehmustettu lanneratatuki, keinutoiminto, 53 cm:n istuin, taitettavat k\u00e4sinojat<br \/>\nV\u00e4ri: kyyhkynharmaa<br \/>\nMateriaali: muovi, vaahtomuovi, nailon, ter\u00e4s<br \/>\nKoko<br \/>\nKoko yhteens\u00e4: 64 x 64 x (99-107) cm (S x L x K)<br \/>\nIstuimen korkeus (lattiasta): 46\u201354 cm<br \/>\nIstuimen koko: 53 x 53 cm (S x L)<br \/>\nSelk\u00e4nojan koko: 51 x 53 cm (L x K)<br \/>\nK\u00e4sinojien korkeus (istuinpinnasta): 22 cm<br \/>\nPaino: 11 kg<br \/>\nMaks. staattinen kantavuus: 120 kg<\/p>\n","protected":false},"excerpt":{"rendered":"<p>SONGMICS toimistotuoli, ty\u00f6tuoli, py\u00f6riv\u00e4 tuoli verkkokankaalla, ergonominen, pehmustettu lanneratatuki, keinutoiminto, 53 cm:n istuin, taitettavat k\u00e4sinojat<\/p>\n","protected":false},"featured_media":44565,"comment_status":"open","ping_status":"closed","template":"","meta":[],"product_brand":[],"product_cat":[32],"product_tag":[],"class_list":{"0":"post-36262","1":"product","2":"type-product","3":"status-publish","4":"has-post-thumbnail","6":"product_cat-uncategorized-fi","8":"first","9":"instock","10":"shipping-taxable","11":"purchasable","12":"product-type-simple"},"_links":{"self":[{"href":"https:\/\/nordicmart.andreevmaster.com\/fi\/wp-json\/wp\/v2\/product\/36262","targetHints":{"allow":["GET"]}}],"collection":[{"href":"https:\/\/nordicmart.andreevmaster.com\/fi\/wp-json\/wp\/v2\/product"}],"about":[{"href":"https:\/\/nordicmart.andreevmaster.com\/fi\/wp-json\/wp\/v2\/types\/product"}],"replies":[{"embeddable":true,"href":"https:\/\/nordicmart.andreevmaster.com\/fi\/wp-json\/wp\/v2\/comments?post=36262"}],"wp:featuredmedia":[{"embeddable":true,"href":"https:\/\/nordicmart.andreevmaster.com\/fi\/wp-json\/wp\/v2\/media\/44565"}],"wp:attachment":[{"href":"https:\/\/nordicmart.andreevmaster.com\/fi\/wp-json\/wp\/v2\/media?parent=36262"}],"wp:term":[{"taxonomy":"product_brand","embeddable":true,"href":"https:\/\/nordicmart.andreevmaster.com\/fi\/wp-json\/wp\/v2\/product_brand?post=36262"},{"taxonomy":"product_cat","embeddable":true,"href":"https:\/\/nordicmart.andreevmaster.com\/fi\/wp-json\/wp\/v2\/product_cat?post=36262"},{"taxonomy":"product_tag","embeddable":true,"href":"https:\/\/nordicmart.andreevmaster.com\/fi\/wp-json\/wp\/v2\/product_tag?post=36262"}],"curies":[{"name":"wp","href":"https:\/\/api.w.org\/{rel}","templated":true}]}}