{"id":36260,"date":"2026-02-27T00:33:40","date_gmt":"2026-02-27T00:33:40","guid":{"rendered":"https:\/\/nordicmart.andreevmaster.com\/product\/songmics-toimistotuoli-pehmustettu-korkeussaadettava-ja-kallistettava-cappuccinobeige\/"},"modified":"2026-02-27T09:51:34","modified_gmt":"2026-02-27T09:51:34","slug":"songmics-toimistotuoli-pehmustettu-korkeussaadettava-ja-kallistettava-cappuccinobeige","status":"publish","type":"product","link":"https:\/\/nordicmart.andreevmaster.com\/fi\/tuote\/songmics-toimistotuoli-pehmustettu-korkeussaadettava-ja-kallistettava-cappuccinobeige\/","title":{"rendered":"SONGMICS toimistotuoli, pehmustettu, korkeuss\u00e4\u00e4dett\u00e4v\u00e4 ja kallistettava, cappuccinobeige"},"content":{"rendered":"<p>SONGMICS-ty\u00f6tuoli, ergonominen ty\u00f6tuoli, py\u00f6riv\u00e4 tuoli, pehmustettu istuin, kangasverhoilu, korkeuss\u00e4\u00e4dett\u00e4v\u00e4 ja kallistettava, kantavuus 120 kg, musta OBN034B01<br \/>\nV\u00e4ri: cappuccinobeige<br \/>\nMateriaali: ter\u00e4s, vaahtomuovipehmuste, polyesteri, nailonpy\u00f6r\u00e4t<br \/>\nTuolin koko: 64 x 64 x (110-120) cm (S x L x K)<br \/>\nIstuimen korkeus: 46,5\u201356,5 cm<br \/>\nIstuimen koko: 44 x 49 cm (S x L)<br \/>\nSelk\u00e4nojan koko: 46 x 65 cm (L x K)<br \/>\nK\u00e4sinojien korkeus (istuinpinnasta): 21 cm<br \/>\nPaino: 11 kg<br \/>\nMaks. staattinen kantavuus: 120 kg<\/p>\n","protected":false},"excerpt":{"rendered":"<p>SONGMICS-ty\u00f6tuoli, ergonominen ty\u00f6tuoli, py\u00f6riv\u00e4 tuoli, pehmustettu istuin, kangasverhoilu, korkeuss\u00e4\u00e4dett\u00e4v\u00e4 ja kallistettava, kantavuus 120 kg, musta OBN034B01<\/p>\n","protected":false},"featured_media":44563,"comment_status":"open","ping_status":"closed","template":"","meta":[],"product_brand":[],"product_cat":[32],"product_tag":[],"class_list":{"0":"post-36260","1":"product","2":"type-product","3":"status-publish","4":"has-post-thumbnail","6":"product_cat-uncategorized-fi","8":"first","9":"instock","10":"shipping-taxable","11":"purchasable","12":"product-type-simple"},"_links":{"self":[{"href":"https:\/\/nordicmart.andreevmaster.com\/fi\/wp-json\/wp\/v2\/product\/36260","targetHints":{"allow":["GET"]}}],"collection":[{"href":"https:\/\/nordicmart.andreevmaster.com\/fi\/wp-json\/wp\/v2\/product"}],"about":[{"href":"https:\/\/nordicmart.andreevmaster.com\/fi\/wp-json\/wp\/v2\/types\/product"}],"replies":[{"embeddable":true,"href":"https:\/\/nordicmart.andreevmaster.com\/fi\/wp-json\/wp\/v2\/comments?post=36260"}],"wp:featuredmedia":[{"embeddable":true,"href":"https:\/\/nordicmart.andreevmaster.com\/fi\/wp-json\/wp\/v2\/media\/44563"}],"wp:attachment":[{"href":"https:\/\/nordicmart.andreevmaster.com\/fi\/wp-json\/wp\/v2\/media?parent=36260"}],"wp:term":[{"taxonomy":"product_brand","embeddable":true,"href":"https:\/\/nordicmart.andreevmaster.com\/fi\/wp-json\/wp\/v2\/product_brand?post=36260"},{"taxonomy":"product_cat","embeddable":true,"href":"https:\/\/nordicmart.andreevmaster.com\/fi\/wp-json\/wp\/v2\/product_cat?post=36260"},{"taxonomy":"product_tag","embeddable":true,"href":"https:\/\/nordicmart.andreevmaster.com\/fi\/wp-json\/wp\/v2\/product_tag?post=36260"}],"curies":[{"name":"wp","href":"https:\/\/api.w.org\/{rel}","templated":true}]}}