{"id":36259,"date":"2026-02-27T00:33:39","date_gmt":"2026-02-27T00:33:39","guid":{"rendered":"https:\/\/nordicmart.andreevmaster.com\/product\/songmics-toimistotuoli-2-kpl-ergonominen-toimistotuoli\/"},"modified":"2026-02-27T09:51:34","modified_gmt":"2026-02-27T09:51:34","slug":"songmics-toimistotuoli-2-kpl-ergonominen-toimistotuoli","status":"publish","type":"product","link":"https:\/\/nordicmart.andreevmaster.com\/fi\/tuote\/songmics-toimistotuoli-2-kpl-ergonominen-toimistotuoli\/","title":{"rendered":"SONGMICS toimistotuoli, 2 kpl, ergonominen toimistotuoli"},"content":{"rendered":"<p>Tuotetiedot:<\/p>\n<p>V\u00e4ri: harmaa<br \/>\nMateriaali: ter\u00e4s, vaahtomuovipehmuste, polyesteri, nailonpy\u00f6r\u00e4t<br \/>\nKoko per tuoli: 64 x 64 x (110-120) cm (S x L x K)<br \/>\nIstuinkorkeus: 46,5\u201356,5 cm<br \/>\nIstuimen koko: 44 x 49 cm (S x L)<br \/>\nSelk\u00e4nojan koko: 46 x 65 cm (L x K)<br \/>\nK\u00e4sinojien korkeus (istuinpinnasta): 21 cm<br \/>\nPaino per tuoli: 11 kg<br \/>\nTuolin maks. staattinen kantavuus: 120 kg<br \/>\nToimitus sis\u00e4lt\u00e4\u00e4:<\/p>\n<p>2 x ty\u00f6tuoli<br \/>\n2 x lis\u00e4varustepaketti<br \/>\n2 x k\u00e4ytt\u00f6ohje<br \/>\nSONGMICS-huomautukset:<\/p>\n<p>\u00c4l\u00e4 altista py\u00f6riv\u00e4\u00e4 tuolia suoralle auringonvalolle pitk\u00e4ksi aikaa.<br \/>\nPid\u00e4 ty\u00f6tuoli poissa ter\u00e4vien ja ter\u00e4vien esineiden l\u00e4heisyydest\u00e4, jotta sen pinta ei vahingoitu.<\/p>\n","protected":false},"excerpt":{"rendered":"<p>Tuotetiedot: V\u00e4ri: harmaa Materiaali: ter\u00e4s, vaahtomuovipehmuste, polyesteri, nailonpy\u00f6r\u00e4t Koko per tuoli: 64 x 64 x (110-120) cm (S x L x K) Istuinkorkeus: 46,5\u201356,5 cm Istuimen koko: 44 x 49 cm (S x L) Selk\u00e4nojan koko: 46 x 65 cm (L x K) K\u00e4sinojien korkeus (istuinpinnasta): 21 cm Paino per tuoli: 11 kg Tuolin maks. [&hellip;]<\/p>\n","protected":false},"featured_media":44562,"comment_status":"open","ping_status":"closed","template":"","meta":[],"product_brand":[],"product_cat":[32],"product_tag":[],"class_list":{"0":"post-36259","1":"product","2":"type-product","3":"status-publish","4":"has-post-thumbnail","6":"product_cat-uncategorized-fi","8":"first","9":"instock","10":"shipping-taxable","11":"purchasable","12":"product-type-simple"},"_links":{"self":[{"href":"https:\/\/nordicmart.andreevmaster.com\/fi\/wp-json\/wp\/v2\/product\/36259","targetHints":{"allow":["GET"]}}],"collection":[{"href":"https:\/\/nordicmart.andreevmaster.com\/fi\/wp-json\/wp\/v2\/product"}],"about":[{"href":"https:\/\/nordicmart.andreevmaster.com\/fi\/wp-json\/wp\/v2\/types\/product"}],"replies":[{"embeddable":true,"href":"https:\/\/nordicmart.andreevmaster.com\/fi\/wp-json\/wp\/v2\/comments?post=36259"}],"wp:featuredmedia":[{"embeddable":true,"href":"https:\/\/nordicmart.andreevmaster.com\/fi\/wp-json\/wp\/v2\/media\/44562"}],"wp:attachment":[{"href":"https:\/\/nordicmart.andreevmaster.com\/fi\/wp-json\/wp\/v2\/media?parent=36259"}],"wp:term":[{"taxonomy":"product_brand","embeddable":true,"href":"https:\/\/nordicmart.andreevmaster.com\/fi\/wp-json\/wp\/v2\/product_brand?post=36259"},{"taxonomy":"product_cat","embeddable":true,"href":"https:\/\/nordicmart.andreevmaster.com\/fi\/wp-json\/wp\/v2\/product_cat?post=36259"},{"taxonomy":"product_tag","embeddable":true,"href":"https:\/\/nordicmart.andreevmaster.com\/fi\/wp-json\/wp\/v2\/product_tag?post=36259"}],"curies":[{"name":"wp","href":"https:\/\/api.w.org\/{rel}","templated":true}]}}