{"id":36255,"date":"2026-02-27T00:33:38","date_gmt":"2026-02-27T00:33:38","guid":{"rendered":"https:\/\/nordicmart.andreevmaster.com\/product\/songmics-toimistotuoli-harmaa\/"},"modified":"2026-02-27T09:51:33","modified_gmt":"2026-02-27T09:51:33","slug":"songmics-toimistotuoli-harmaa","status":"publish","type":"product","link":"https:\/\/nordicmart.andreevmaster.com\/fi\/tuote\/songmics-toimistotuoli-harmaa\/","title":{"rendered":"SONGMICS toimistotuoli, harmaa"},"content":{"rendered":"<p>Ei vain toimistoihin sopiva: t\u00e4m\u00e4 verkkotuoli tarjoaa mukavan istuimen my\u00f6s ty\u00f6huoneessa, pelatessa tai lukiessa ikkunan \u00e4\u00e4ress\u00e4. Monipuoliset toiminnot: ved\u00e4 tuolin alla olevaa vipua ulosp\u00e4in aktivoidaksesi keinutoiminnon. N\u00e4in selk\u00e4noja ja istuin voidaan kallistaa taaksep\u00e4in jopa 15 astetta. Kallistustoiminnon vastusta voidaan my\u00f6s s\u00e4\u00e4t\u00e4\u00e4. K\u00e4yt\u00e4 t\u00e4t\u00e4 varten istuimen alla olevaa kiertokytkint\u00e4. Tuotetiedot: V\u00e4ri: harmaa Materiaali: polyesteri, PP-muovi, vaahtomuovi, nailon, ter\u00e4s Kokonaismitat: 52 x 58,5 x (89-97) cm (P x L x K) Istuinkorkeus: 42-50 cm Istuimen mitat: 50,5 x 48 cm (P x L) Selk\u00e4nojan mitat: 47 x 50 cm (L x K) K\u00e4sinojien korkeus istuimesta: 17 cm Paino: 8,5 kg Maks. staattinen kantavuus: 120 kg Toimitus sis\u00e4lt\u00e4\u00e4: 1 x ty\u00f6tuoli 1 x lis\u00e4varustepaketti 1 x ohjeet<\/p>\n","protected":false},"excerpt":{"rendered":"<p>SONGMICS toimistotuoli, ty\u00f6tuoli, k\u00e4\u00e4ntyv\u00e4, korkeuss\u00e4\u00e4dett\u00e4v\u00e4 tietokonetuoli verkkokankaalla, keinutoiminto, toimistoon, ty\u00f6huoneeseen, harmaa OBN031G01<\/p>\n","protected":false},"featured_media":44559,"comment_status":"open","ping_status":"closed","template":"","meta":[],"product_brand":[],"product_cat":[32],"product_tag":[],"class_list":{"0":"post-36255","1":"product","2":"type-product","3":"status-publish","4":"has-post-thumbnail","6":"product_cat-uncategorized-fi","8":"first","9":"instock","10":"shipping-taxable","11":"purchasable","12":"product-type-simple"},"_links":{"self":[{"href":"https:\/\/nordicmart.andreevmaster.com\/fi\/wp-json\/wp\/v2\/product\/36255","targetHints":{"allow":["GET"]}}],"collection":[{"href":"https:\/\/nordicmart.andreevmaster.com\/fi\/wp-json\/wp\/v2\/product"}],"about":[{"href":"https:\/\/nordicmart.andreevmaster.com\/fi\/wp-json\/wp\/v2\/types\/product"}],"replies":[{"embeddable":true,"href":"https:\/\/nordicmart.andreevmaster.com\/fi\/wp-json\/wp\/v2\/comments?post=36255"}],"wp:featuredmedia":[{"embeddable":true,"href":"https:\/\/nordicmart.andreevmaster.com\/fi\/wp-json\/wp\/v2\/media\/44559"}],"wp:attachment":[{"href":"https:\/\/nordicmart.andreevmaster.com\/fi\/wp-json\/wp\/v2\/media?parent=36255"}],"wp:term":[{"taxonomy":"product_brand","embeddable":true,"href":"https:\/\/nordicmart.andreevmaster.com\/fi\/wp-json\/wp\/v2\/product_brand?post=36255"},{"taxonomy":"product_cat","embeddable":true,"href":"https:\/\/nordicmart.andreevmaster.com\/fi\/wp-json\/wp\/v2\/product_cat?post=36255"},{"taxonomy":"product_tag","embeddable":true,"href":"https:\/\/nordicmart.andreevmaster.com\/fi\/wp-json\/wp\/v2\/product_tag?post=36255"}],"curies":[{"name":"wp","href":"https:\/\/api.w.org\/{rel}","templated":true}]}}