{"id":36253,"date":"2026-02-27T00:33:38","date_gmt":"2026-02-27T00:33:38","guid":{"rendered":"https:\/\/nordicmart.andreevmaster.com\/product\/songmics-ergonominen-pyoriva-tuoli-musta\/"},"modified":"2026-02-27T09:51:33","modified_gmt":"2026-02-27T09:51:33","slug":"songmics-ergonominen-pyoriva-tuoli-musta","status":"publish","type":"product","link":"https:\/\/nordicmart.andreevmaster.com\/fi\/tuote\/songmics-ergonominen-pyoriva-tuoli-musta\/","title":{"rendered":"SONGMICS Ergonominen py\u00f6riv\u00e4 tuoli, musta"},"content":{"rendered":"<p>Tuotetiedot: V\u00e4ri: Musta Materiaali: Jalkarengas: Nailon Selk\u00e4noja: Kartonki, vaahtomuovi, PU Istuin: Kartonki, vaahtomuovi, PU Py\u00f6r\u00e4t: Nailon Automaattinen palautus sylinteri: Ter\u00e4s Koko: Kokonaiskorkeus: 92-105 cm Istuinkorkeus: 57\u201370 cm Istuimen leveys: 46 cm Istuimen syvyys: 42 cm Selk\u00e4nojan korkeus: 28 cm Selk\u00e4nojan leveys: 43 cm Jalkaristikon halkaisija: 64 cm Jalkatuen halkaisija: 45 cm Py\u00f6rien halkaisija: 50 mm Akselin halkaisija: 11 mm Paino: 11,3 kg Maks. staattinen kantavuus: 120 kg Toimitus sis\u00e4lt\u00e4\u00e4: 1 x ty\u00f6tuoli 1 x kuusiokoloavain 1 x lis\u00e4varustepaketti 1 x ohjeet (DE, EN, IT, FR, ES) SONGMICS Huomautukset: Asennuksen yhteydess\u00e4 varmista, ett\u00e4 istuinmekanismin levyll\u00e4 oleva merkint\u00e4 \u201dFRONT\u201d osoittaa eteenp\u00e4in.K\u00e4yt\u00e4 alustaa, jos haluat k\u00e4ytt\u00e4\u00e4 tuolia puulattialla.<\/p>\n","protected":false},"excerpt":{"rendered":"<p>SONGMICS ty\u00f6tuoli, toimistotuoli ilman k\u00e4sinojia, ergonominen py\u00f6riv\u00e4 tuoli, s\u00e4\u00e4dett\u00e4v\u00e4 jalkatuki, 360\u00b0 py\u00f6riv\u00e4 tuoli, kantavuus 120 kg, musta OBN027B01<\/p>\n","protected":false},"featured_media":44557,"comment_status":"open","ping_status":"closed","template":"","meta":[],"product_brand":[],"product_cat":[32],"product_tag":[],"class_list":{"0":"post-36253","1":"product","2":"type-product","3":"status-publish","4":"has-post-thumbnail","6":"product_cat-uncategorized-fi","8":"first","9":"instock","10":"shipping-taxable","11":"purchasable","12":"product-type-simple"},"_links":{"self":[{"href":"https:\/\/nordicmart.andreevmaster.com\/fi\/wp-json\/wp\/v2\/product\/36253","targetHints":{"allow":["GET"]}}],"collection":[{"href":"https:\/\/nordicmart.andreevmaster.com\/fi\/wp-json\/wp\/v2\/product"}],"about":[{"href":"https:\/\/nordicmart.andreevmaster.com\/fi\/wp-json\/wp\/v2\/types\/product"}],"replies":[{"embeddable":true,"href":"https:\/\/nordicmart.andreevmaster.com\/fi\/wp-json\/wp\/v2\/comments?post=36253"}],"wp:featuredmedia":[{"embeddable":true,"href":"https:\/\/nordicmart.andreevmaster.com\/fi\/wp-json\/wp\/v2\/media\/44557"}],"wp:attachment":[{"href":"https:\/\/nordicmart.andreevmaster.com\/fi\/wp-json\/wp\/v2\/media?parent=36253"}],"wp:term":[{"taxonomy":"product_brand","embeddable":true,"href":"https:\/\/nordicmart.andreevmaster.com\/fi\/wp-json\/wp\/v2\/product_brand?post=36253"},{"taxonomy":"product_cat","embeddable":true,"href":"https:\/\/nordicmart.andreevmaster.com\/fi\/wp-json\/wp\/v2\/product_cat?post=36253"},{"taxonomy":"product_tag","embeddable":true,"href":"https:\/\/nordicmart.andreevmaster.com\/fi\/wp-json\/wp\/v2\/product_tag?post=36253"}],"curies":[{"name":"wp","href":"https:\/\/api.w.org\/{rel}","templated":true}]}}