{"id":36252,"date":"2026-02-27T00:33:37","date_gmt":"2026-02-27T00:33:37","guid":{"rendered":"https:\/\/nordicmart.andreevmaster.com\/product\/songmics-ergonominen-tyojakkara-musta\/"},"modified":"2026-02-27T09:51:33","modified_gmt":"2026-02-27T09:51:33","slug":"songmics-ergonominen-tyojakkara-musta","status":"publish","type":"product","link":"https:\/\/nordicmart.andreevmaster.com\/fi\/tuote\/songmics-ergonominen-tyojakkara-musta\/","title":{"rendered":"SONGMICS Ergonominen ty\u00f6jakkara, musta"},"content":{"rendered":"<p>Tuotetiedot: V\u00e4ri: musta Materiaali: verkkokangas, muovi, vaahtomuovi, ter\u00e4s Kokonaismitat: 66 x 60 x (111-131) cm (P x L x K) Istuinkorkeus: 60-80 cm Istuimen mitat: 53 x 53 cm (P x L) Selk\u00e4nojan mitat: 51 x 51 cm (P x L)K\u00e4sinojan korkeus (istuinpinnasta): 21 cmK\u00e4sinojan korkeus (lattiasta): 80\u2013100 cm Paino: 13,5 kg Maks. staattinen kantavuus: 130 kg Toimitus sis\u00e4lt\u00e4\u00e4: 1 x ty\u00f6tuoli 1 x kuusiokoloavain 1 x lis\u00e4varustepaketti 1 x ohjeet (DE, EN, IT, FR, ES)<\/p>\n","protected":false},"excerpt":{"rendered":"<p>SONGMICS toimistotuoli, ergonominen ty\u00f6tuoli, taitettavat k\u00e4sinojat, verkkop\u00e4\u00e4llyste, s\u00e4\u00e4dett\u00e4v\u00e4 selk\u00e4noja, baariin, seisomap\u00f6yt\u00e4\u00e4n, musta OBN026B01<\/p>\n","protected":false},"featured_media":44556,"comment_status":"open","ping_status":"closed","template":"","meta":[],"product_brand":[],"product_cat":[32],"product_tag":[],"class_list":{"0":"post-36252","1":"product","2":"type-product","3":"status-publish","4":"has-post-thumbnail","6":"product_cat-uncategorized-fi","8":"first","9":"instock","10":"shipping-taxable","11":"purchasable","12":"product-type-simple"},"_links":{"self":[{"href":"https:\/\/nordicmart.andreevmaster.com\/fi\/wp-json\/wp\/v2\/product\/36252","targetHints":{"allow":["GET"]}}],"collection":[{"href":"https:\/\/nordicmart.andreevmaster.com\/fi\/wp-json\/wp\/v2\/product"}],"about":[{"href":"https:\/\/nordicmart.andreevmaster.com\/fi\/wp-json\/wp\/v2\/types\/product"}],"replies":[{"embeddable":true,"href":"https:\/\/nordicmart.andreevmaster.com\/fi\/wp-json\/wp\/v2\/comments?post=36252"}],"wp:featuredmedia":[{"embeddable":true,"href":"https:\/\/nordicmart.andreevmaster.com\/fi\/wp-json\/wp\/v2\/media\/44556"}],"wp:attachment":[{"href":"https:\/\/nordicmart.andreevmaster.com\/fi\/wp-json\/wp\/v2\/media?parent=36252"}],"wp:term":[{"taxonomy":"product_brand","embeddable":true,"href":"https:\/\/nordicmart.andreevmaster.com\/fi\/wp-json\/wp\/v2\/product_brand?post=36252"},{"taxonomy":"product_cat","embeddable":true,"href":"https:\/\/nordicmart.andreevmaster.com\/fi\/wp-json\/wp\/v2\/product_cat?post=36252"},{"taxonomy":"product_tag","embeddable":true,"href":"https:\/\/nordicmart.andreevmaster.com\/fi\/wp-json\/wp\/v2\/product_tag?post=36252"}],"curies":[{"name":"wp","href":"https:\/\/api.w.org\/{rel}","templated":true}]}}