{"id":36251,"date":"2026-02-27T00:33:37","date_gmt":"2026-02-27T00:33:37","guid":{"rendered":"https:\/\/nordicmart.andreevmaster.com\/product\/songmics-kotitoimistotuoli-fleece-meikkituoli-tyotuoli\/"},"modified":"2026-02-27T09:51:32","modified_gmt":"2026-02-27T09:51:32","slug":"songmics-kotitoimistotuoli-fleece-meikkituoli-tyotuoli","status":"publish","type":"product","link":"https:\/\/nordicmart.andreevmaster.com\/fi\/tuote\/songmics-kotitoimistotuoli-fleece-meikkituoli-tyotuoli\/","title":{"rendered":"SONGMICS kotitoimistotuoli, fleece-meikkituoli, ty\u00f6tuoli"},"content":{"rendered":"<p>Kotitoimistotuoli, meikkituoli fleecest\u00e4, ty\u00f6tuoli, vaahtomuovipehmuste, korkeuss\u00e4\u00e4dett\u00e4v\u00e4, cappuccinobeige-pilvinenvalkoinen<br \/>\nTuotetiedot:<br \/>\n&#8211; V\u00e4ri: cappuccinobeige-pilvinen valkoinen<br \/>\n&#8211; Materiaali: ter\u00e4srunko, fleece, nailonpy\u00f6r\u00e4t, 28 kg\/m\u00b3 vaahtomuovipehmuste<br \/>\n&#8211; Koko: 60 x 60 x (80-90) cm (S x L x K)<br \/>\n&#8211; Istuinkorkeus (lattiasta): 47\u201357 cm<br \/>\n&#8211; Istuimen koko: 45 x 42 cm (S x L)<br \/>\n&#8211; Selk\u00e4nojan korkeus: 37 cm<br \/>\n&#8211; Tyynyn kokonaispaksuus: 12 cm<br \/>\n&#8211; Yl\u00e4pehmusteen paksuus: 7 cm<br \/>\n&#8211; Paino: 8,2 kg<br \/>\n&#8211; Maks. staattinen kantavuus: 110 kg<\/p>\n<p>Toimitus sis\u00e4lt\u00e4\u00e4:<br \/>\n&#8211; 1 x py\u00f6riv\u00e4 tuoli<br \/>\n&#8211; 1 x lis\u00e4varustepaketti<br \/>\n&#8211; 1 x k\u00e4ytt\u00f6ohje<\/p>\n<p>Huomautukset:<br \/>\n&#8211; Tyyny ja kangasverhoilu eiv\u00e4t ole irrotettavia tai pest\u00e4vi\u00e4.<\/p>\n","protected":false},"excerpt":{"rendered":"<p>Kotitoimistotuoli, meikkituoli fleecest\u00e4, ty\u00f6tuoli, vaahtomuovipehmuste, korkeuss\u00e4\u00e4dett\u00e4v\u00e4, cappuccinobeige-pilvinenvalkoinen<\/p>\n","protected":false},"featured_media":44555,"comment_status":"open","ping_status":"closed","template":"","meta":[],"product_brand":[],"product_cat":[32],"product_tag":[],"class_list":{"0":"post-36251","1":"product","2":"type-product","3":"status-publish","4":"has-post-thumbnail","6":"product_cat-uncategorized-fi","8":"first","9":"instock","10":"shipping-taxable","11":"purchasable","12":"product-type-simple"},"_links":{"self":[{"href":"https:\/\/nordicmart.andreevmaster.com\/fi\/wp-json\/wp\/v2\/product\/36251","targetHints":{"allow":["GET"]}}],"collection":[{"href":"https:\/\/nordicmart.andreevmaster.com\/fi\/wp-json\/wp\/v2\/product"}],"about":[{"href":"https:\/\/nordicmart.andreevmaster.com\/fi\/wp-json\/wp\/v2\/types\/product"}],"replies":[{"embeddable":true,"href":"https:\/\/nordicmart.andreevmaster.com\/fi\/wp-json\/wp\/v2\/comments?post=36251"}],"wp:featuredmedia":[{"embeddable":true,"href":"https:\/\/nordicmart.andreevmaster.com\/fi\/wp-json\/wp\/v2\/media\/44555"}],"wp:attachment":[{"href":"https:\/\/nordicmart.andreevmaster.com\/fi\/wp-json\/wp\/v2\/media?parent=36251"}],"wp:term":[{"taxonomy":"product_brand","embeddable":true,"href":"https:\/\/nordicmart.andreevmaster.com\/fi\/wp-json\/wp\/v2\/product_brand?post=36251"},{"taxonomy":"product_cat","embeddable":true,"href":"https:\/\/nordicmart.andreevmaster.com\/fi\/wp-json\/wp\/v2\/product_cat?post=36251"},{"taxonomy":"product_tag","embeddable":true,"href":"https:\/\/nordicmart.andreevmaster.com\/fi\/wp-json\/wp\/v2\/product_tag?post=36251"}],"curies":[{"name":"wp","href":"https:\/\/api.w.org\/{rel}","templated":true}]}}