{"id":36247,"date":"2026-02-27T00:33:36","date_gmt":"2026-02-27T00:33:36","guid":{"rendered":"https:\/\/nordicmart.andreevmaster.com\/product\/songmics-kotitoimistotuoli-pyoriva-tuoli-tyotuoli\/"},"modified":"2026-02-27T09:51:32","modified_gmt":"2026-02-27T09:51:32","slug":"songmics-kotitoimistotuoli-pyoriva-tuoli-tyotuoli","status":"publish","type":"product","link":"https:\/\/nordicmart.andreevmaster.com\/fi\/tuote\/songmics-kotitoimistotuoli-pyoriva-tuoli-tyotuoli\/","title":{"rendered":"SONGMICS kotitoimistotuoli, py\u00f6riv\u00e4 tuoli, ty\u00f6tuoli"},"content":{"rendered":"<p>Kotitoimistotuoli, py\u00f6riv\u00e4 tuoli, ty\u00f6tuoli, korkeuss\u00e4\u00e4dett\u00e4v\u00e4, puuvilla-pellavaseos, ty\u00f6huoneeseen, makuuhuoneeseen, pastellinpunainen<br \/>\nTuotetiedot:<br \/>\n&#8211; V\u00e4ri: pastellinpunainen<br \/>\n&#8211; Materiaali: ter\u00e4s- ja vanerirunko, vaahtomuovipehmuste, puuvilla-pellavaseos, PU-rullat<br \/>\n&#8211; Koko: 64 x 64 x (83-93) cm (S x L x K)<br \/>\n&#8211; Istuinkorkeus: 46\u201356 cm<br \/>\n&#8211; Istuimen koko: 44 x 47,5 cm (S x L)<br \/>\n&#8211; Selk\u00e4nojan korkeus: 40 cm<br \/>\n&#8211; Paino: 9,4 kg<br \/>\n&#8211; Maks. staattinen kantavuus: 110 kg<\/p>\n<p>Toimitus sis\u00e4lt\u00e4\u00e4:<br \/>\n&#8211; 1 x py\u00f6riv\u00e4 tuoli<br \/>\n&#8211; 1 x lis\u00e4varustepaketti<br \/>\n&#8211; 1 x k\u00e4ytt\u00f6ohje<\/p>\n<p>Huomautukset:<br \/>\n&#8211; Tyyny ja puuvilla-pellavaseoksesta valmistettu p\u00e4\u00e4llinen eiv\u00e4t ole irrotettavia tai pest\u00e4vi\u00e4.<\/p>\n","protected":false},"excerpt":{"rendered":"<p>Kotitoimistotuoli, py\u00f6riv\u00e4 tuoli, ty\u00f6tuoli, korkeuss\u00e4\u00e4dett\u00e4v\u00e4, puuvilla-pellavaseos, ty\u00f6huoneeseen, makuuhuoneeseen, pastellinpunainen<\/p>\n","protected":false},"featured_media":44552,"comment_status":"open","ping_status":"closed","template":"","meta":[],"product_brand":[],"product_cat":[32],"product_tag":[],"class_list":{"0":"post-36247","1":"product","2":"type-product","3":"status-publish","4":"has-post-thumbnail","6":"product_cat-uncategorized-fi","8":"first","9":"instock","10":"shipping-taxable","11":"purchasable","12":"product-type-simple"},"_links":{"self":[{"href":"https:\/\/nordicmart.andreevmaster.com\/fi\/wp-json\/wp\/v2\/product\/36247","targetHints":{"allow":["GET"]}}],"collection":[{"href":"https:\/\/nordicmart.andreevmaster.com\/fi\/wp-json\/wp\/v2\/product"}],"about":[{"href":"https:\/\/nordicmart.andreevmaster.com\/fi\/wp-json\/wp\/v2\/types\/product"}],"replies":[{"embeddable":true,"href":"https:\/\/nordicmart.andreevmaster.com\/fi\/wp-json\/wp\/v2\/comments?post=36247"}],"wp:featuredmedia":[{"embeddable":true,"href":"https:\/\/nordicmart.andreevmaster.com\/fi\/wp-json\/wp\/v2\/media\/44552"}],"wp:attachment":[{"href":"https:\/\/nordicmart.andreevmaster.com\/fi\/wp-json\/wp\/v2\/media?parent=36247"}],"wp:term":[{"taxonomy":"product_brand","embeddable":true,"href":"https:\/\/nordicmart.andreevmaster.com\/fi\/wp-json\/wp\/v2\/product_brand?post=36247"},{"taxonomy":"product_cat","embeddable":true,"href":"https:\/\/nordicmart.andreevmaster.com\/fi\/wp-json\/wp\/v2\/product_cat?post=36247"},{"taxonomy":"product_tag","embeddable":true,"href":"https:\/\/nordicmart.andreevmaster.com\/fi\/wp-json\/wp\/v2\/product_tag?post=36247"}],"curies":[{"name":"wp","href":"https:\/\/api.w.org\/{rel}","templated":true}]}}