{"id":36238,"date":"2026-02-27T00:33:33","date_gmt":"2026-02-27T00:33:33","guid":{"rendered":"https:\/\/nordicmart.andreevmaster.com\/product\/songmics-mukava-johtajan-tuoli-jalkatuella\/"},"modified":"2026-02-27T09:51:30","modified_gmt":"2026-02-27T09:51:30","slug":"songmics-mukava-johtajan-tuoli-jalkatuella","status":"publish","type":"product","link":"https:\/\/nordicmart.andreevmaster.com\/fi\/tuote\/songmics-mukava-johtajan-tuoli-jalkatuella\/","title":{"rendered":"SONGMICS Mukava johtajan tuoli jalkatuella"},"content":{"rendered":"<p>Ihoyst\u00e4v\u00e4llinen pellava ja tihe\u00e4 vaahtomuoviLaadukas pellavap\u00e4\u00e4llinen; hieno viimeistely; ihoyst\u00e4v\u00e4llinen, v\u00e4rinkest\u00e4v\u00e4, ei nyppyinen; tihe\u00e4 vaahtomuovi takaa erinomaisen istumamukavuuden pitk\u00e4\u00e4n.Ter\u00e4ksinen t\u00e4htijalka ja hiljaiset rullatKantavuus jopa 150 kg; t\u00e4htijalka on valmistettu korkealaatuisesta ter\u00e4ksest\u00e4; rullat ovat hiljaisia, kest\u00e4vi\u00e4 ja luistamattomia.Helppo asennus k\u00e4yt\u00e4nn\u00f6llisten apuv\u00e4lineiden ansiostaOhjeet kielill\u00e4 DE, EN, ES, FR, IT; ylim\u00e4\u00e4r\u00e4inen ruuvi ja vararulla.Tekniset tiedot V\u00e4ri: harmaa Tuotteen paino: 20,5 kg Tuotteen mitat: 66 x 69 x 120 cm Materiaali: pellava, vaahtomuovi, nailon, ter\u00e4s Lis\u00e4ominaisuudet: jalkatuki, s\u00e4\u00e4dett\u00e4v\u00e4 selk\u00e4noja, kantavuus jopa 150 kg, ergonominen ty\u00f6tuoli<\/p>\n","protected":false},"excerpt":{"rendered":"<p>SONGMICS johtajan tuoli, ergonominen toimistotuoli jalkatuella, ty\u00f6tuoli, s\u00e4\u00e4dett\u00e4v\u00e4 selk\u00e4noja, kantavuus enint\u00e4\u00e4n 150 kg, pellava, harmaa OBG78GY<\/p>\n","protected":false},"featured_media":44544,"comment_status":"open","ping_status":"closed","template":"","meta":[],"product_brand":[],"product_cat":[32],"product_tag":[],"class_list":{"0":"post-36238","1":"product","2":"type-product","3":"status-publish","4":"has-post-thumbnail","6":"product_cat-uncategorized-fi","8":"first","9":"instock","10":"shipping-taxable","11":"purchasable","12":"product-type-simple"},"_links":{"self":[{"href":"https:\/\/nordicmart.andreevmaster.com\/fi\/wp-json\/wp\/v2\/product\/36238","targetHints":{"allow":["GET"]}}],"collection":[{"href":"https:\/\/nordicmart.andreevmaster.com\/fi\/wp-json\/wp\/v2\/product"}],"about":[{"href":"https:\/\/nordicmart.andreevmaster.com\/fi\/wp-json\/wp\/v2\/types\/product"}],"replies":[{"embeddable":true,"href":"https:\/\/nordicmart.andreevmaster.com\/fi\/wp-json\/wp\/v2\/comments?post=36238"}],"wp:featuredmedia":[{"embeddable":true,"href":"https:\/\/nordicmart.andreevmaster.com\/fi\/wp-json\/wp\/v2\/media\/44544"}],"wp:attachment":[{"href":"https:\/\/nordicmart.andreevmaster.com\/fi\/wp-json\/wp\/v2\/media?parent=36238"}],"wp:term":[{"taxonomy":"product_brand","embeddable":true,"href":"https:\/\/nordicmart.andreevmaster.com\/fi\/wp-json\/wp\/v2\/product_brand?post=36238"},{"taxonomy":"product_cat","embeddable":true,"href":"https:\/\/nordicmart.andreevmaster.com\/fi\/wp-json\/wp\/v2\/product_cat?post=36238"},{"taxonomy":"product_tag","embeddable":true,"href":"https:\/\/nordicmart.andreevmaster.com\/fi\/wp-json\/wp\/v2\/product_tag?post=36238"}],"curies":[{"name":"wp","href":"https:\/\/api.w.org\/{rel}","templated":true}]}}