{"id":36236,"date":"2026-02-27T00:33:33","date_gmt":"2026-02-27T00:33:33","guid":{"rendered":"https:\/\/nordicmart.andreevmaster.com\/product\/songmics-pelituoli-keinonahka-musta-punainen\/"},"modified":"2026-02-27T09:51:29","modified_gmt":"2026-02-27T09:51:29","slug":"songmics-pelituoli-keinonahka-musta-punainen","status":"publish","type":"product","link":"https:\/\/nordicmart.andreevmaster.com\/fi\/tuote\/songmics-pelituoli-keinonahka-musta-punainen\/","title":{"rendered":"SONGMICS pelituoli keinonahka musta-punainen"},"content":{"rendered":"<p>Parasta parhaimmille: Jos haluat olla paras virtuaalimaailmassa, tarvitset oikeat varusteet todellisessa maailmassa. Ihanteellinen pelikokoonpano ei sis\u00e4ll\u00e4 vain tehokasta prosessoria tai n\u00e4yt\u00f6nohjainta \u2013 t\u00e4rke\u00e4\u00e4 on my\u00f6s sopivat lis\u00e4varusteet, kuten hiiri, n\u00e4pp\u00e4imist\u00f6 ja kyll\u00e4, my\u00f6s pelituoli. T\u00e4m\u00e4 SONGMICS-pelituoli on suunniteltu mahdollistamaan huippusuorituskyky ja tarjoamaan sinulle AAA-pelikokemuksen indie-tason kustannuksilla.Ylivoimainen mukavuus: T\u00e4m\u00e4 ty\u00f6tuoli tarjoaa kokonaispaketin, joka koostuu lannerangatyynyst\u00e4, S-muotoisesta selk\u00e4nojasta ja s\u00e4\u00e4dett\u00e4v\u00e4st\u00e4 ja irrotettavasta p\u00e4\u00e4ntuesta. Kaikki n\u00e4m\u00e4 elementit toimivat yhdess\u00e4 varmistaakseen t\u00e4ydellisen istumamukavuuden t\u00e4ll\u00e4 jopa 150 kg:n painon kest\u00e4v\u00e4ll\u00e4 pelituolilla, kun adrenaliinitasosi nousee pelaamisen aikana.Nojaa taaksep\u00e4in: Jos et pelaa, vaan haluat vain nojata taaksep\u00e4in ja katsella elokuvaa, voit s\u00e4\u00e4t\u00e4\u00e4 selk\u00e4nojan 90\u00b0\u2013135\u00b0 ja vet\u00e4\u00e4 jalkatuen esiin \u2013 rentoudu mukavimmassa asennossa! Tuotetiedot: V\u00e4ri: musta-punainen Materiaali: keinonahka, vaahtomuovi, nailon Koko: 70 x 64 x (120-128) cm (P x L x K) Paino: 20,5 kg Maks. staattinen kantavuus: 150 kg Toimitus sis\u00e4lt\u00e4\u00e4: 1 x ty\u00f6tuoli 1 x vararulla 1 x tarvikepussi 1 x ohjeet SONGMICS Huomautukset: V\u00e4lt\u00e4 altistamasta tuotetta voimakkaalle auringonvalolle pitk\u00e4ksi aikaa.Pid\u00e4 tuote poissa ter\u00e4vien ja ter\u00e4vien esineiden l\u00e4heisyydest\u00e4.<\/p>\n","protected":false},"excerpt":{"rendered":"<p>SONGMICS pelituoli, ty\u00f6tuoli jalkatuella, ty\u00f6p\u00f6yd\u00e4n tuoli, ergonominen muotoilu, s\u00e4\u00e4dett\u00e4v\u00e4 p\u00e4\u00e4ntuki, lannerangan tuki, kantavuus enint\u00e4\u00e4n 150 kg, musta-punainen OBG77BR<\/p>\n","protected":false},"featured_media":44542,"comment_status":"open","ping_status":"closed","template":"","meta":[],"product_brand":[],"product_cat":[32],"product_tag":[],"class_list":{"0":"post-36236","1":"product","2":"type-product","3":"status-publish","4":"has-post-thumbnail","6":"product_cat-uncategorized-fi","8":"first","9":"instock","10":"shipping-taxable","11":"purchasable","12":"product-type-simple"},"_links":{"self":[{"href":"https:\/\/nordicmart.andreevmaster.com\/fi\/wp-json\/wp\/v2\/product\/36236","targetHints":{"allow":["GET"]}}],"collection":[{"href":"https:\/\/nordicmart.andreevmaster.com\/fi\/wp-json\/wp\/v2\/product"}],"about":[{"href":"https:\/\/nordicmart.andreevmaster.com\/fi\/wp-json\/wp\/v2\/types\/product"}],"replies":[{"embeddable":true,"href":"https:\/\/nordicmart.andreevmaster.com\/fi\/wp-json\/wp\/v2\/comments?post=36236"}],"wp:featuredmedia":[{"embeddable":true,"href":"https:\/\/nordicmart.andreevmaster.com\/fi\/wp-json\/wp\/v2\/media\/44542"}],"wp:attachment":[{"href":"https:\/\/nordicmart.andreevmaster.com\/fi\/wp-json\/wp\/v2\/media?parent=36236"}],"wp:term":[{"taxonomy":"product_brand","embeddable":true,"href":"https:\/\/nordicmart.andreevmaster.com\/fi\/wp-json\/wp\/v2\/product_brand?post=36236"},{"taxonomy":"product_cat","embeddable":true,"href":"https:\/\/nordicmart.andreevmaster.com\/fi\/wp-json\/wp\/v2\/product_cat?post=36236"},{"taxonomy":"product_tag","embeddable":true,"href":"https:\/\/nordicmart.andreevmaster.com\/fi\/wp-json\/wp\/v2\/product_tag?post=36236"}],"curies":[{"name":"wp","href":"https:\/\/api.w.org\/{rel}","templated":true}]}}