{"id":36234,"date":"2026-02-27T00:33:32","date_gmt":"2026-02-27T00:33:32","guid":{"rendered":"https:\/\/nordicmart.andreevmaster.com\/product\/songmics-johtajan-tuoli-saadettavalla-niskatuella\/"},"modified":"2026-02-27T09:51:29","modified_gmt":"2026-02-27T09:51:29","slug":"songmics-johtajan-tuoli-saadettavalla-niskatuella","status":"publish","type":"product","link":"https:\/\/nordicmart.andreevmaster.com\/fi\/tuote\/songmics-johtajan-tuoli-saadettavalla-niskatuella\/","title":{"rendered":"SONGMICS-johtajan tuoli s\u00e4\u00e4dett\u00e4v\u00e4ll\u00e4 niskatuella"},"content":{"rendered":"<p>Tuotetiedot:  Materiaali:  &#8211; Verhoilu: PU &#8211; Pehmuste: tihe\u00e4 vaahtomuovi &#8211; Jalkaristi: nailon &#8211; K\u00e4sinojien varsi: nailon &#8211; K\u00e4sinojat: PU &#8211; Py\u00f6r\u00e4t: nailonydin PU-pinnoitteella Mitat:  &#8211; Korkeus (kokonais): 120\u2013127 cm &#8211; Leveys (kokonais): 70 cm &#8211; Syvyys (kokonais): 70 cm &#8211; Istuinkorkeus: 47\u201355 cm &#8211; Istuimen leveys (k\u00e4ytett\u00e4viss\u00e4): 50 cm &#8211; Istuimen syvyys (k\u00e4ytett\u00e4viss\u00e4): 50 cm &#8211; K\u00e4sinojan korkeus (istuinpinnasta): 22 cm &#8211; Selk\u00e4nojan korkeus: 75 cm &#8211; Jalkaristin halkaisija: 70 cm &#8211; Py\u00f6rien halkaisija: 50 mm &#8211; Tapin halkaisija: 11 mm &#8211; V\u00e4ri: musta &#8211; Nettopaino: 19,7 kg &#8211; Bruttopaino: 23,3 kg &#8211; Maks. kuormituskyky: 150 kgToimitus sis\u00e4lt\u00e4\u00e4:- 1 x ty\u00f6tuoli- 1 x kiinnityspussi- 1 x ohjeet (DE, EN, FR, IT, ES)Huomautukset:- Vaihtopy\u00f6r\u00e4t voi tilata erikseen meilt\u00e4.<\/p>\n","protected":false},"excerpt":{"rendered":"<p>SONGMICS Erstellt, toimistotuoli taitettavalla niskatuella, eritt\u00e4in suuri ortopedinen johtajan tuoli, ergonominen ty\u00f6tuoli, musta OBG76B<\/p>\n","protected":false},"featured_media":44540,"comment_status":"open","ping_status":"closed","template":"","meta":[],"product_brand":[],"product_cat":[32],"product_tag":[],"class_list":{"0":"post-36234","1":"product","2":"type-product","3":"status-publish","4":"has-post-thumbnail","6":"product_cat-uncategorized-fi","8":"first","9":"instock","10":"shipping-taxable","11":"purchasable","12":"product-type-simple"},"_links":{"self":[{"href":"https:\/\/nordicmart.andreevmaster.com\/fi\/wp-json\/wp\/v2\/product\/36234","targetHints":{"allow":["GET"]}}],"collection":[{"href":"https:\/\/nordicmart.andreevmaster.com\/fi\/wp-json\/wp\/v2\/product"}],"about":[{"href":"https:\/\/nordicmart.andreevmaster.com\/fi\/wp-json\/wp\/v2\/types\/product"}],"replies":[{"embeddable":true,"href":"https:\/\/nordicmart.andreevmaster.com\/fi\/wp-json\/wp\/v2\/comments?post=36234"}],"wp:featuredmedia":[{"embeddable":true,"href":"https:\/\/nordicmart.andreevmaster.com\/fi\/wp-json\/wp\/v2\/media\/44540"}],"wp:attachment":[{"href":"https:\/\/nordicmart.andreevmaster.com\/fi\/wp-json\/wp\/v2\/media?parent=36234"}],"wp:term":[{"taxonomy":"product_brand","embeddable":true,"href":"https:\/\/nordicmart.andreevmaster.com\/fi\/wp-json\/wp\/v2\/product_brand?post=36234"},{"taxonomy":"product_cat","embeddable":true,"href":"https:\/\/nordicmart.andreevmaster.com\/fi\/wp-json\/wp\/v2\/product_cat?post=36234"},{"taxonomy":"product_tag","embeddable":true,"href":"https:\/\/nordicmart.andreevmaster.com\/fi\/wp-json\/wp\/v2\/product_tag?post=36234"}],"curies":[{"name":"wp","href":"https:\/\/api.w.org\/{rel}","templated":true}]}}