{"id":36233,"date":"2026-02-27T00:33:32","date_gmt":"2026-02-27T00:33:32","guid":{"rendered":"https:\/\/nordicmart.andreevmaster.com\/product\/songmics-johtajan-tuoli-paantuella-ja-jalkatuella\/"},"modified":"2026-02-27T09:51:29","modified_gmt":"2026-02-27T09:51:29","slug":"songmics-johtajan-tuoli-paantuella-ja-jalkatuella","status":"publish","type":"product","link":"https:\/\/nordicmart.andreevmaster.com\/fi\/tuote\/songmics-johtajan-tuoli-paantuella-ja-jalkatuella\/","title":{"rendered":"SONGMICS-johtajan tuoli p\u00e4\u00e4ntuella ja jalkatuella"},"content":{"rendered":"<p>K\u00e4\u00e4nnett\u00e4v\u00e4 p\u00e4\u00e4ntuki on Songmicsin itsen\u00e4isesti kehitt\u00e4m\u00e4. Songmicsin k\u00e4\u00e4nnett\u00e4v\u00e4 p\u00e4\u00e4ntuki, joka on s\u00e4\u00e4dett\u00e4viss\u00e4 0\u00b0\u201390\u00b0, tukee p\u00e4\u00e4t\u00e4si hyvin makuulla. Istuessasi avaa p\u00e4\u00e4ntuki, jolloin se sulautuu selk\u00e4nojaan ja luo tyylikk\u00e4\u00e4n ilmapiirin.- Kaksinkertainen paksunnettu pehmuste takaa miellytt\u00e4v\u00e4n tuntuman, hyv\u00e4n ryhdin ja erinomaisen istumamukavuuden. Tuotetiedot:  Materiaali:  &#8211; Verhoilu: PU &#8211; Pehmuste: tihe\u00e4 vaahtomuovi &#8211; Jalkaristi: alumiini &#8211; K\u00e4sinojien varsi: nailon &#8211; K\u00e4sinojat: PU &#8211; Rullat: nailonydin PU-p\u00e4\u00e4llysteell\u00e4 Mitat:  &#8211; Korkeus (kokonais): 118-125 cm &#8211; Leveys (kokonais): 70 cm &#8211; Syvyys (kokonais): 70 cm &#8211; Istuinkorkeus: 45-52 cm &#8211; Istuimen leveys (k\u00e4ytett\u00e4viss\u00e4): 50 cm &#8211; Istuimen syvyys (k\u00e4ytett\u00e4viss\u00e4): 50 cm &#8211; K\u00e4sinojan korkeus (istuinpinnasta): 22 cm &#8211; Selk\u00e4nojan korkeus: 75 cm &#8211; Jalkaristin halkaisija: 70 cm &#8211; Py\u00f6rien halkaisija: 50 mm &#8211; Tapin halkaisija: 11 mm &#8211; V\u00e4ri: musta &#8211; Nettopaino: 24 kg &#8211; Bruttopaino: 26,7 kg &#8211; Maks. kuormituskyky: 150 kg Toimitus sis\u00e4lt\u00e4\u00e4:  &#8211; 1 x ty\u00f6tuoli  &#8211; 1 x kiinnityspussi &#8211; 1 x ohjeet (DE, EN, FR, IT, ES) Huomautukset:  &#8211; Vaihtopy\u00f6r\u00e4t voi tilata erikseen meilt\u00e4.<\/p>\n","protected":false},"excerpt":{"rendered":"<p>SONGMICS Erstellt, toimistotuoli, jossa taitettava p\u00e4\u00e4ntuki, ulosvedett\u00e4v\u00e4 jalkatuki, erityisen suuri ortopedinen johtajan tuoli, ergonominen pelituoli, musta OBG75B, keinonahka, 91,4 x 66,4 x 37,4 cm<\/p>\n","protected":false},"featured_media":44539,"comment_status":"open","ping_status":"closed","template":"","meta":[],"product_brand":[],"product_cat":[32],"product_tag":[],"class_list":{"0":"post-36233","1":"product","2":"type-product","3":"status-publish","4":"has-post-thumbnail","6":"product_cat-uncategorized-fi","8":"first","9":"instock","10":"shipping-taxable","11":"purchasable","12":"product-type-simple"},"_links":{"self":[{"href":"https:\/\/nordicmart.andreevmaster.com\/fi\/wp-json\/wp\/v2\/product\/36233","targetHints":{"allow":["GET"]}}],"collection":[{"href":"https:\/\/nordicmart.andreevmaster.com\/fi\/wp-json\/wp\/v2\/product"}],"about":[{"href":"https:\/\/nordicmart.andreevmaster.com\/fi\/wp-json\/wp\/v2\/types\/product"}],"replies":[{"embeddable":true,"href":"https:\/\/nordicmart.andreevmaster.com\/fi\/wp-json\/wp\/v2\/comments?post=36233"}],"wp:featuredmedia":[{"embeddable":true,"href":"https:\/\/nordicmart.andreevmaster.com\/fi\/wp-json\/wp\/v2\/media\/44539"}],"wp:attachment":[{"href":"https:\/\/nordicmart.andreevmaster.com\/fi\/wp-json\/wp\/v2\/media?parent=36233"}],"wp:term":[{"taxonomy":"product_brand","embeddable":true,"href":"https:\/\/nordicmart.andreevmaster.com\/fi\/wp-json\/wp\/v2\/product_brand?post=36233"},{"taxonomy":"product_cat","embeddable":true,"href":"https:\/\/nordicmart.andreevmaster.com\/fi\/wp-json\/wp\/v2\/product_cat?post=36233"},{"taxonomy":"product_tag","embeddable":true,"href":"https:\/\/nordicmart.andreevmaster.com\/fi\/wp-json\/wp\/v2\/product_tag?post=36233"}],"curies":[{"name":"wp","href":"https:\/\/api.w.org\/{rel}","templated":true}]}}