{"id":36232,"date":"2026-02-27T00:33:32","date_gmt":"2026-02-27T00:33:32","guid":{"rendered":"https:\/\/nordicmart.andreevmaster.com\/product\/songmics-cooler-pelituoli-musta-valkoinen\/"},"modified":"2026-02-27T09:51:29","modified_gmt":"2026-02-27T09:51:29","slug":"songmics-cooler-pelituoli-musta-valkoinen","status":"publish","type":"product","link":"https:\/\/nordicmart.andreevmaster.com\/fi\/tuote\/songmics-cooler-pelituoli-musta-valkoinen\/","title":{"rendered":"SONGMICS Cooler pelituoli, musta-valkoinen"},"content":{"rendered":"<p>Tyylik\u00e4s ulkon\u00e4k\u00f6: Valko-musta v\u00e4rikuvio ja selk\u00e4nojan yl\u00e4osan leikkausmuotoilu muistuttavat kilpa-auton urheiluistuimia. Jokainen videopeli alkaa ammattimaisesti, ja riippumatta siit\u00e4, miten se p\u00e4\u00e4ttyy, t\u00e4ll\u00e4 tuolilla olet jo voittaja! Korkein mukavuus: Ved\u00e4 jalkatuki esiin, nosta jalat yl\u00f6s, kallista tuolia 90\u2013135\u00b0 taaksep\u00e4in ja rentoudu puhtaassa onnellisuudessa. Mukava istuintyyny ja jalkatuki tekev\u00e4t t\u00e4st\u00e4 s\u00e4\u00e4dett\u00e4v\u00e4st\u00e4 ty\u00f6tuolista ikuisen rentoutumispaikan. Kaikki on valmiina: tietokone on p\u00e4\u00e4ll\u00e4, n\u00e4pp\u00e4imist\u00f6 ja hiiri ovat paikoillaan \u2013 aloita ty\u00f6, katso elokuva tai k\u00e4ynnist\u00e4 videopeli. T\u00e4m\u00e4 SONGMICS-pelituoli on t\u00e4ydellinen valinta mihin tahansa tarkoitukseen. Tuotetiedot: V\u00e4ri: musta-valkoinen Materiaali: PU-muovi, tihe\u00e4 vaahtomuovi, ter\u00e4s, nailon Koko: 67 x 66 x 116\u2013126 cm (P x L x K) Istuimen korkeus lattiasta: 47\u201357 cm Istuimen koko: 50 x 52 cm (P x L) Selk\u00e4nojan korkeus: 71 cm Py\u00f6rien halkaisija: 50 mm Paino: 20,6 kg Maks. staattinen kantavuus: 150 kg Toimitus sis\u00e4lt\u00e4\u00e4: 1 x pelituoli 1 x lis\u00e4varustepaketti 1 x ohjeet (DE, EN, FR, ES, IT) SONGMICS-ohjeet:\u00c4l\u00e4 altista tuotetta suoralle auringonvalolle pitk\u00e4ksi aikaa. Pid\u00e4 tuote poissa ter\u00e4vist\u00e4 ja ter\u00e4ksisist\u00e4 esineist\u00e4, jotta sen pinta ei vahingoitu.<\/p>\n","protected":false},"excerpt":{"rendered":"<p>SONGMICS pelituoli, ty\u00f6tuoli jalkatuella, ty\u00f6tuoli p\u00e4\u00e4ntuella ja lannerangatyynyll\u00e4, korkeuss\u00e4\u00e4dett\u00e4v\u00e4, ergonominen, 90\u2013135\u00b0 kallistuskulma, kantavuus 150 kg, musta-punainen OBG73BRV1<\/p>\n","protected":false},"featured_media":44538,"comment_status":"open","ping_status":"closed","template":"","meta":[],"product_brand":[],"product_cat":[32],"product_tag":[],"class_list":{"0":"post-36232","1":"product","2":"type-product","3":"status-publish","4":"has-post-thumbnail","6":"product_cat-uncategorized-fi","8":"first","9":"instock","10":"shipping-taxable","11":"purchasable","12":"product-type-simple"},"_links":{"self":[{"href":"https:\/\/nordicmart.andreevmaster.com\/fi\/wp-json\/wp\/v2\/product\/36232","targetHints":{"allow":["GET"]}}],"collection":[{"href":"https:\/\/nordicmart.andreevmaster.com\/fi\/wp-json\/wp\/v2\/product"}],"about":[{"href":"https:\/\/nordicmart.andreevmaster.com\/fi\/wp-json\/wp\/v2\/types\/product"}],"replies":[{"embeddable":true,"href":"https:\/\/nordicmart.andreevmaster.com\/fi\/wp-json\/wp\/v2\/comments?post=36232"}],"wp:featuredmedia":[{"embeddable":true,"href":"https:\/\/nordicmart.andreevmaster.com\/fi\/wp-json\/wp\/v2\/media\/44538"}],"wp:attachment":[{"href":"https:\/\/nordicmart.andreevmaster.com\/fi\/wp-json\/wp\/v2\/media?parent=36232"}],"wp:term":[{"taxonomy":"product_brand","embeddable":true,"href":"https:\/\/nordicmart.andreevmaster.com\/fi\/wp-json\/wp\/v2\/product_brand?post=36232"},{"taxonomy":"product_cat","embeddable":true,"href":"https:\/\/nordicmart.andreevmaster.com\/fi\/wp-json\/wp\/v2\/product_cat?post=36232"},{"taxonomy":"product_tag","embeddable":true,"href":"https:\/\/nordicmart.andreevmaster.com\/fi\/wp-json\/wp\/v2\/product_tag?post=36232"}],"curies":[{"name":"wp","href":"https:\/\/api.w.org\/{rel}","templated":true}]}}