{"id":36230,"date":"2026-02-27T00:33:31","date_gmt":"2026-02-27T00:33:31","guid":{"rendered":"https:\/\/nordicmart.andreevmaster.com\/product\/racing-gaming-chair-saadettava-tyotuoli-jalkatuella-ergonominen-muotoilu-kallistusmekanismi-niskatuki-lanneratatuki-150-kg-painokapasiteetti-musta-ja-punainen-obg73brv1\/"},"modified":"2026-02-27T09:51:28","modified_gmt":"2026-02-27T09:51:28","slug":"racing-gaming-chair-saadettava-tyotuoli-jalkatuella-ergonominen-muotoilu-kallistusmekanismi-niskatuki-lanneratatuki-150-kg-painokapasiteetti-musta-ja-punainen-obg73brv1","status":"publish","type":"product","link":"https:\/\/nordicmart.andreevmaster.com\/fi\/tuote\/racing-gaming-chair-saadettava-tyotuoli-jalkatuella-ergonominen-muotoilu-kallistusmekanismi-niskatuki-lanneratatuki-150-kg-painokapasiteetti-musta-ja-punainen-obg73brv1\/","title":{"rendered":"Racing Gaming Chair, s\u00e4\u00e4dett\u00e4v\u00e4 ty\u00f6tuoli jalkatuella, ergonominen muotoilu, kallistusmekanismi, niskatuki, lanneratatuki, 150 kg painokapasiteetti, musta ja punainen OBG73BRV1"},"content":{"rendered":"<p>ALOITA TUOTTAVA P\u00c4IV\u00c4: \u00c4l\u00e4 anna ep\u00e4mukavan istuma-asennon vaikuttaa ty\u00f6tehoosi. Korkeuss\u00e4\u00e4t\u00f6alueella 47\u201357 cm ja selk\u00e4nojan kallistuskulmalla 90\u00b0\u2013135\u00b0 t\u00e4m\u00e4 ty\u00f6tuoli antaa sinun l\u00f6yt\u00e4\u00e4 oikean istuma-asennon ja jatkaa tehokasta ty\u00f6skentely\u00e4. T\u00e4ss\u00e4 ergonomisessa tuolissa on kallistusmekanismi, erinomainen lanneratatuki, jalkatuki, niskatuki ja \u00e4\u00e4nett\u00f6m\u00e4t nailonpy\u00f6r\u00e4t, jotka antavat kehollesi lev\u00e4t\u00e4, jotta voit keskitty\u00e4 ty\u00f6h\u00f6n istuen ergonomisessa ylellisyydess\u00e4. <\/p>\n<p>YKSITYISKOHDAT OVAT T\u00c4RKEIT\u00c4: Istuimen, selk\u00e4nojan ja lannerangan tuen sis\u00e4puoli on pehmustettu ensiluokkaisella, tihe\u00e4ll\u00e4 vaahtomuovilla, joka ei helposti muodonmuutos; ty\u00f6skentelet tai leikit, ergonominen selk\u00e4noja mukautuu kehosi muotoihin ja tarjoaa jatkuvaa tukea.<\/p>\n<p>TURVALLINEN ISTUIN, HELPPO KOKOONPANO: Automaattinen palautusmekanismi on l\u00e4p\u00e4issyt T\u00dcV Rheinlandin testin standardin EN16955: 2017-04, luokka 3 (raportin nro: 182836, omistaja: toimittaja) mukaisesti. Kokoa tuoli kirist\u00e4m\u00e4ll\u00e4 muutama ruuvi, siin\u00e4 kaikki! Liityt joukkuetovereidesi joukkoon ennen kuin huomaatkaan. <\/p>\n<p>MIT\u00c4 SAAT: Ergonominen ty\u00f6tuoli, jossa on kest\u00e4v\u00e4 ja helppo puhdistaa PU-pinta, joka sopii kotiisi tai toimistoosi ja pit\u00e4\u00e4 kehosi ja mielesi rentona, pelatessasi tai ty\u00f6skennelless\u00e4si.<\/p>\n<p>Tyylik\u00e4s ulkon\u00e4k\u00f6: Valkoinen ja musta v\u00e4rikuvio ja selk\u00e4nojan yl\u00e4osan veistetty muotoilu muistuttavat kilpa-auton urheiluistuimia. Joten jokainen videopeli alkaa ammattimaisesti, ja riippumatta siit\u00e4, miten se p\u00e4\u00e4ttyy, olet jo voittaja t\u00e4ll\u00e4 tuolilla! Maksimaalinen mukavuus: Ved\u00e4 jalkatuki esiin, nosta jalat yl\u00f6s, kallista tuolia 90\u2013135\u00b0 taaksep\u00e4in ja rentoudu t\u00e4ydelliseen onnellisuuteen. Mukava istuintyyny ja jalkatuki tekev\u00e4t t\u00e4st\u00e4 s\u00e4\u00e4dett\u00e4v\u00e4st\u00e4 ty\u00f6tuolista rentouttavan paikan kaiken ik\u00e4isille. Kaikki on valmiina: tietokone on p\u00e4\u00e4ll\u00e4, n\u00e4pp\u00e4imist\u00f6 ja hiiri ovat paikoillaan \u2013 aloita ty\u00f6, katso elokuva tai k\u00e4ynnist\u00e4 videopeli. T\u00e4m\u00e4 SONGMICS-pelituoli on t\u00e4ydellinen valinta mihin tahansa projektiin. Tuotetiedot: V\u00e4ri: Musta ja valkoinen Materiaali: PU-muovi, tihe\u00e4 vaahtomuovi, ter\u00e4s, nailon Koko: 67 x 66 x 116\u2013126 cm (P x L x K) Et\u00e4isyys istuimesta lattiaan: 47\u201357 cm Istuimen koko: 50 x 52 cm (P x L) Selk\u00e4nojan korkeus: 71 cm Py\u00f6rien halkaisija: 50 mm Paino: 20,6 kg Maks. Staattinen kuormituskapasiteetti: 150 kgToimitus sis\u00e4lt\u00e4\u00e4:1 x pelituoli1 x lis\u00e4varustepaketti1 x k\u00e4ytt\u00f6ohje (DE, EN, FR, ES, IT)SONGMICS Huomautukset:\u00c4l\u00e4 altista tuotetta suoralle auringonvalolle pitk\u00e4ksi aikaa. Pid\u00e4 tuote poissa ter\u00e4vist\u00e4 ja ter\u00e4ksisist\u00e4 esineist\u00e4, jotta sen pinta ei vahingoitu.<\/p>\n","protected":false},"excerpt":{"rendered":"<p>ALOITA TUOTTAVA P\u00c4IV\u00c4: \u00c4l\u00e4 anna ep\u00e4mukavan istuma-asennon vaikuttaa ty\u00f6tehoosi. Korkeuss\u00e4\u00e4t\u00f6alueella 47\u201357 cm ja selk\u00e4nojan kallistuskulmalla 90\u00b0\u2013135\u00b0 t\u00e4m\u00e4 ty\u00f6tuoli antaa sinun l\u00f6yt\u00e4\u00e4 oikean istuma-asennon ja jatkaa tehokasta ty\u00f6skentely\u00e4. T\u00e4ss\u00e4 ergonomisessa tuolissa on kallistusmekanismi, erinomainen lanneratatuki, jalkatuki, niskatuki ja \u00e4\u00e4nett\u00f6m\u00e4t nailonpy\u00f6r\u00e4t, jotka antavat kehollesi lev\u00e4t\u00e4, jotta voit keskitty\u00e4 ty\u00f6h\u00f6n istuen ergonomisessa ylellisyydess\u00e4. YKSITYISKOHDAT OVAT T\u00c4RKEIT\u00c4: Istuimen, selk\u00e4nojan [&hellip;]<\/p>\n","protected":false},"featured_media":0,"comment_status":"open","ping_status":"closed","template":"","meta":[],"product_brand":[],"product_cat":[32],"product_tag":[],"class_list":{"0":"post-36230","1":"product","2":"type-product","3":"status-publish","5":"product_cat-uncategorized-fi","7":"first","8":"instock","9":"shipping-taxable","10":"product-type-simple"},"_links":{"self":[{"href":"https:\/\/nordicmart.andreevmaster.com\/fi\/wp-json\/wp\/v2\/product\/36230","targetHints":{"allow":["GET"]}}],"collection":[{"href":"https:\/\/nordicmart.andreevmaster.com\/fi\/wp-json\/wp\/v2\/product"}],"about":[{"href":"https:\/\/nordicmart.andreevmaster.com\/fi\/wp-json\/wp\/v2\/types\/product"}],"replies":[{"embeddable":true,"href":"https:\/\/nordicmart.andreevmaster.com\/fi\/wp-json\/wp\/v2\/comments?post=36230"}],"wp:attachment":[{"href":"https:\/\/nordicmart.andreevmaster.com\/fi\/wp-json\/wp\/v2\/media?parent=36230"}],"wp:term":[{"taxonomy":"product_brand","embeddable":true,"href":"https:\/\/nordicmart.andreevmaster.com\/fi\/wp-json\/wp\/v2\/product_brand?post=36230"},{"taxonomy":"product_cat","embeddable":true,"href":"https:\/\/nordicmart.andreevmaster.com\/fi\/wp-json\/wp\/v2\/product_cat?post=36230"},{"taxonomy":"product_tag","embeddable":true,"href":"https:\/\/nordicmart.andreevmaster.com\/fi\/wp-json\/wp\/v2\/product_tag?post=36230"}],"curies":[{"name":"wp","href":"https:\/\/api.w.org\/{rel}","templated":true}]}}