{"id":36229,"date":"2026-02-27T00:33:31","date_gmt":"2026-02-27T00:33:31","guid":{"rendered":"https:\/\/nordicmart.andreevmaster.com\/product\/songmics-johtajan-tuoli-keinonahka-musta\/"},"modified":"2026-02-27T09:51:28","modified_gmt":"2026-02-27T09:51:28","slug":"songmics-johtajan-tuoli-keinonahka-musta","status":"publish","type":"product","link":"https:\/\/nordicmart.andreevmaster.com\/fi\/tuote\/songmics-johtajan-tuoli-keinonahka-musta\/","title":{"rendered":"SONGMICS Johtajan tuoli keinonahka musta"},"content":{"rendered":"<p>Songmics on aina asiakasl\u00e4ht\u00f6inen ja sitoutunut tarjoamaan korkealaatuisia tuotteita, joilla on hyv\u00e4 hinta-laatusuhde. Asiakkaiden palautteen perusteella olemme jatkuvasti parantaneet tuotetta asiakkaiden tarpeiden mukaan optimoidaksemme sen. Seuraavat osat kaikista Songmics-ty\u00f6tuoleista on parannettu: &#8211; K\u00e4sinojat, rullat, keinumekanismi ja kaasujousi on kaikki parannettu, ja ne ovat per\u00e4isin erinomaisilta toimittajilta, joten laatu on taattu. &#8211; Kaikkien osien verhoilu on kulutusta kest\u00e4v\u00e4\u00e4 PU:ta, kuten istuinpinta, ja ep\u00e4miellytt\u00e4v\u00e4 haju on v\u00e4hentynyt tehokkaasti.  &#8211; Verhoilu on valmistettu tihe\u00e4st\u00e4 vaahtomuovista, joka ei muodonmuutos helposti, mik\u00e4 takaa optimaalisen istumamukavuuden. &#8211; Lis\u00e4varusteet, kuten ruuvit, ovat l\u00e4pin\u00e4kyv\u00e4ss\u00e4 muovipakkauksessa ja numeroituja, mik\u00e4 v\u00e4hent\u00e4\u00e4 tehokkaasti niiden katoamista tai sekoittumista. &#8211; K\u00e4ytetyt ruuvit on varustettu kierrelukituksilla, joten ne eiv\u00e4t l\u00f6ysty helposti pitk\u00e4aikaisessa k\u00e4yt\u00f6ss\u00e4.  &#8211; Py\u00f6r\u00e4t ovat erinomaisia PU-py\u00f6ri\u00e4, jotka py\u00f6riv\u00e4t eritt\u00e4in hiljaisesti. Lis\u00e4ksi mukana toimitetaan 2 varapy\u00f6r\u00e4\u00e4.  &#8211; Jokaisesta ruuvityypist\u00e4 toimitetaan yksi ylim\u00e4\u00e4r\u00e4inen ruuvi varalle. Luotettava k\u00e4ytt\u00f6 on taattu. Tuotetiedot: &#8211; Kokonaiskorkeus: noin 116\u2013126 cm  &#8211; Selk\u00e4nojan korkeus: noin 75 cm  &#8211; Istuinkorkeus: noin 52\u201361 cm  &#8211; Tuolin leveys: 66,5 cm  &#8211; K\u00e4sinojien korkeus: noin 68\u201378 cm  &#8211; Materiaali: PU + vaahtomuovi + ter\u00e4s + nailon  Toimitus sis\u00e4lt\u00e4\u00e4: &#8211; 1 x ty\u00f6tuoli jalkatukella  &#8211; 1 x lannerangan tyyny &#8211; 1 x ohjeet (saksa, englanti, ranska, italia, espanja)  &#8211; 1 x kiinnityspussi  Huomautus: &#8211; Kun kokoat tukiosan, huomaa, ett\u00e4 puolella, jossa on merkint\u00e4 &#8221;Front&#8221;, tulee olla edess\u00e4.<\/p>\n","protected":false},"excerpt":{"rendered":"<p>SONGMICS Songmics toimistotuoli jalkatukella ja lannerangatyynyll\u00e4, keinonahka, musta, 67 x 66 x 116 cm<\/p>\n","protected":false},"featured_media":44536,"comment_status":"open","ping_status":"closed","template":"","meta":[],"product_brand":[],"product_cat":[32],"product_tag":[],"class_list":{"0":"post-36229","1":"product","2":"type-product","3":"status-publish","4":"has-post-thumbnail","6":"product_cat-uncategorized-fi","8":"first","9":"instock","10":"shipping-taxable","11":"purchasable","12":"product-type-simple"},"_links":{"self":[{"href":"https:\/\/nordicmart.andreevmaster.com\/fi\/wp-json\/wp\/v2\/product\/36229","targetHints":{"allow":["GET"]}}],"collection":[{"href":"https:\/\/nordicmart.andreevmaster.com\/fi\/wp-json\/wp\/v2\/product"}],"about":[{"href":"https:\/\/nordicmart.andreevmaster.com\/fi\/wp-json\/wp\/v2\/types\/product"}],"replies":[{"embeddable":true,"href":"https:\/\/nordicmart.andreevmaster.com\/fi\/wp-json\/wp\/v2\/comments?post=36229"}],"wp:featuredmedia":[{"embeddable":true,"href":"https:\/\/nordicmart.andreevmaster.com\/fi\/wp-json\/wp\/v2\/media\/44536"}],"wp:attachment":[{"href":"https:\/\/nordicmart.andreevmaster.com\/fi\/wp-json\/wp\/v2\/media?parent=36229"}],"wp:term":[{"taxonomy":"product_brand","embeddable":true,"href":"https:\/\/nordicmart.andreevmaster.com\/fi\/wp-json\/wp\/v2\/product_brand?post=36229"},{"taxonomy":"product_cat","embeddable":true,"href":"https:\/\/nordicmart.andreevmaster.com\/fi\/wp-json\/wp\/v2\/product_cat?post=36229"},{"taxonomy":"product_tag","embeddable":true,"href":"https:\/\/nordicmart.andreevmaster.com\/fi\/wp-json\/wp\/v2\/product_tag?post=36229"}],"curies":[{"name":"wp","href":"https:\/\/api.w.org\/{rel}","templated":true}]}}