{"id":36228,"date":"2026-02-27T00:33:31","date_gmt":"2026-02-27T00:33:31","guid":{"rendered":"https:\/\/nordicmart.andreevmaster.com\/product\/songmics-tyotuoli-taitettavilla-kasinojilla\/"},"modified":"2026-02-27T09:51:28","modified_gmt":"2026-02-27T09:51:28","slug":"songmics-tyotuoli-taitettavilla-kasinojilla","status":"publish","type":"product","link":"https:\/\/nordicmart.andreevmaster.com\/fi\/tuote\/songmics-tyotuoli-taitettavilla-kasinojilla\/","title":{"rendered":"SONGMICS-ty\u00f6tuoli taitettavilla k\u00e4sinojilla"},"content":{"rendered":"<p>Parempi mukavuus, parempi tuottavuus: ep\u00e4mukavasta tuolista johtuvat selk\u00e4kivut h\u00e4iritsev\u00e4t paitsi ty\u00f6t\u00e4 my\u00f6s kaikkia muita el\u00e4m\u00e4nalueita. T\u00e4m\u00e4 ergonominen tuoli SONGMICSilt\u00e4 tarjoaa sinulle korkean mukavuuden, jotta voit keskitty\u00e4 olennaiseen. Kuinka voit lis\u00e4t\u00e4 tuottavuuttasi t\u00e4ll\u00e4 py\u00f6riv\u00e4ll\u00e4 tuolilla?Tyylik\u00e4s yhdistelm\u00e4 mustaa v\u00e4ri\u00e4 ja sile\u00e4\u00e4 PU-verhoilua antaa sinulle uutta energiaa. S\u00e4\u00e4d\u00e4 istuimen ja p\u00e4\u00e4ntuen korkeutta (3-portainen s\u00e4\u00e4t\u00f6) l\u00f6yt\u00e4\u00e4ksesi ihanteellisen istuma-asennon n\u00e4yt\u00f6n korkeudelle. Vaahtomuovipehmusteinen istuin ja ergonominen selk\u00e4noja tarjoavat lis\u00e4\u00e4 mukavuutta ty\u00f6skentelyyn. Hieman v\u00e4synyt? Kallista tuolia taaksep\u00e4in jopa 20\u00b0. T\u00e4m\u00e4n toiminnon avulla voit rentoutua muutaman minuutin ajan ja jatkaa sitten ty\u00f6t\u00e4si. Ty\u00f6t on vihdoin tehty! K\u00e4\u00e4nn\u00e4 t\u00e4m\u00e4n ty\u00f6tuolin k\u00e4sinojat yl\u00f6sp\u00e4in ja ty\u00f6nn\u00e4 tuoli ty\u00f6p\u00f6yd\u00e4n alle tilan s\u00e4\u00e4st\u00e4miseksi. Tuotetiedot: V\u00e4ri: musta Materiaali: vaneri, vaahtomuovi, PU, nailonpy\u00f6r\u00e4t Kokonaismitat: 70 x 72 x (119-129) cm (P x L x K) Istuinkorkeus: 52\u201361 cm Istuimen mitat: 51 x 52 cm (P x L) Selk\u00e4nojan mitat (sis. p\u00e4\u00e4ntuki): 51 x 91 cm (P x K) K\u00e4sinojien korkeus (istuinpinnasta): 24 cm K\u00e4sinojien korkeus (lattiasta): 71\u201381 cm Paino: 17,5 kgMaks. staattinen kantavuus: 150 kgToimitus sis\u00e4lt\u00e4\u00e4:1 x ty\u00f6tuoli1 x lis\u00e4varustepaketti1 x ohjeSONGMICS Huomautukset:K\u00e4yt\u00e4 alustaa, jos haluat k\u00e4ytt\u00e4\u00e4 tuolia puulattialla.Kun keinutoimintoa k\u00e4ytet\u00e4\u00e4n, tuolin istuin ja selk\u00e4noja kallistuvat taaksep\u00e4in samanaikaisesti; selk\u00e4nojaa ei voi kallisttaa erikseen.<\/p>\n","protected":false},"excerpt":{"rendered":"<p>SONGMICS toimistotuoli, ergonominen py\u00f6riv\u00e4 tuoli, taitettavat k\u00e4sinojat, nylon-t\u00e4htijalka, kantavuus 150 kg, musta OBG65BK<\/p>\n","protected":false},"featured_media":44535,"comment_status":"open","ping_status":"closed","template":"","meta":[],"product_brand":[],"product_cat":[32],"product_tag":[],"class_list":{"0":"post-36228","1":"product","2":"type-product","3":"status-publish","4":"has-post-thumbnail","6":"product_cat-uncategorized-fi","8":"first","9":"instock","10":"shipping-taxable","11":"purchasable","12":"product-type-simple"},"_links":{"self":[{"href":"https:\/\/nordicmart.andreevmaster.com\/fi\/wp-json\/wp\/v2\/product\/36228","targetHints":{"allow":["GET"]}}],"collection":[{"href":"https:\/\/nordicmart.andreevmaster.com\/fi\/wp-json\/wp\/v2\/product"}],"about":[{"href":"https:\/\/nordicmart.andreevmaster.com\/fi\/wp-json\/wp\/v2\/types\/product"}],"replies":[{"embeddable":true,"href":"https:\/\/nordicmart.andreevmaster.com\/fi\/wp-json\/wp\/v2\/comments?post=36228"}],"wp:featuredmedia":[{"embeddable":true,"href":"https:\/\/nordicmart.andreevmaster.com\/fi\/wp-json\/wp\/v2\/media\/44535"}],"wp:attachment":[{"href":"https:\/\/nordicmart.andreevmaster.com\/fi\/wp-json\/wp\/v2\/media?parent=36228"}],"wp:term":[{"taxonomy":"product_brand","embeddable":true,"href":"https:\/\/nordicmart.andreevmaster.com\/fi\/wp-json\/wp\/v2\/product_brand?post=36228"},{"taxonomy":"product_cat","embeddable":true,"href":"https:\/\/nordicmart.andreevmaster.com\/fi\/wp-json\/wp\/v2\/product_cat?post=36228"},{"taxonomy":"product_tag","embeddable":true,"href":"https:\/\/nordicmart.andreevmaster.com\/fi\/wp-json\/wp\/v2\/product_tag?post=36228"}],"curies":[{"name":"wp","href":"https:\/\/api.w.org\/{rel}","templated":true}]}}