{"id":36227,"date":"2026-02-27T00:33:31","date_gmt":"2026-02-27T00:33:31","guid":{"rendered":"https:\/\/nordicmart.andreevmaster.com\/product\/songmics-ergonominen-tyotuoli-musta\/"},"modified":"2026-02-27T09:51:28","modified_gmt":"2026-02-27T09:51:28","slug":"songmics-ergonominen-tyotuoli-musta","status":"publish","type":"product","link":"https:\/\/nordicmart.andreevmaster.com\/fi\/tuote\/songmics-ergonominen-tyotuoli-musta\/","title":{"rendered":"SONGMICS Ergonominen ty\u00f6tuoli, musta"},"content":{"rendered":"<p>Kaunis ja mukava ty\u00f6tuoli T\u00e4m\u00e4 tuoli on todella esteettinen verrattuna muihin tavallisiin ty\u00f6tuoleihin.  K\u00e4\u00e4nnett\u00e4v\u00e4t k\u00e4sinojat optimoivat toimisto- tai kotity\u00f6tilasi. T\u00e4m\u00e4 py\u00f6riv\u00e4 tuoli on varustettu nailonrullilla. Se on korkeuss\u00e4\u00e4dett\u00e4v\u00e4 ja kallistettava. T\u00e4ss\u00e4 upeassa tuolissa on turvallinen kaasujousi, joka on T\u00dcV Rheinlandin testaama DIN4550-standardin mukaisesti.  Prioriteettimme on tyydytt\u00e4\u00e4 sinut t\u00e4ysin, ja siksi takaamme t\u00e4m\u00e4n. Valitse SONGMICS ! Tuotetiedot : &#8211; V\u00e4ri: musta Tuotteen mitat &#8211; Tuotteen korkeus : 115-125 cm &#8211; Tuotteen leveys: 76 cm &#8211; Istuinkorkeus: 49-59 cm &#8211; Istuimen leveys: 52 cm &#8211; Istuimen syvyys: 52 cm Materiaalit : &#8211; Rulla: nailon &#8211; T\u00e4htijalka: nylon &#8211; K\u00e4sinojien runko: nylon &#8211; K\u00e4sinojien pinta: PU  &#8211; Paino: 17,7 kg &#8211; Suurin kantavuus: 150 kg Toimitus sis\u00e4lt\u00e4\u00e4\uff1a- 1 x toimistotuoli- 1 x kuusiokoloavain- 1 x lis\u00e4varustepussi- 1 x asennusohjeet (FR, DE, EN, ES, IT)SONGMICS Huomautukset:- Pitk\u00e4 istuminen vaikuttaa negatiivisesti kehoon. Tee pieni\u00e4 liikkeit\u00e4 tuolissasi ja venyttele puolen tunnin v\u00e4lein.<\/p>\n","protected":false},"excerpt":{"rendered":"<p>SONGMICS toimistotuoli, ergonominen py\u00f6riv\u00e4 tuoli, pelituoli, jossa on yl\u00f6s nostettavat k\u00e4sinojat, tietokonetuoli, nailoninen t\u00e4htijalka, maks. staattinen kantavuus 150 kg, toimistoon, ty\u00f6huoneeseen, musta OBG63BK<\/p>\n","protected":false},"featured_media":44534,"comment_status":"open","ping_status":"closed","template":"","meta":[],"product_brand":[],"product_cat":[32],"product_tag":[],"class_list":{"0":"post-36227","1":"product","2":"type-product","3":"status-publish","4":"has-post-thumbnail","6":"product_cat-uncategorized-fi","8":"first","9":"instock","10":"shipping-taxable","11":"purchasable","12":"product-type-simple"},"_links":{"self":[{"href":"https:\/\/nordicmart.andreevmaster.com\/fi\/wp-json\/wp\/v2\/product\/36227","targetHints":{"allow":["GET"]}}],"collection":[{"href":"https:\/\/nordicmart.andreevmaster.com\/fi\/wp-json\/wp\/v2\/product"}],"about":[{"href":"https:\/\/nordicmart.andreevmaster.com\/fi\/wp-json\/wp\/v2\/types\/product"}],"replies":[{"embeddable":true,"href":"https:\/\/nordicmart.andreevmaster.com\/fi\/wp-json\/wp\/v2\/comments?post=36227"}],"wp:featuredmedia":[{"embeddable":true,"href":"https:\/\/nordicmart.andreevmaster.com\/fi\/wp-json\/wp\/v2\/media\/44534"}],"wp:attachment":[{"href":"https:\/\/nordicmart.andreevmaster.com\/fi\/wp-json\/wp\/v2\/media?parent=36227"}],"wp:term":[{"taxonomy":"product_brand","embeddable":true,"href":"https:\/\/nordicmart.andreevmaster.com\/fi\/wp-json\/wp\/v2\/product_brand?post=36227"},{"taxonomy":"product_cat","embeddable":true,"href":"https:\/\/nordicmart.andreevmaster.com\/fi\/wp-json\/wp\/v2\/product_cat?post=36227"},{"taxonomy":"product_tag","embeddable":true,"href":"https:\/\/nordicmart.andreevmaster.com\/fi\/wp-json\/wp\/v2\/product_tag?post=36227"}],"curies":[{"name":"wp","href":"https:\/\/api.w.org\/{rel}","templated":true}]}}