{"id":36226,"date":"2026-02-27T00:33:30","date_gmt":"2026-02-27T00:33:30","guid":{"rendered":"https:\/\/nordicmart.andreevmaster.com\/product\/songmics-toimistotuoli-musta-harmaa\/"},"modified":"2026-02-27T09:51:27","modified_gmt":"2026-02-27T09:51:27","slug":"songmics-toimistotuoli-musta-harmaa","status":"publish","type":"product","link":"https:\/\/nordicmart.andreevmaster.com\/fi\/tuote\/songmics-toimistotuoli-musta-harmaa\/","title":{"rendered":"SONGMICS toimistotuoli musta-harmaa"},"content":{"rendered":"<p>Mukava toimistotuoli urheiluistuimella \u2013 t\u00e4ss\u00e4 ovat sen edut: Moderni ulkon\u00e4k\u00f6; inspiraationa autojen urheiluistuimet Korkeuss\u00e4\u00e4dett\u00e4v\u00e4 115\u2013125 cm:n v\u00e4lill\u00e4 Varustettu keinutoiminnolla (90\u00b0\u2013110\u00b0) Yl\u00f6s nostettavat k\u00e4sinojat; tuoli mahtuu t\u00e4ydellisesti ty\u00f6p\u00f6yd\u00e4n alle Ergonominen muotoilu; mukautuu kehosi muotoihin ja ehk\u00e4isee ep\u00e4terveellist\u00e4 istuma-asentoaVakaa nyloninen t\u00e4htijalka; kantavuus jopa 150 kgT\u00dcV-testattu kaasusylinteriTuotetiedot:V\u00e4ri: musta-harmaaMitat:Tuotteen korkeus: 115\u2013125 cmTuotteen leveys: 76 cmTuotteen syvyys: 71,5 cmIstuinkorkeus: 49\u201359 cm Istuimen leveys: 52 cm Istuimen syvyys: 52 cm Istuimen ja k\u00e4sinojien v\u00e4linen et\u00e4isyys: 22 cm Selk\u00e4nojan korkeus: 77 cm T\u00e4htijalan halkaisija: 70 cm Py\u00f6rien halkaisija: 50 mm Py\u00f6rien akselin halkaisija: 11 mm Materiaalit: Py\u00f6r\u00e4t: Nailon T\u00e4htijalka: NailonK\u00e4sinojat: NailonK\u00e4sinojien pinta: PUIstuin: Vaahtomuovi, PU-keinonahka, polyesteriPaino: 17,7 kgMaks. staattinen kantavuus: 150 kgToimitus sis\u00e4lt\u00e4\u00e4:1 x ty\u00f6tuoli1 x kuusiokoloavain1 x lis\u00e4varustepaketti1 x ohjeetSONGMICS Huomautukset:Pitk\u00e4 istuminen vaikuttaa negatiivisesti kehoon. Tee s\u00e4\u00e4nn\u00f6llisesti pieni\u00e4 liikkeit\u00e4 tuolissasi ja venyttele puolen tunnin v\u00e4lein.<\/p>\n","protected":false},"excerpt":{"rendered":"<p>SONGMICS toimistotuoli, ergonominen py\u00f6riv\u00e4 tuoli, pelituoli, jossa on yl\u00f6s nostettavat k\u00e4sinojat, tietokonetuoli, nailoninen t\u00e4htijalka, maks. staattinen kantavuus 150 kg, toimistoon, ty\u00f6huoneeseen, musta OBG63BK<\/p>\n","protected":false},"featured_media":44533,"comment_status":"open","ping_status":"closed","template":"","meta":[],"product_brand":[],"product_cat":[32],"product_tag":[],"class_list":{"0":"post-36226","1":"product","2":"type-product","3":"status-publish","4":"has-post-thumbnail","6":"product_cat-uncategorized-fi","8":"first","9":"instock","10":"shipping-taxable","11":"purchasable","12":"product-type-simple"},"_links":{"self":[{"href":"https:\/\/nordicmart.andreevmaster.com\/fi\/wp-json\/wp\/v2\/product\/36226","targetHints":{"allow":["GET"]}}],"collection":[{"href":"https:\/\/nordicmart.andreevmaster.com\/fi\/wp-json\/wp\/v2\/product"}],"about":[{"href":"https:\/\/nordicmart.andreevmaster.com\/fi\/wp-json\/wp\/v2\/types\/product"}],"replies":[{"embeddable":true,"href":"https:\/\/nordicmart.andreevmaster.com\/fi\/wp-json\/wp\/v2\/comments?post=36226"}],"wp:featuredmedia":[{"embeddable":true,"href":"https:\/\/nordicmart.andreevmaster.com\/fi\/wp-json\/wp\/v2\/media\/44533"}],"wp:attachment":[{"href":"https:\/\/nordicmart.andreevmaster.com\/fi\/wp-json\/wp\/v2\/media?parent=36226"}],"wp:term":[{"taxonomy":"product_brand","embeddable":true,"href":"https:\/\/nordicmart.andreevmaster.com\/fi\/wp-json\/wp\/v2\/product_brand?post=36226"},{"taxonomy":"product_cat","embeddable":true,"href":"https:\/\/nordicmart.andreevmaster.com\/fi\/wp-json\/wp\/v2\/product_cat?post=36226"},{"taxonomy":"product_tag","embeddable":true,"href":"https:\/\/nordicmart.andreevmaster.com\/fi\/wp-json\/wp\/v2\/product_tag?post=36226"}],"curies":[{"name":"wp","href":"https:\/\/api.w.org\/{rel}","templated":true}]}}