{"id":36225,"date":"2026-02-27T00:33:30","date_gmt":"2026-02-27T00:33:30","guid":{"rendered":"https:\/\/nordicmart.andreevmaster.com\/product\/songmics-toimistotuoli-keinonahka-musta\/"},"modified":"2026-02-27T09:51:27","modified_gmt":"2026-02-27T09:51:27","slug":"songmics-toimistotuoli-keinonahka-musta","status":"publish","type":"product","link":"https:\/\/nordicmart.andreevmaster.com\/fi\/tuote\/songmics-toimistotuoli-keinonahka-musta\/","title":{"rendered":"SONGMICS toimistotuoli keinonahka musta"},"content":{"rendered":"<p>Kuvaus:  &#8211; Songmics on aina asiakasl\u00e4ht\u00f6inen ja sitoutunut tarjoamaan korkealaatuisia tuotteita, joilla on hyv\u00e4 hinta-laatusuhde. Tyylikk\u00e4\u00e4sti muotoiltu Sogmics-ty\u00f6tuoli yhdist\u00e4\u00e4 toiminnallisuuden ja mukavuuden nautittavuuteen! &#8211; Laadukkaiden materiaalien ja parannettujen lis\u00e4varusteiden ansiosta Songmics-ty\u00f6tuoli on todella mukava, k\u00e4yt\u00e4nn\u00f6llinen ja kest\u00e4v\u00e4. Todellinen katseenvangitsija huoneessasi!  Huomautus: &#8211; Kun kokoat tukiosan, huomaa, ett\u00e4 puolella, jossa on merkint\u00e4 &#8221;Front&#8221;, tulee olla edess\u00e4. &#8211; Tartu takana olevaan oikeaan vipuun ja ved\u00e4 sit\u00e4, niin voit s\u00e4\u00e4t\u00e4\u00e4 istuinkorkeutta portaattomasti painamalla tai kevent\u00e4m\u00e4ll\u00e4 tuolia vipua vedett\u00e4ess\u00e4, kunnes haluttu istuinkorkeus on saavutettu. Kun ved\u00e4t vipua ulosp\u00e4in, keinutoiminto aktivoituu. Selk\u00e4noja ei ole t\u00e4ll\u00f6in lukittu, ja se tukee selk\u00e4\u00e4 kaikissa liikkeiss\u00e4 ja liikkuu dynaamisesti mukana. Kun vipu painetaan takaisin sis\u00e4\u00e4np\u00e4in, keinutoiminto deaktivoituu. Selk\u00e4noja voidaan j\u00e4lleen lukita. &#8211; Kun keinutoiminto on aktivoitu, istuin ja selk\u00e4noja liikkuvat yhdess\u00e4, kun nojaudutaan taaksep\u00e4in. Selk\u00e4nojan kallistusta ei voi s\u00e4\u00e4t\u00e4\u00e4 erikseen istuinosasta. Tuotetiedot: &#8211; Kokonaiskorkeus: noin 119\u2013129 cm &#8211; Selk\u00e4nojan korkeus: noin 80 cm &#8211; Istuin: 53 x 52 cm (L x S) &#8211; Istuinkorkeus: noin 45,5\u201354 cm &#8211; Materiaali: PU + vaahtomuovi + ter\u00e4s + nailon Toimitus sis\u00e4lt\u00e4\u00e4: &#8211; 1 x ty\u00f6tuoli &#8211; 1 x ohjeet (saksa, englanti, ranska, italia, espanja) &#8211; 1 x kiinnitystarvikepussi<\/p>\n","protected":false},"excerpt":{"rendered":"<p>SONGMICS Racing-tuoli, toimistotuoli, pelituoli, johtajatuoli, py\u00f6riv\u00e4 tuoli, PU, musta, OBG62B<\/p>\n","protected":false},"featured_media":44532,"comment_status":"open","ping_status":"closed","template":"","meta":[],"product_brand":[],"product_cat":[32],"product_tag":[],"class_list":{"0":"post-36225","1":"product","2":"type-product","3":"status-publish","4":"has-post-thumbnail","6":"product_cat-uncategorized-fi","8":"first","9":"instock","10":"shipping-taxable","11":"purchasable","12":"product-type-simple"},"_links":{"self":[{"href":"https:\/\/nordicmart.andreevmaster.com\/fi\/wp-json\/wp\/v2\/product\/36225","targetHints":{"allow":["GET"]}}],"collection":[{"href":"https:\/\/nordicmart.andreevmaster.com\/fi\/wp-json\/wp\/v2\/product"}],"about":[{"href":"https:\/\/nordicmart.andreevmaster.com\/fi\/wp-json\/wp\/v2\/types\/product"}],"replies":[{"embeddable":true,"href":"https:\/\/nordicmart.andreevmaster.com\/fi\/wp-json\/wp\/v2\/comments?post=36225"}],"wp:featuredmedia":[{"embeddable":true,"href":"https:\/\/nordicmart.andreevmaster.com\/fi\/wp-json\/wp\/v2\/media\/44532"}],"wp:attachment":[{"href":"https:\/\/nordicmart.andreevmaster.com\/fi\/wp-json\/wp\/v2\/media?parent=36225"}],"wp:term":[{"taxonomy":"product_brand","embeddable":true,"href":"https:\/\/nordicmart.andreevmaster.com\/fi\/wp-json\/wp\/v2\/product_brand?post=36225"},{"taxonomy":"product_cat","embeddable":true,"href":"https:\/\/nordicmart.andreevmaster.com\/fi\/wp-json\/wp\/v2\/product_cat?post=36225"},{"taxonomy":"product_tag","embeddable":true,"href":"https:\/\/nordicmart.andreevmaster.com\/fi\/wp-json\/wp\/v2\/product_tag?post=36225"}],"curies":[{"name":"wp","href":"https:\/\/api.w.org\/{rel}","templated":true}]}}