{"id":36224,"date":"2026-02-27T00:33:30","date_gmt":"2026-02-27T00:33:30","guid":{"rendered":"https:\/\/nordicmart.andreevmaster.com\/product\/songmics-tyotuoli-levealla-istuimella\/"},"modified":"2026-02-27T09:51:27","modified_gmt":"2026-02-27T09:51:27","slug":"songmics-tyotuoli-levealla-istuimella","status":"publish","type":"product","link":"https:\/\/nordicmart.andreevmaster.com\/fi\/tuote\/songmics-tyotuoli-levealla-istuimella\/","title":{"rendered":"SONGMICS-ty\u00f6tuoli leve\u00e4ll\u00e4 istuimella"},"content":{"rendered":"<p>Huomautus: &#8211; Kun kokoat tukiosan, huomaa, ett\u00e4 puolella, jossa on merkint\u00e4 &#8221;Front&#8221;, tulee olla edess\u00e4. &#8211; Kun ved\u00e4t vivusta ulosp\u00e4in, keinutoiminto aktivoituu. Selk\u00e4noja ei ole t\u00e4ll\u00f6in kiinnitetty, ja se tukee selk\u00e4\u00e4 jokaisessa liikkeess\u00e4 ja liikkuu dynaamisesti mukana. Kun ved\u00e4t vivusta taas sis\u00e4\u00e4np\u00e4in, keinutoiminto deaktivoituu. Selk\u00e4noja voidaan taas lukita.  &#8211; Kun keinutoiminto aktivoidaan, istuin ja selk\u00e4noja liikkuvat yhdess\u00e4, kun nojaat taaksep\u00e4in. Selk\u00e4nojan kallistusta ei voi s\u00e4\u00e4t\u00e4\u00e4 erikseen istuinosasta. Tuotetiedot: &#8211; V\u00e4ri: musta &#8211; Materiaali: keinonahka, sieni, kromattu metalli  &#8211; Kaasujousi on testattu SGS:ll\u00e4 BIFMA X 5.1 -standardin mukaisesti ja T\u00dcV Rheinlandilla DIN 4550 -standardin, luokka 3, mukaisesti. &#8211; Sertifikaatin haltija on toimittaja. Toimitus sis\u00e4lt\u00e4\u00e4: &#8211; 1 x ty\u00f6tuoli &#8211; 1 x ohjeet (saksa, englanti, ranska, italia, espanja) &#8211; 1 x kiinnityspussi<\/p>\n","protected":false},"excerpt":{"rendered":"<p>SONGMICS toimistotuoli, p\u00e4\u00e4llik\u00f6n tuoli, py\u00f6riv\u00e4 tuoli, tietokonetuoli, istuinkorkeuden s\u00e4\u00e4t\u00f6, toimistotuoli, verhoilu OBG57B<\/p>\n","protected":false},"featured_media":44531,"comment_status":"open","ping_status":"closed","template":"","meta":[],"product_brand":[],"product_cat":[32],"product_tag":[],"class_list":{"0":"post-36224","1":"product","2":"type-product","3":"status-publish","4":"has-post-thumbnail","6":"product_cat-uncategorized-fi","8":"first","9":"instock","10":"shipping-taxable","11":"purchasable","12":"product-type-simple"},"_links":{"self":[{"href":"https:\/\/nordicmart.andreevmaster.com\/fi\/wp-json\/wp\/v2\/product\/36224","targetHints":{"allow":["GET"]}}],"collection":[{"href":"https:\/\/nordicmart.andreevmaster.com\/fi\/wp-json\/wp\/v2\/product"}],"about":[{"href":"https:\/\/nordicmart.andreevmaster.com\/fi\/wp-json\/wp\/v2\/types\/product"}],"replies":[{"embeddable":true,"href":"https:\/\/nordicmart.andreevmaster.com\/fi\/wp-json\/wp\/v2\/comments?post=36224"}],"wp:featuredmedia":[{"embeddable":true,"href":"https:\/\/nordicmart.andreevmaster.com\/fi\/wp-json\/wp\/v2\/media\/44531"}],"wp:attachment":[{"href":"https:\/\/nordicmart.andreevmaster.com\/fi\/wp-json\/wp\/v2\/media?parent=36224"}],"wp:term":[{"taxonomy":"product_brand","embeddable":true,"href":"https:\/\/nordicmart.andreevmaster.com\/fi\/wp-json\/wp\/v2\/product_brand?post=36224"},{"taxonomy":"product_cat","embeddable":true,"href":"https:\/\/nordicmart.andreevmaster.com\/fi\/wp-json\/wp\/v2\/product_cat?post=36224"},{"taxonomy":"product_tag","embeddable":true,"href":"https:\/\/nordicmart.andreevmaster.com\/fi\/wp-json\/wp\/v2\/product_tag?post=36224"}],"curies":[{"name":"wp","href":"https:\/\/api.w.org\/{rel}","templated":true}]}}