{"id":36222,"date":"2026-02-27T00:33:29","date_gmt":"2026-02-27T00:33:29","guid":{"rendered":"https:\/\/nordicmart.andreevmaster.com\/product\/songmics-ergonominen-pyoriva-toimistotuoli-musta-valkoinen\/"},"modified":"2026-02-27T09:51:27","modified_gmt":"2026-02-27T09:51:27","slug":"songmics-ergonominen-pyoriva-toimistotuoli-musta-valkoinen","status":"publish","type":"product","link":"https:\/\/nordicmart.andreevmaster.com\/fi\/tuote\/songmics-ergonominen-pyoriva-toimistotuoli-musta-valkoinen\/","title":{"rendered":"SONGMICS Ergonominen py\u00f6riv\u00e4 toimistotuoli, musta-valkoinen"},"content":{"rendered":"<p>SONGMICS Racing-ty\u00f6tuoli Pelituoli Puheenjohtajan tuoli K\u00e4\u00e4ntyv\u00e4 tuoli PU musta-sininen OBG56L, 76.56632<br \/>\nV\u00e4ri: musta-valkoinen<br \/>\nTuotteen mitat: 70,1 x 70,1 x 120,9 cm; 16,78 kg<br \/>\nMuut tekniset tiedot: S\u00e4\u00e4dett\u00e4v\u00e4 korkeus, k\u00e4sinojat, ergonominen, py\u00f6rill\u00e4, k\u00e4\u00e4ntyv\u00e4<br \/>\nTuotteen paino: 16,8 kg<\/p>\n","protected":false},"excerpt":{"rendered":"<p>SONGMICS Racing-ty\u00f6tuoli Pelituoli Puheenjohtajan tuoli K\u00e4\u00e4ntyv\u00e4 tuoli PU musta-sininen OBG56L, 76.56632<\/p>\n","protected":false},"featured_media":44529,"comment_status":"open","ping_status":"closed","template":"","meta":[],"product_brand":[],"product_cat":[32],"product_tag":[],"class_list":{"0":"post-36222","1":"product","2":"type-product","3":"status-publish","4":"has-post-thumbnail","6":"product_cat-uncategorized-fi","8":"first","9":"instock","10":"shipping-taxable","11":"purchasable","12":"product-type-simple"},"_links":{"self":[{"href":"https:\/\/nordicmart.andreevmaster.com\/fi\/wp-json\/wp\/v2\/product\/36222","targetHints":{"allow":["GET"]}}],"collection":[{"href":"https:\/\/nordicmart.andreevmaster.com\/fi\/wp-json\/wp\/v2\/product"}],"about":[{"href":"https:\/\/nordicmart.andreevmaster.com\/fi\/wp-json\/wp\/v2\/types\/product"}],"replies":[{"embeddable":true,"href":"https:\/\/nordicmart.andreevmaster.com\/fi\/wp-json\/wp\/v2\/comments?post=36222"}],"wp:featuredmedia":[{"embeddable":true,"href":"https:\/\/nordicmart.andreevmaster.com\/fi\/wp-json\/wp\/v2\/media\/44529"}],"wp:attachment":[{"href":"https:\/\/nordicmart.andreevmaster.com\/fi\/wp-json\/wp\/v2\/media?parent=36222"}],"wp:term":[{"taxonomy":"product_brand","embeddable":true,"href":"https:\/\/nordicmart.andreevmaster.com\/fi\/wp-json\/wp\/v2\/product_brand?post=36222"},{"taxonomy":"product_cat","embeddable":true,"href":"https:\/\/nordicmart.andreevmaster.com\/fi\/wp-json\/wp\/v2\/product_cat?post=36222"},{"taxonomy":"product_tag","embeddable":true,"href":"https:\/\/nordicmart.andreevmaster.com\/fi\/wp-json\/wp\/v2\/product_tag?post=36222"}],"curies":[{"name":"wp","href":"https:\/\/api.w.org\/{rel}","templated":true}]}}