{"id":36221,"date":"2026-02-27T00:33:29","date_gmt":"2026-02-27T00:33:29","guid":{"rendered":"https:\/\/nordicmart.andreevmaster.com\/product\/songmics-tuoli-toimistotuoli-pelituoli-johtajan-tuoli\/"},"modified":"2026-02-27T09:51:26","modified_gmt":"2026-02-27T09:51:26","slug":"songmics-tuoli-toimistotuoli-pelituoli-johtajan-tuoli","status":"publish","type":"product","link":"https:\/\/nordicmart.andreevmaster.com\/fi\/tuote\/songmics-tuoli-toimistotuoli-pelituoli-johtajan-tuoli\/","title":{"rendered":"SONGMICS tuoli toimistotuoli pelituoli johtajan tuoli"},"content":{"rendered":"<p>Kuvaus:  &#8211; Songmics on aina asiakasl\u00e4ht\u00f6inen ja sitoutunut tarjoamaan korkealaatuisia tuotteita, joilla on hyv\u00e4 hinta-laatusuhde. Tyylikk\u00e4\u00e4sti muotoiltu Songmics-ty\u00f6tuoli yhdist\u00e4\u00e4 toiminnallisuuden ja mukavuuden nautittavaksi kokonaisuudeksi!  &#8211; Laadukkaista materiaaleista ja parannetuista lis\u00e4varusteista valmistettu Songmics-ty\u00f6tuoli on todella mukava, k\u00e4yt\u00e4nn\u00f6llinen ja kest\u00e4v\u00e4. Se on todellinen katseenvangitsija huoneessasi! Huomautus:  &#8211; Kun kokoat tukiosan, huomaa, ett\u00e4 puolella, jossa on merkint\u00e4 &#8221;Front&#8221;, tulee olla edess\u00e4.  &#8211; Tartu takana olevaan oikeaan vipuun ja ved\u00e4 sit\u00e4, niin voit s\u00e4\u00e4t\u00e4\u00e4 istuinkorkeutta portaattomasti painamalla tai kevent\u00e4m\u00e4ll\u00e4 tuolia vipua vedett\u00e4ess\u00e4, kunnes haluttu istuinkorkeus on saavutettu. Kun ved\u00e4t vipua ulosp\u00e4in, keinutoiminto aktivoituu. Selk\u00e4noja ei ole t\u00e4ll\u00f6in lukittu, ja se tukee selk\u00e4\u00e4 jokaisessa liikkeess\u00e4 ja liikkuu dynaamisesti mukana. Kun vipu painetaan takaisin sis\u00e4\u00e4np\u00e4in, keinutoiminto deaktivoituu. Selk\u00e4noja voidaan j\u00e4lleen lukita.  &#8211; Kun keinutoiminto aktivoidaan, istuin ja selk\u00e4noja liikkuvat yhdess\u00e4, kun nojaudutaan taaksep\u00e4in. Selk\u00e4nojan kallistusta ei voi s\u00e4\u00e4t\u00e4\u00e4 erikseen istuinosasta. Tuotetiedot: &#8211; Kokonaiskorkeus: noin 111\u2013121 cm &#8211; Selk\u00e4nojan korkeus: noin 73 cm &#8211; Istuinkorkeus: noin 45\u201355 cm &#8211; Tuolin leveys: 66,5 cm &#8211; K\u00e4sinojien korkeus: 69\u201379 cm &#8211; Materiaali: PU + vaahtomuovi + ter\u00e4s + nailon &#8211; V\u00e4ri: musta-punainen Toimitus sis\u00e4lt\u00e4\u00e4: &#8211; 1 x ty\u00f6tuoli jalkatukella &#8211; 1 x ohjeet (saksa, englanti, ranska, italia, espanja) &#8211; 1 x kiinnitystarvikepussi<\/p>\n","protected":false},"excerpt":{"rendered":"<p>SONGMICS Racing-ty\u00f6tuoli Pelituoli Puheenjohtajan tuoli K\u00e4\u00e4ntyv\u00e4 tuoli PU musta-sininen OBG56L, 76.56632<\/p>\n","protected":false},"featured_media":44528,"comment_status":"open","ping_status":"closed","template":"","meta":[],"product_brand":[],"product_cat":[32],"product_tag":[],"class_list":{"0":"post-36221","1":"product","2":"type-product","3":"status-publish","4":"has-post-thumbnail","6":"product_cat-uncategorized-fi","8":"first","9":"instock","10":"shipping-taxable","11":"purchasable","12":"product-type-simple"},"_links":{"self":[{"href":"https:\/\/nordicmart.andreevmaster.com\/fi\/wp-json\/wp\/v2\/product\/36221","targetHints":{"allow":["GET"]}}],"collection":[{"href":"https:\/\/nordicmart.andreevmaster.com\/fi\/wp-json\/wp\/v2\/product"}],"about":[{"href":"https:\/\/nordicmart.andreevmaster.com\/fi\/wp-json\/wp\/v2\/types\/product"}],"replies":[{"embeddable":true,"href":"https:\/\/nordicmart.andreevmaster.com\/fi\/wp-json\/wp\/v2\/comments?post=36221"}],"wp:featuredmedia":[{"embeddable":true,"href":"https:\/\/nordicmart.andreevmaster.com\/fi\/wp-json\/wp\/v2\/media\/44528"}],"wp:attachment":[{"href":"https:\/\/nordicmart.andreevmaster.com\/fi\/wp-json\/wp\/v2\/media?parent=36221"}],"wp:term":[{"taxonomy":"product_brand","embeddable":true,"href":"https:\/\/nordicmart.andreevmaster.com\/fi\/wp-json\/wp\/v2\/product_brand?post=36221"},{"taxonomy":"product_cat","embeddable":true,"href":"https:\/\/nordicmart.andreevmaster.com\/fi\/wp-json\/wp\/v2\/product_cat?post=36221"},{"taxonomy":"product_tag","embeddable":true,"href":"https:\/\/nordicmart.andreevmaster.com\/fi\/wp-json\/wp\/v2\/product_tag?post=36221"}],"curies":[{"name":"wp","href":"https:\/\/api.w.org\/{rel}","templated":true}]}}