{"id":36218,"date":"2026-02-27T00:33:28","date_gmt":"2026-02-27T00:33:28","guid":{"rendered":"https:\/\/nordicmart.andreevmaster.com\/product\/songmics-johtajan-tuoli-keinonahkaverhoilulla\/"},"modified":"2026-02-27T09:51:26","modified_gmt":"2026-02-27T09:51:26","slug":"songmics-johtajan-tuoli-keinonahkaverhoilulla","status":"publish","type":"product","link":"https:\/\/nordicmart.andreevmaster.com\/fi\/tuote\/songmics-johtajan-tuoli-keinonahkaverhoilulla\/","title":{"rendered":"SONGMICS-johtajan tuoli keinonahkaverhoilulla"},"content":{"rendered":"<p>Tuotetiedot: &#8211; Kokonaiskorkeus: 112\u2013122 cm &#8211; Selk\u00e4nojan korkeus: 76 cm &#8211; Istuin: 54 x 51 cm (L x S) &#8211; Istuinkorkeus: 45\u201355 cm &#8211; Materiaali: PU + vaahtomuovi + ter\u00e4s + nailon  Toimitus sis\u00e4lt\u00e4\u00e4: &#8211; 1 x toimistotuoli &#8211; 1 x lis\u00e4varustepaketti &#8211; 1 x ohjeet (saksa, englanti, ranska, italia, espanja) SONGMICS HUOMAUTUKSET: &#8211; Huomaa, ett\u00e4 istuinmekanismin merkint\u00e4 &#8221;Front&#8221; (etu) on oltava asennuksen aikana eteenp\u00e4in.<br \/>\n &#8211; Tartu tuolin alla olevaan takana olevaan oikeaan vipuun ja ved\u00e4<br \/>\n yl\u00f6sp\u00e4in istuimen korkeuden s\u00e4\u00e4t\u00e4miseksi. Ved\u00e4 vipua<br \/>\nulosp\u00e4in aktivoidaksesi keinutoiminnon<br \/>\n. Paina vipu takaisin sis\u00e4\u00e4n, jotta<br \/>\nkeinutoiminto pois p\u00e4\u00e4lt\u00e4<br \/>\n. &#8211; Kun<br \/>\nkeinutoiminto on aktivoitu, istuin ja selk\u00e4noja liikkuvat yhdess\u00e4. Selk\u00e4nojan kallistusta ei voi<br \/>\nei voi muuttaa erikseen.<\/p>\n","protected":false},"excerpt":{"rendered":"<p>SONGMICS toimistotuoli, ty\u00f6tuoli, kilpa-tuoli, pelituoli, johtajatuoli, py\u00f6riv\u00e4 tuoli, PU-keinonahka, musta OBG51B<\/p>\n","protected":false},"featured_media":44525,"comment_status":"open","ping_status":"closed","template":"","meta":[],"product_brand":[],"product_cat":[32],"product_tag":[],"class_list":{"0":"post-36218","1":"product","2":"type-product","3":"status-publish","4":"has-post-thumbnail","6":"product_cat-uncategorized-fi","8":"first","9":"instock","10":"shipping-taxable","11":"purchasable","12":"product-type-simple"},"_links":{"self":[{"href":"https:\/\/nordicmart.andreevmaster.com\/fi\/wp-json\/wp\/v2\/product\/36218","targetHints":{"allow":["GET"]}}],"collection":[{"href":"https:\/\/nordicmart.andreevmaster.com\/fi\/wp-json\/wp\/v2\/product"}],"about":[{"href":"https:\/\/nordicmart.andreevmaster.com\/fi\/wp-json\/wp\/v2\/types\/product"}],"replies":[{"embeddable":true,"href":"https:\/\/nordicmart.andreevmaster.com\/fi\/wp-json\/wp\/v2\/comments?post=36218"}],"wp:featuredmedia":[{"embeddable":true,"href":"https:\/\/nordicmart.andreevmaster.com\/fi\/wp-json\/wp\/v2\/media\/44525"}],"wp:attachment":[{"href":"https:\/\/nordicmart.andreevmaster.com\/fi\/wp-json\/wp\/v2\/media?parent=36218"}],"wp:term":[{"taxonomy":"product_brand","embeddable":true,"href":"https:\/\/nordicmart.andreevmaster.com\/fi\/wp-json\/wp\/v2\/product_brand?post=36218"},{"taxonomy":"product_cat","embeddable":true,"href":"https:\/\/nordicmart.andreevmaster.com\/fi\/wp-json\/wp\/v2\/product_cat?post=36218"},{"taxonomy":"product_tag","embeddable":true,"href":"https:\/\/nordicmart.andreevmaster.com\/fi\/wp-json\/wp\/v2\/product_tag?post=36218"}],"curies":[{"name":"wp","href":"https:\/\/api.w.org\/{rel}","templated":true}]}}