{"id":36217,"date":"2026-02-27T00:33:28","date_gmt":"2026-02-27T00:33:28","guid":{"rendered":"https:\/\/nordicmart.andreevmaster.com\/product\/songmics-johtajan-tuoli-keinonahkaverhoilu-musta\/"},"modified":"2026-02-27T09:51:26","modified_gmt":"2026-02-27T09:51:26","slug":"songmics-johtajan-tuoli-keinonahkaverhoilu-musta","status":"publish","type":"product","link":"https:\/\/nordicmart.andreevmaster.com\/fi\/tuote\/songmics-johtajan-tuoli-keinonahkaverhoilu-musta\/","title":{"rendered":"SONGMICS-johtajan tuoli, keinonahkaverhoilu, musta"},"content":{"rendered":"<p>Mukavuus on t\u00e4rkeint\u00e4: Mik\u00e4\u00e4n ei ole parempaa kuin istua mukavalla tuolilla toimistossa. Paksu pehmuste, s\u00e4\u00e4dett\u00e4v\u00e4 korkeus, kaarevat k\u00e4sinojat \u2013 t\u00e4m\u00e4 toimistotuoli tarjoaa erinomaisen mukavuuden. Lounastauolla voit keinua tuolilla 90\u00b0-110\u00b0 eteen ja taakse ja rentoutua ihanan mukavasti. Turvallinen ja luotettava: keinonahka on l\u00e4p\u00e4issyt T\u00dcV Rheinlandin ihonyst\u00e4v\u00e4llisyystestin (raportti nro 1160039759a 001). Auto-Return-sylinteri t\u00e4ytt\u00e4\u00e4 standardin EN 16955:2017-04, luokka 3 vaatimukset ja on saanut vastaavasti T\u00dcV Rheinlandin sertifikaatin (sertifikaatin nro 182836, haltija: toimittaja).Tuotetiedot: V\u00e4ri: musta Materiaali: PU-keinonahka, tihe\u00e4 vaahtomuovi, nailon, ter\u00e4s Koko: 65 x 63 x 93\u2013103 cm (P x L x K) Paino: 12,8 kg Maks. staattinen kuormituskyky: 120 kgToimitus sis\u00e4lt\u00e4\u00e4:1 x ty\u00f6tuoli1 x kuusiokoloavain1 x lis\u00e4varustepussi1 x ohjeet (DE, EN, FR, ES, IT)SONGMICS-huomautukset:- T\u00e4ss\u00e4 tuotteessa on vain keinumekanismi. Kallistuskulmaa ei voi lukita. &#8211; V\u00e4lt\u00e4 altistamasta tuotetta voimakkaalle auringonvalolle pitk\u00e4ksi aikaa. &#8211; Pid\u00e4 tuote poissa ter\u00e4vien ja ter\u00e4vien esineiden l\u00e4heisyydest\u00e4 vahingoittumisen v\u00e4ltt\u00e4miseksi.<\/p>\n","protected":false},"excerpt":{"rendered":"<p>SONGMICS toimistotuoli, ty\u00f6tuoli, p\u00e4\u00e4llik\u00f6n tuoli keinonahkaverhoilulla, mukava pehmuste, korkeuss\u00e4\u00e4dett\u00e4v\u00e4 93\u2013103 cm, keinutoiminto, ter\u00e4ksinen t\u00e4htijalka, musta OBG39BK<\/p>\n","protected":false},"featured_media":44524,"comment_status":"open","ping_status":"closed","template":"","meta":[],"product_brand":[],"product_cat":[32],"product_tag":[],"class_list":{"0":"post-36217","1":"product","2":"type-product","3":"status-publish","4":"has-post-thumbnail","6":"product_cat-uncategorized-fi","8":"first","9":"instock","10":"shipping-taxable","11":"purchasable","12":"product-type-simple"},"_links":{"self":[{"href":"https:\/\/nordicmart.andreevmaster.com\/fi\/wp-json\/wp\/v2\/product\/36217","targetHints":{"allow":["GET"]}}],"collection":[{"href":"https:\/\/nordicmart.andreevmaster.com\/fi\/wp-json\/wp\/v2\/product"}],"about":[{"href":"https:\/\/nordicmart.andreevmaster.com\/fi\/wp-json\/wp\/v2\/types\/product"}],"replies":[{"embeddable":true,"href":"https:\/\/nordicmart.andreevmaster.com\/fi\/wp-json\/wp\/v2\/comments?post=36217"}],"wp:featuredmedia":[{"embeddable":true,"href":"https:\/\/nordicmart.andreevmaster.com\/fi\/wp-json\/wp\/v2\/media\/44524"}],"wp:attachment":[{"href":"https:\/\/nordicmart.andreevmaster.com\/fi\/wp-json\/wp\/v2\/media?parent=36217"}],"wp:term":[{"taxonomy":"product_brand","embeddable":true,"href":"https:\/\/nordicmart.andreevmaster.com\/fi\/wp-json\/wp\/v2\/product_brand?post=36217"},{"taxonomy":"product_cat","embeddable":true,"href":"https:\/\/nordicmart.andreevmaster.com\/fi\/wp-json\/wp\/v2\/product_cat?post=36217"},{"taxonomy":"product_tag","embeddable":true,"href":"https:\/\/nordicmart.andreevmaster.com\/fi\/wp-json\/wp\/v2\/product_tag?post=36217"}],"curies":[{"name":"wp","href":"https:\/\/api.w.org\/{rel}","templated":true}]}}