{"id":36214,"date":"2026-02-27T00:33:27","date_gmt":"2026-02-27T00:33:27","guid":{"rendered":"https:\/\/nordicmart.andreevmaster.com\/product\/songmics-pelituoli-musta\/"},"modified":"2026-02-27T09:51:25","modified_gmt":"2026-02-27T09:51:25","slug":"songmics-pelituoli-musta","status":"publish","type":"product","link":"https:\/\/nordicmart.andreevmaster.com\/fi\/tuote\/songmics-pelituoli-musta\/","title":{"rendered":"SONGMICS pelituoli, musta"},"content":{"rendered":"<p>Intohimoiset pelaajat ja ahkerat toimistoty\u00f6ntekij\u00e4t voivat odottaa seuraavia etuja: &#8211; Tyylik\u00e4s ulkon\u00e4k\u00f6 tekonahkaverhoilun tikatulla kuviolla &#8211; Mukava, muodonpit\u00e4v\u00e4 vaahtomuovipehmuste &#8211; Hengitt\u00e4v\u00e4t verkkokankaat takaavat korkean istumamukavuuden &#8211; S-muotoinen selk\u00e4noja tarjoaa hyv\u00e4n tuen selk\u00e4rangalle ja niskaan &#8211; Asennus onnistuu 10-15 minuutissa ja sen voi tehd\u00e4 yksi henkil\u00f6 yksin &#8211; Kaasusylinteri ja keinonahka on testattu T\u00dcV Rheinlandin toimesta T\u00dcV-testattu laatu T\u00e4m\u00e4n pelituolin kaasusylinteri t\u00e4ytt\u00e4\u00e4 T\u00dcV Rheinlandin testiraportin mukaan standardin EN16955:2017-04 vaatimukset, luokka 3, joka koskee toimistotuoleissa k\u00e4ytett\u00e4vien, energiaa varastoivien, itsekantavien istuinkorkeuden s\u00e4\u00e4t\u00f6elementtien kantavia osia (testiraportti nro 9465173_06). T\u00e4st\u00e4 syyst\u00e4 toimittajallemme on my\u00f6nnetty vastaava &#8221;rakennetyyppihyv\u00e4ksynt\u00e4&#8221; -sertifikaatti (nro 182836, voimassa 24.6.2020 asti).My\u00f6s PU-keinonahkaverhoilu on testattu T\u00dcV Rheinlandin toimesta, eik\u00e4 siin\u00e4 ole havaittu testattuja haitallisia aineita (esimerkiksi REACH-asetuksen mukaisesti) (raportti nro 1160039759a 001).Tuotetiedot: &#8211; V\u00e4ri: musta &#8211; Materiaali: PU-keinonahka, vaahtomuovi, nailon &#8211; Kokonaismitat: 70 x 64 x 106-116 (P x L x K) &#8211; Selk\u00e4nojan leveys: 50 cm &#8211; Selk\u00e4nojan korkeus: 68 cm &#8211; Istuimen leveys: 50 cm &#8211; Istuimen syvyys: 50 cm &#8211; Korkeus lattiasta istuimeen: 45\u201355 cm &#8211; Korkeus lattiasta k\u00e4sinojaan: 65\u201375 cm &#8211; Paino: 14,5 kg &#8211; Maks. staattinen kantavuus: 150 kg Toimitus sis\u00e4lt\u00e4\u00e4: &#8211; 1 x pelituoli &#8211; 1 x kuusiokoloavain &#8211; 1 x s\u00e4ilytyslaatikko lis\u00e4varusteille &#8211; 1 x k\u00e4ytt\u00f6ohje (DE, EN, FR, ES, IT) SONGMICS-ohjeet:- \u00c4l\u00e4 altista tuotetta voimakkaalle auringonvalolle. &#8211; Pid\u00e4 tuote poissa ter\u00e4vien tai ter\u00e4vien esineiden l\u00e4heisyydest\u00e4 vahingoittumisen v\u00e4ltt\u00e4miseksi.<\/p>\n","protected":false},"excerpt":{"rendered":"<p>SONGMICS pelituoli, toimistotuoli keinutoiminnolla, kilpa-tuoli, ergonominen, S-muotoinen selk\u00e4noja, hyv\u00e4 lannerangalle, kantavuus 150 kg, keinonahka, musta-harmaa OBG38BG<\/p>\n","protected":false},"featured_media":44521,"comment_status":"open","ping_status":"closed","template":"","meta":[],"product_brand":[],"product_cat":[32],"product_tag":[],"class_list":{"0":"post-36214","1":"product","2":"type-product","3":"status-publish","4":"has-post-thumbnail","6":"product_cat-uncategorized-fi","8":"first","9":"instock","10":"shipping-taxable","11":"purchasable","12":"product-type-simple"},"_links":{"self":[{"href":"https:\/\/nordicmart.andreevmaster.com\/fi\/wp-json\/wp\/v2\/product\/36214","targetHints":{"allow":["GET"]}}],"collection":[{"href":"https:\/\/nordicmart.andreevmaster.com\/fi\/wp-json\/wp\/v2\/product"}],"about":[{"href":"https:\/\/nordicmart.andreevmaster.com\/fi\/wp-json\/wp\/v2\/types\/product"}],"replies":[{"embeddable":true,"href":"https:\/\/nordicmart.andreevmaster.com\/fi\/wp-json\/wp\/v2\/comments?post=36214"}],"wp:featuredmedia":[{"embeddable":true,"href":"https:\/\/nordicmart.andreevmaster.com\/fi\/wp-json\/wp\/v2\/media\/44521"}],"wp:attachment":[{"href":"https:\/\/nordicmart.andreevmaster.com\/fi\/wp-json\/wp\/v2\/media?parent=36214"}],"wp:term":[{"taxonomy":"product_brand","embeddable":true,"href":"https:\/\/nordicmart.andreevmaster.com\/fi\/wp-json\/wp\/v2\/product_brand?post=36214"},{"taxonomy":"product_cat","embeddable":true,"href":"https:\/\/nordicmart.andreevmaster.com\/fi\/wp-json\/wp\/v2\/product_cat?post=36214"},{"taxonomy":"product_tag","embeddable":true,"href":"https:\/\/nordicmart.andreevmaster.com\/fi\/wp-json\/wp\/v2\/product_tag?post=36214"}],"curies":[{"name":"wp","href":"https:\/\/api.w.org\/{rel}","templated":true}]}}