{"id":36213,"date":"2026-02-27T00:33:27","date_gmt":"2026-02-27T00:33:27","guid":{"rendered":"https:\/\/nordicmart.andreevmaster.com\/product\/songmics-moderni-pelituoli-musta-harmaa\/"},"modified":"2026-02-27T09:51:25","modified_gmt":"2026-02-27T09:51:25","slug":"songmics-moderni-pelituoli-musta-harmaa","status":"publish","type":"product","link":"https:\/\/nordicmart.andreevmaster.com\/fi\/tuote\/songmics-moderni-pelituoli-musta-harmaa\/","title":{"rendered":"SONGMICS Moderni pelituoli musta-harmaa"},"content":{"rendered":"<p>T\u00dcV-testattu laatu: T\u00e4m\u00e4n pelituolin kaasusylinteri t\u00e4ytt\u00e4\u00e4 T\u00dcV Rheinlandin testiraportin mukaan standardin EN16955:2017-04, luokka 3, vaatimukset, jotka koskevat toimistotuolien itsekantavien istuinkorkeuden s\u00e4\u00e4t\u00f6elementtien kantavia osia, joissa on energianvarastointi (testiraportti nro 9465173_06). T\u00e4st\u00e4 syyst\u00e4 toimittajallemme on my\u00f6nnetty vastaava &#8221;rakennetyyppitarkastettu&#8221; sertifikaatti (nro 182836, voimassa 24.6.2020 asti).My\u00f6s PU-keinonahkaverhoilu on testattu T\u00dcV Rheinlandin toimesta, eik\u00e4 siin\u00e4 ole havaittu testattuja haitallisia aineita (esimerkiksi REACH-asetuksen mukaisesti) (raportti nro 1160039759a 001). Tuotetiedot: V\u00e4ri: musta-harmaa Materiaali: PU-keinonahka, vaahtomuovi, nailon Kokonaismitat: 70 x 64 x 106\u2013116 (P x L x K)Selk\u00e4nojan leveys: 50 cmSelk\u00e4nojan korkeus: 68 cmIstuimen leveys: 50 cmIstuimen syvyys: 50 cmKorkeus lattiasta istuimeen: 45\u201355 cmKorkeus lattiasta k\u00e4sinojaan: 65\u201375 cmPaino: 14,5 kg Maks. staattinen kantavuus: 150 kg Toimitus sis\u00e4lt\u00e4\u00e4: 1 x pelituoli 1 x kuusiokoloavain 1 x s\u00e4ilytysastia lis\u00e4varusteille 1 x k\u00e4ytt\u00f6ohje (DE, EN, FR, ES, IT) SONGMICS Huomautukset: \u00c4l\u00e4 altista tuotetta voimakkaalle auringonvalolle.Pid\u00e4 tuote poissa ter\u00e4vien tai ter\u00e4vien esineiden l\u00e4heisyydest\u00e4 vahingoittumisen v\u00e4ltt\u00e4miseksi.<\/p>\n","protected":false},"excerpt":{"rendered":"<p>SONGMICS pelituoli, toimistotuoli keinutoiminnolla, kilpa-tuoli, ergonominen, S-muotoinen selk\u00e4noja, hyv\u00e4 lannerangalle, kantavuus 150 kg, keinonahka, musta-harmaa OBG38BG<\/p>\n","protected":false},"featured_media":44520,"comment_status":"open","ping_status":"closed","template":"","meta":[],"product_brand":[],"product_cat":[32],"product_tag":[],"class_list":{"0":"post-36213","1":"product","2":"type-product","3":"status-publish","4":"has-post-thumbnail","6":"product_cat-uncategorized-fi","8":"first","9":"instock","10":"shipping-taxable","11":"purchasable","12":"product-type-simple"},"_links":{"self":[{"href":"https:\/\/nordicmart.andreevmaster.com\/fi\/wp-json\/wp\/v2\/product\/36213","targetHints":{"allow":["GET"]}}],"collection":[{"href":"https:\/\/nordicmart.andreevmaster.com\/fi\/wp-json\/wp\/v2\/product"}],"about":[{"href":"https:\/\/nordicmart.andreevmaster.com\/fi\/wp-json\/wp\/v2\/types\/product"}],"replies":[{"embeddable":true,"href":"https:\/\/nordicmart.andreevmaster.com\/fi\/wp-json\/wp\/v2\/comments?post=36213"}],"wp:featuredmedia":[{"embeddable":true,"href":"https:\/\/nordicmart.andreevmaster.com\/fi\/wp-json\/wp\/v2\/media\/44520"}],"wp:attachment":[{"href":"https:\/\/nordicmart.andreevmaster.com\/fi\/wp-json\/wp\/v2\/media?parent=36213"}],"wp:term":[{"taxonomy":"product_brand","embeddable":true,"href":"https:\/\/nordicmart.andreevmaster.com\/fi\/wp-json\/wp\/v2\/product_brand?post=36213"},{"taxonomy":"product_cat","embeddable":true,"href":"https:\/\/nordicmart.andreevmaster.com\/fi\/wp-json\/wp\/v2\/product_cat?post=36213"},{"taxonomy":"product_tag","embeddable":true,"href":"https:\/\/nordicmart.andreevmaster.com\/fi\/wp-json\/wp\/v2\/product_tag?post=36213"}],"curies":[{"name":"wp","href":"https:\/\/api.w.org\/{rel}","templated":true}]}}