{"id":36212,"date":"2026-02-27T00:33:27","date_gmt":"2026-02-27T00:33:27","guid":{"rendered":"https:\/\/nordicmart.andreevmaster.com\/product\/songmics-moderni-toimistotuoli-keinutoiminnolla\/"},"modified":"2026-02-27T09:51:25","modified_gmt":"2026-02-27T09:51:25","slug":"songmics-moderni-toimistotuoli-keinutoiminnolla","status":"publish","type":"product","link":"https:\/\/nordicmart.andreevmaster.com\/fi\/tuote\/songmics-moderni-toimistotuoli-keinutoiminnolla\/","title":{"rendered":"SONGMICS Moderni toimistotuoli keinutoiminnolla"},"content":{"rendered":"<p>Hyv\u00e4 ty\u00f6tuoli on erityisen t\u00e4rke\u00e4 ihmisille, jotka tekev\u00e4t suurimman osan toimistoty\u00f6st\u00e4\u00e4n istuen. Songmics-ty\u00f6tuoli tarjoaa mukavan istumamukavuuden ja helpottaa pitk\u00e4aikaista keskittymist\u00e4 ty\u00f6h\u00f6n.Kun nojaat taaksep\u00e4in, istuin kallistuu keinutoiminnon ansiosta mukana, ja selk\u00e4nojan ja istuimen v\u00e4linen kulma pysyy vakiona, joten voit kevent\u00e4\u00e4 selk\u00e4\u00e4si ty\u00f6n aikana. K\u00e4ytetyt ruuvit on varustettu kierrelukituksilla, eiv\u00e4tk\u00e4 ne l\u00f6ysty helposti pitk\u00e4aikaisessa k\u00e4yt\u00f6ss\u00e4.Songmics-ty\u00f6tuoli, joka t\u00e4ytt\u00e4\u00e4 korkeimmat materiaali- ja valmistusvaatimukset, on varmasti toimistosi tai ty\u00f6huoneesi kohokohta. Huomautukset &#8211; Varaosarullat voi tilata meilt\u00e4 my\u00f6s erikseen. &#8211; Suositeltu k\u00e4ytt\u00f6aika: enint\u00e4\u00e4n 8 tuntia p\u00e4iv\u00e4ss\u00e4. &#8211; Kun keinutoiminto on aktivoitu, istuin ja selk\u00e4noja liikkuvat yhdess\u00e4 taaksep\u00e4in nojautuessa. Selk\u00e4nojan kallistusta ei voi s\u00e4\u00e4t\u00e4\u00e4 erikseen istuinosasta. &#8211; Jotta selk\u00e4noja tarjoaa riitt\u00e4v\u00e4n tuen ja est\u00e4\u00e4 taaksep\u00e4in kaatumisen, selk\u00e4nojan jousivoima on s\u00e4\u00e4dett\u00e4v\u00e4 henkil\u00f6kohtaisen painosi mukaan k\u00e4\u00e4nt\u00e4m\u00e4ll\u00e4 istuimen alla olevaa py\u00f6r\u00e4\u00e4. Tuotetiedot: &#8211; Materiaali: &#8211; Verhoilu: PU &#8211; Jalkaristi: Nailon &#8211; Mitat: &#8211; Korkeus (kokonais): 100\u2013110 cm &#8211; Leveys (kokonais): 66 cm &#8211; Syvyys (kokonais): 66 cm &#8211; Istuinkorkeus: 42\u201352 cm &#8211; Istuimen leveys (k\u00e4ytett\u00e4viss\u00e4): 52 cm &#8211; Istuimen syvyys (k\u00e4ytett\u00e4viss\u00e4): 50 cm &#8211; K\u00e4sinojan korkeus (istuinpinnasta): 21 cm &#8211; Selk\u00e4nojan korkeus: 61,5 cm &#8211; Jalkaristin halkaisija: 64 cm &#8211; Py\u00f6rien halkaisija: 50 mm &#8211; Tapin halkaisija: 11 mm &#8211; V\u00e4ri: musta &#8211; Bruttopaino: 16,1 kg &#8211; Maks. kantavuus: 150 kg Toimitus sis\u00e4lt\u00e4\u00e4 &#8211; 1 x ty\u00f6tuoli &#8211; 1 x kiinnityspussi &#8211; 1 x ohjeet (DE, EN, FR, IT, ES)<\/p>\n","protected":false},"excerpt":{"rendered":"<p>SONGMICS toimistotuoli PU:sta, lukittava, korkeuss\u00e4\u00e4dett\u00e4v\u00e4 py\u00f6riv\u00e4 tuoli ergonomisella muotoilulla, musta, OBG32B<\/p>\n","protected":false},"featured_media":44519,"comment_status":"open","ping_status":"closed","template":"","meta":[],"product_brand":[],"product_cat":[32],"product_tag":[],"class_list":{"0":"post-36212","1":"product","2":"type-product","3":"status-publish","4":"has-post-thumbnail","6":"product_cat-uncategorized-fi","8":"first","9":"instock","10":"shipping-taxable","11":"purchasable","12":"product-type-simple"},"_links":{"self":[{"href":"https:\/\/nordicmart.andreevmaster.com\/fi\/wp-json\/wp\/v2\/product\/36212","targetHints":{"allow":["GET"]}}],"collection":[{"href":"https:\/\/nordicmart.andreevmaster.com\/fi\/wp-json\/wp\/v2\/product"}],"about":[{"href":"https:\/\/nordicmart.andreevmaster.com\/fi\/wp-json\/wp\/v2\/types\/product"}],"replies":[{"embeddable":true,"href":"https:\/\/nordicmart.andreevmaster.com\/fi\/wp-json\/wp\/v2\/comments?post=36212"}],"wp:featuredmedia":[{"embeddable":true,"href":"https:\/\/nordicmart.andreevmaster.com\/fi\/wp-json\/wp\/v2\/media\/44519"}],"wp:attachment":[{"href":"https:\/\/nordicmart.andreevmaster.com\/fi\/wp-json\/wp\/v2\/media?parent=36212"}],"wp:term":[{"taxonomy":"product_brand","embeddable":true,"href":"https:\/\/nordicmart.andreevmaster.com\/fi\/wp-json\/wp\/v2\/product_brand?post=36212"},{"taxonomy":"product_cat","embeddable":true,"href":"https:\/\/nordicmart.andreevmaster.com\/fi\/wp-json\/wp\/v2\/product_cat?post=36212"},{"taxonomy":"product_tag","embeddable":true,"href":"https:\/\/nordicmart.andreevmaster.com\/fi\/wp-json\/wp\/v2\/product_tag?post=36212"}],"curies":[{"name":"wp","href":"https:\/\/api.w.org\/{rel}","templated":true}]}}