{"id":36211,"date":"2026-02-27T00:33:27","date_gmt":"2026-02-27T00:33:27","guid":{"rendered":"https:\/\/nordicmart.andreevmaster.com\/product\/songmics-johtajatuoli-saadettavilla-kasinojilla\/"},"modified":"2026-02-27T09:51:24","modified_gmt":"2026-02-27T09:51:24","slug":"songmics-johtajatuoli-saadettavilla-kasinojilla","status":"publish","type":"product","link":"https:\/\/nordicmart.andreevmaster.com\/fi\/tuote\/songmics-johtajatuoli-saadettavilla-kasinojilla\/","title":{"rendered":"SONGMICS-johtajatuoli s\u00e4\u00e4dett\u00e4vill\u00e4 k\u00e4sinojilla"},"content":{"rendered":"<p>Kuvaus:  &#8211; Songmics on aina asiakasl\u00e4ht\u00f6inen ja sitoutunut tarjoamaan korkealaatuisia tuotteita, joilla on hyv\u00e4 hinta-laatusuhde. Tyylikk\u00e4\u00e4sti muotoiltu Sogmics-ty\u00f6tuoli yhdist\u00e4\u00e4 toiminnallisuuden ja mukavuuden nautintoon! &#8211; Laadukkaiden materiaalien ja parannettujen lis\u00e4varusteiden ansiosta Songmics-ty\u00f6tuoli on todella mukava, k\u00e4yt\u00e4nn\u00f6llinen ja kest\u00e4v\u00e4. Todellinen katseenvangitsija huoneessasi!  Huomautus: &#8211; Kun kokoat tukiosan, huomaa, ett\u00e4 puolella, jossa on merkint\u00e4 &#8221;Front&#8221;, tulee olla edess\u00e4. &#8211; Tartu takana olevaan oikeaan vipuun ja ved\u00e4 sit\u00e4, niin voit s\u00e4\u00e4t\u00e4\u00e4 istuinkorkeutta portaattomasti painamalla tai kevent\u00e4m\u00e4ll\u00e4 tuolia vipua vedett\u00e4ess\u00e4, kunnes haluttu istuinkorkeus on saavutettu. Kun ved\u00e4t vipua ulosp\u00e4in, keinutoiminto aktivoituu. Selk\u00e4noja ei ole t\u00e4ll\u00f6in lukittu, ja se tukee selk\u00e4\u00e4 kaikissa liikkeiss\u00e4 ja liikkuu dynaamisesti mukana. Kun vipu painetaan takaisin sis\u00e4\u00e4np\u00e4in, keinutoiminto deaktivoituu. Selk\u00e4noja voidaan j\u00e4lleen lukita. &#8211; Kun keinutoiminto aktivoidaan, istuin ja selk\u00e4noja liikkuvat yhdess\u00e4, kun nojaudutaan taaksep\u00e4in. Selk\u00e4nojan kallistusta ei voi muuttaa erikseen istuinosasta. Tuotetiedot:- Jalustan halkaisija: noin 70 cm &#8211; Istuin: 54 x 51 cm (L x S) &#8211; Selk\u00e4nojan korkeus: noin 79 cm &#8211; Istuinkorkeuden s\u00e4\u00e4t\u00f6 portaattomasti: noin 46,5-56 cm &#8211; K\u00e4sinojien korkeus lattiasta: noin 69-79 cm &#8211; Materiaali: PU-keinonahka, sieni, verkkop\u00e4\u00e4llinen, nylonjalusta &#8211; V\u00e4ri: musta-harmaa-valkoinenToimitus sis\u00e4lt\u00e4\u00e4: &#8211; 1 x ty\u00f6tuoli &#8211; 1 x ohjeet (saksa, englanti, ranska, italia, espanja) &#8211; 1 x kiinnityspuss<\/p>\n","protected":false},"excerpt":{"rendered":"<p>SONGMICS pelituoli, kilpa-tuoli, ty\u00f6tuoli korkealla selk\u00e4nojalla, toimistotuoli, korkeuss\u00e4\u00e4dett\u00e4v\u00e4, yl\u00f6s nostettavat k\u00e4sinojat, keinutoiminto, pelaajille, musta-harmaa-sininen, OBG28BU<\/p>\n","protected":false},"featured_media":44518,"comment_status":"open","ping_status":"closed","template":"","meta":[],"product_brand":[],"product_cat":[32],"product_tag":[],"class_list":{"0":"post-36211","1":"product","2":"type-product","3":"status-publish","4":"has-post-thumbnail","6":"product_cat-uncategorized-fi","8":"first","9":"instock","10":"shipping-taxable","11":"purchasable","12":"product-type-simple"},"_links":{"self":[{"href":"https:\/\/nordicmart.andreevmaster.com\/fi\/wp-json\/wp\/v2\/product\/36211","targetHints":{"allow":["GET"]}}],"collection":[{"href":"https:\/\/nordicmart.andreevmaster.com\/fi\/wp-json\/wp\/v2\/product"}],"about":[{"href":"https:\/\/nordicmart.andreevmaster.com\/fi\/wp-json\/wp\/v2\/types\/product"}],"replies":[{"embeddable":true,"href":"https:\/\/nordicmart.andreevmaster.com\/fi\/wp-json\/wp\/v2\/comments?post=36211"}],"wp:featuredmedia":[{"embeddable":true,"href":"https:\/\/nordicmart.andreevmaster.com\/fi\/wp-json\/wp\/v2\/media\/44518"}],"wp:attachment":[{"href":"https:\/\/nordicmart.andreevmaster.com\/fi\/wp-json\/wp\/v2\/media?parent=36211"}],"wp:term":[{"taxonomy":"product_brand","embeddable":true,"href":"https:\/\/nordicmart.andreevmaster.com\/fi\/wp-json\/wp\/v2\/product_brand?post=36211"},{"taxonomy":"product_cat","embeddable":true,"href":"https:\/\/nordicmart.andreevmaster.com\/fi\/wp-json\/wp\/v2\/product_cat?post=36211"},{"taxonomy":"product_tag","embeddable":true,"href":"https:\/\/nordicmart.andreevmaster.com\/fi\/wp-json\/wp\/v2\/product_tag?post=36211"}],"curies":[{"name":"wp","href":"https:\/\/api.w.org\/{rel}","templated":true}]}}