{"id":36209,"date":"2026-02-27T00:33:26","date_gmt":"2026-02-27T00:33:26","guid":{"rendered":"https:\/\/nordicmart.andreevmaster.com\/product\/songmics-tyotuoli-jossa-on-ylos-nostettavat-kasinojat\/"},"modified":"2026-02-27T09:51:24","modified_gmt":"2026-02-27T09:51:24","slug":"songmics-tyotuoli-jossa-on-ylos-nostettavat-kasinojat","status":"publish","type":"product","link":"https:\/\/nordicmart.andreevmaster.com\/fi\/tuote\/songmics-tyotuoli-jossa-on-ylos-nostettavat-kasinojat\/","title":{"rendered":"SONGMICS-ty\u00f6tuoli, jossa on yl\u00f6s nostettavat k\u00e4sinojat"},"content":{"rendered":"<p>Hanki parhaat v\u00e4lineet, jotta voit olla paras: jos haluat tulla maailman parhaaksi pelaajaksi, sinun on hankittava oikeat v\u00e4lineet my\u00f6s tosiel\u00e4m\u00e4ss\u00e4. T\u00e4m\u00e4 ei kuitenkaan rajoitu vain tehokkaaseen prosessoriin tai erinomaiseen n\u00e4yt\u00f6nohjaimeen \u2013 tarvitset my\u00f6s oikeat lis\u00e4varusteet: n\u00e4pp\u00e4imist\u00f6n, hiiren ja jopa korkealaatuisen pelituolin.T\u00e4m\u00e4 SONGMICS-malli on varustettu mukavalla, tihe\u00e4st\u00e4 reflex-vaahtomuovista valmistetulla pehmusteella ja ergonomisesti muotoillulla selk\u00e4nojalla, jotta voit nauttia korkeimmasta mukavuudesta my\u00f6s pitk\u00e4n istumisen j\u00e4lkeen. Keinumekanismin ansiosta pysyt aina liikkeess\u00e4 ja voit torjua v\u00e4symyst\u00e4. Istuinkorkeutta voi s\u00e4\u00e4t\u00e4\u00e4 joustavasti. Testattu laatu: T\u00dcV Rheinlandin testaama ja sertifioima, t\u00e4m\u00e4n tuolin automaattinen palautusmekanismi t\u00e4ytt\u00e4\u00e4 standardin EN 16955: 2017-04, luokka 3 (sertifikaatin numero: 182836; sertifikaatin haltija: toimittaja). Lis\u00e4ksi t\u00e4m\u00e4n pelituolin py\u00f6r\u00e4t ovat l\u00e4p\u00e4isseet SGS:n BIFMA X5.1 -kest\u00e4vyystestin (raportti nro AJHG 1512011640FT-01 ja AJD201000874; testiraportin haltija: toimittaja). Tuotetiedot: V\u00e4ri: musta-harmaa-punainen Materiaali: PU-keinonahka, PU-muovipy\u00f6r\u00e4t, tihe\u00e4 vaahtomuovi, ter\u00e4s Koko: 73 x 76 x 118-128 cm (P x L x K) Istuimen koko: 54 x 48 x (46-56) cm (P x L x K) Paino: 16,1 kg Maks. staattinen kantavuus: 150 kg Toimitus sis\u00e4lt\u00e4\u00e4: 1 x pelituoli 1 x kuusiokoloavain 1 x lis\u00e4varustepussi 1 x ohjeet (DE, EN, FR, ES, IT) SONGMICS Huomautukset:Suosittelemme asettamaan maton tuolin alle, jos k\u00e4yt\u00e4t sit\u00e4 puulattialla.T\u00e4ss\u00e4 tuolissa on vain keinumekanismi, joka yhdist\u00e4\u00e4 selk\u00e4nojan ja istuimen. Selk\u00e4nojaa ei voi s\u00e4\u00e4t\u00e4\u00e4 erikseen taaksep\u00e4in.<\/p>\n","protected":false},"excerpt":{"rendered":"<p>SONGMICS pelituoli, kilpa-tuoli, ty\u00f6tuoli korkealla selk\u00e4nojalla, toimistotuoli, korkeuss\u00e4\u00e4dett\u00e4v\u00e4, yl\u00f6s nostettavat k\u00e4sinojat, keinutoiminto, pelaajille, musta-harmaa-sininen, OBG28BU<\/p>\n","protected":false},"featured_media":44516,"comment_status":"open","ping_status":"closed","template":"","meta":[],"product_brand":[],"product_cat":[32],"product_tag":[],"class_list":{"0":"post-36209","1":"product","2":"type-product","3":"status-publish","4":"has-post-thumbnail","6":"product_cat-uncategorized-fi","8":"first","9":"instock","10":"shipping-taxable","11":"purchasable","12":"product-type-simple"},"_links":{"self":[{"href":"https:\/\/nordicmart.andreevmaster.com\/fi\/wp-json\/wp\/v2\/product\/36209","targetHints":{"allow":["GET"]}}],"collection":[{"href":"https:\/\/nordicmart.andreevmaster.com\/fi\/wp-json\/wp\/v2\/product"}],"about":[{"href":"https:\/\/nordicmart.andreevmaster.com\/fi\/wp-json\/wp\/v2\/types\/product"}],"replies":[{"embeddable":true,"href":"https:\/\/nordicmart.andreevmaster.com\/fi\/wp-json\/wp\/v2\/comments?post=36209"}],"wp:featuredmedia":[{"embeddable":true,"href":"https:\/\/nordicmart.andreevmaster.com\/fi\/wp-json\/wp\/v2\/media\/44516"}],"wp:attachment":[{"href":"https:\/\/nordicmart.andreevmaster.com\/fi\/wp-json\/wp\/v2\/media?parent=36209"}],"wp:term":[{"taxonomy":"product_brand","embeddable":true,"href":"https:\/\/nordicmart.andreevmaster.com\/fi\/wp-json\/wp\/v2\/product_brand?post=36209"},{"taxonomy":"product_cat","embeddable":true,"href":"https:\/\/nordicmart.andreevmaster.com\/fi\/wp-json\/wp\/v2\/product_cat?post=36209"},{"taxonomy":"product_tag","embeddable":true,"href":"https:\/\/nordicmart.andreevmaster.com\/fi\/wp-json\/wp\/v2\/product_tag?post=36209"}],"curies":[{"name":"wp","href":"https:\/\/api.w.org\/{rel}","templated":true}]}}