{"id":36207,"date":"2026-02-27T00:33:26","date_gmt":"2026-02-27T00:33:26","guid":{"rendered":"https:\/\/nordicmart.andreevmaster.com\/product\/songmics-tyotuoli-keinonahka-musta\/"},"modified":"2026-02-27T09:51:24","modified_gmt":"2026-02-27T09:51:24","slug":"songmics-tyotuoli-keinonahka-musta","status":"publish","type":"product","link":"https:\/\/nordicmart.andreevmaster.com\/fi\/tuote\/songmics-tyotuoli-keinonahka-musta\/","title":{"rendered":"SONGMICS ty\u00f6tuoli keinonahka musta"},"content":{"rendered":"<p>Kuvaus: Songmics on aina asiakasl\u00e4ht\u00f6inen ja sitoutunut tarjoamaan korkealaatuisia tuotteita, joilla on hyv\u00e4 hinta-laatusuhde. Tyylikk\u00e4\u00e4sti muotoiltu Songmics-ty\u00f6tuoli yhdist\u00e4\u00e4 toiminnallisuuden ja mukavuuden nautittavaksi kokonaisuudeksi! Laadukkaista materiaaleista ja parannetuista lis\u00e4varusteista valmistettu Songmics-ty\u00f6tuoli on todella mukava, k\u00e4yt\u00e4nn\u00f6llinen ja kest\u00e4v\u00e4. Se on todellinen katseenvangitsija huoneessasi! Huomautus: Kun kokoat tukiosan, huomaa, ett\u00e4 puolella, jossa on merkint\u00e4 &#8221;Front&#8221;, tulee olla edess\u00e4. Tartu takana olevaan oikeaan vipuun ja ved\u00e4 sit\u00e4, niin voit s\u00e4\u00e4t\u00e4\u00e4 istuinkorkeutta portaattomasti painamalla tai kevent\u00e4m\u00e4ll\u00e4 tuolia vipua vedett\u00e4ess\u00e4, kunnes haluttu istuinkorkeus on saavutettu. Kun ved\u00e4t vivusta ulosp\u00e4in, keinutoiminto aktivoituu. Selk\u00e4noja ei ole t\u00e4ll\u00f6in kiinnitetty, vaan se tukee selk\u00e4\u00e4 jokaisessa liikkeess\u00e4 ja liikkuu dynaamisesti mukana. Kun painat vivun takaisin sis\u00e4\u00e4np\u00e4in, keinutoiminto deaktivoituu. Selk\u00e4noja voidaan j\u00e4lleen lukita. &#8211; Kun keinutoiminto aktivoidaan, istuin ja selk\u00e4noja liikkuvat yhdess\u00e4, kun nojaat taaksep\u00e4in. Selk\u00e4nojan kallistusta ei voi muuttaa erikseen istuinosasta. Tuotetiedot:- Jalustan halkaisija: noin 70 cm &#8211; Istuin: 55 x 50 (L x S) &#8211; Selk\u00e4nojan korkeus: noin 76 cm &#8211; Istuinkorkeuden s\u00e4\u00e4t\u00f6 portaattomasti: noin 46 &#8211; 56 cm &#8211; K\u00e4sinojien korkeus lattiasta: noin 68-78 cm &#8211; Materiaali: PU-keinonahka, sieni, muovinen jalkaristi &#8211; V\u00e4ri: musta Pakkaus sis\u00e4lt\u00e4\u00e4: Toimitus sis\u00e4lt\u00e4\u00e4: &#8211; 1 x ty\u00f6tuoli &#8211; 1 x ohjeet (saksa, englanti, ranska, italia, espanja) &#8211; 1 x kiinnitystarvikepussi<\/p>\n","protected":false},"excerpt":{"rendered":"<p>SONGMICS toimistotuoli, p\u00e4\u00e4llik\u00f6n tuoli, py\u00f6riv\u00e4 tuoli, tietokonetuoli, SGS EN12520, istuinkorkeuden s\u00e4\u00e4t\u00f6, toimistotuoli, verhoilu, OBG24B<\/p>\n","protected":false},"featured_media":44514,"comment_status":"open","ping_status":"closed","template":"","meta":[],"product_brand":[],"product_cat":[32],"product_tag":[],"class_list":{"0":"post-36207","1":"product","2":"type-product","3":"status-publish","4":"has-post-thumbnail","6":"product_cat-uncategorized-fi","8":"first","9":"instock","10":"shipping-taxable","11":"purchasable","12":"product-type-simple"},"_links":{"self":[{"href":"https:\/\/nordicmart.andreevmaster.com\/fi\/wp-json\/wp\/v2\/product\/36207","targetHints":{"allow":["GET"]}}],"collection":[{"href":"https:\/\/nordicmart.andreevmaster.com\/fi\/wp-json\/wp\/v2\/product"}],"about":[{"href":"https:\/\/nordicmart.andreevmaster.com\/fi\/wp-json\/wp\/v2\/types\/product"}],"replies":[{"embeddable":true,"href":"https:\/\/nordicmart.andreevmaster.com\/fi\/wp-json\/wp\/v2\/comments?post=36207"}],"wp:featuredmedia":[{"embeddable":true,"href":"https:\/\/nordicmart.andreevmaster.com\/fi\/wp-json\/wp\/v2\/media\/44514"}],"wp:attachment":[{"href":"https:\/\/nordicmart.andreevmaster.com\/fi\/wp-json\/wp\/v2\/media?parent=36207"}],"wp:term":[{"taxonomy":"product_brand","embeddable":true,"href":"https:\/\/nordicmart.andreevmaster.com\/fi\/wp-json\/wp\/v2\/product_brand?post=36207"},{"taxonomy":"product_cat","embeddable":true,"href":"https:\/\/nordicmart.andreevmaster.com\/fi\/wp-json\/wp\/v2\/product_cat?post=36207"},{"taxonomy":"product_tag","embeddable":true,"href":"https:\/\/nordicmart.andreevmaster.com\/fi\/wp-json\/wp\/v2\/product_tag?post=36207"}],"curies":[{"name":"wp","href":"https:\/\/api.w.org\/{rel}","templated":true}]}}