{"id":36205,"date":"2026-02-27T00:33:25","date_gmt":"2026-02-27T00:33:25","guid":{"rendered":"https:\/\/nordicmart.andreevmaster.com\/product\/songmics-hyvin-pehmustettu-johtajan-tuoli\/"},"modified":"2026-02-27T09:51:23","modified_gmt":"2026-02-27T09:51:23","slug":"songmics-hyvin-pehmustettu-johtajan-tuoli","status":"publish","type":"product","link":"https:\/\/nordicmart.andreevmaster.com\/fi\/tuote\/songmics-hyvin-pehmustettu-johtajan-tuoli\/","title":{"rendered":"SONGMICS Hyvin pehmustettu johtajan tuoli"},"content":{"rendered":"<p>Tuotetiedot: &#8211; Materiaali: PU, vaahtomuovi, muovinen jalkaristi &#8211; V\u00e4ri: musta &#8211; Jalkaristin halkaisija: 70 cm &#8211; Istuimen mitat: 53 x 52 cm (L x S) &#8211; Selk\u00e4nojan korkeus: 74 cm &#8211; Istuinkorkeuden s\u00e4\u00e4t\u00f6 portaattomasti: 47\u201356,5 cm &#8211; K\u00e4sinojien korkeus lattiasta: 67\u201377 cm Toimitus sis\u00e4lt\u00e4\u00e4:  &#8211; 1 x ty\u00f6tuoli &#8211; 1 x lis\u00e4varustepaketti &#8211; 1 x ohjeet (saksa, englanti, ranska, italia, espanja)SONGMICS HUOMAUTUKSET: &#8211; Huomaa, ett\u00e4 istuinmekanismin merkint\u00e4 \u201dFront\u201d on oltava asennuksen aikana eteenp\u00e4in.<br \/>\n &#8211; Tartu tuolin alla olevaan takana olevaan oikeaan vipuun ja ved\u00e4 sit\u00e4 yl\u00f6sp\u00e4in s\u00e4\u00e4t\u00e4\u00e4ksesi istuinkorkeutta. Ved\u00e4 vipua ulosp\u00e4in aktivoidaksesi keinutoiminnon<br \/>\n. Paina vipu takaisin sis\u00e4\u00e4np\u00e4in, jotta keinutoiminto<br \/>\n. &#8211; Kun<br \/>\nkeinutoiminto on aktivoitu, istuin ja selk\u00e4noja liikkuvat yhdess\u00e4. Selk\u00e4nojan kallistusta ei voi<br \/>\nei voi muuttaa erikseen.<\/p>\n","protected":false},"excerpt":{"rendered":"<p>SONGMICS Ergonominen toimistotuoli, korkeuss\u00e4\u00e4dett\u00e4v\u00e4 py\u00f6riv\u00e4 tuoli, ty\u00f6tuoli, johtajan tuoli, kest\u00e4v\u00e4, vakaa ja pitk\u00e4ik\u00e4inen, musta OBG21B<\/p>\n","protected":false},"featured_media":44512,"comment_status":"open","ping_status":"closed","template":"","meta":[],"product_brand":[],"product_cat":[32],"product_tag":[],"class_list":{"0":"post-36205","1":"product","2":"type-product","3":"status-publish","4":"has-post-thumbnail","6":"product_cat-uncategorized-fi","8":"first","9":"instock","10":"shipping-taxable","11":"purchasable","12":"product-type-simple"},"_links":{"self":[{"href":"https:\/\/nordicmart.andreevmaster.com\/fi\/wp-json\/wp\/v2\/product\/36205","targetHints":{"allow":["GET"]}}],"collection":[{"href":"https:\/\/nordicmart.andreevmaster.com\/fi\/wp-json\/wp\/v2\/product"}],"about":[{"href":"https:\/\/nordicmart.andreevmaster.com\/fi\/wp-json\/wp\/v2\/types\/product"}],"replies":[{"embeddable":true,"href":"https:\/\/nordicmart.andreevmaster.com\/fi\/wp-json\/wp\/v2\/comments?post=36205"}],"wp:featuredmedia":[{"embeddable":true,"href":"https:\/\/nordicmart.andreevmaster.com\/fi\/wp-json\/wp\/v2\/media\/44512"}],"wp:attachment":[{"href":"https:\/\/nordicmart.andreevmaster.com\/fi\/wp-json\/wp\/v2\/media?parent=36205"}],"wp:term":[{"taxonomy":"product_brand","embeddable":true,"href":"https:\/\/nordicmart.andreevmaster.com\/fi\/wp-json\/wp\/v2\/product_brand?post=36205"},{"taxonomy":"product_cat","embeddable":true,"href":"https:\/\/nordicmart.andreevmaster.com\/fi\/wp-json\/wp\/v2\/product_cat?post=36205"},{"taxonomy":"product_tag","embeddable":true,"href":"https:\/\/nordicmart.andreevmaster.com\/fi\/wp-json\/wp\/v2\/product_tag?post=36205"}],"curies":[{"name":"wp","href":"https:\/\/api.w.org\/{rel}","templated":true}]}}