{"id":36203,"date":"2026-02-27T00:33:25","date_gmt":"2026-02-27T00:33:25","guid":{"rendered":"https:\/\/nordicmart.andreevmaster.com\/product\/songmics-pelituoli-jalkatuella-ja-saadettavalla-paatyynylla-liuskekivi\/"},"modified":"2026-02-27T09:51:23","modified_gmt":"2026-02-27T09:51:23","slug":"songmics-pelituoli-jalkatuella-ja-saadettavalla-paatyynylla-liuskekivi","status":"publish","type":"product","link":"https:\/\/nordicmart.andreevmaster.com\/fi\/tuote\/songmics-pelituoli-jalkatuella-ja-saadettavalla-paatyynylla-liuskekivi\/","title":{"rendered":"SONGMICS-pelituoli jalkatuella ja s\u00e4\u00e4dett\u00e4v\u00e4ll\u00e4 p\u00e4\u00e4tyynyll\u00e4, liuskekivi"},"content":{"rendered":"<p>SONGMICS pelituoli, ty\u00f6tuoli jalkatuella, ty\u00f6p\u00f6yd\u00e4n tuoli, ergonominen muotoilu, s\u00e4\u00e4dett\u00e4v\u00e4 p\u00e4\u00e4ntuki, lannerangan tuki, kantavuus enint\u00e4\u00e4n 150 kg, musta-punainen OBG77BR<br \/>\nV\u00e4ri: liuskekivi<br \/>\nMateriaali: keinonahka, vaahtomuovi, vaneri, ter\u00e4s, muovi<br \/>\nKoko: 72,4 x 69,7 x (118-128) cm (S x L x K)<br \/>\nPaino: 20,2 kg<br \/>\nMaks. staattinen kantavuus: 150 kg<\/p>\n","protected":false},"excerpt":{"rendered":"<p>SONGMICS pelituoli, ty\u00f6tuoli jalkatuella, ty\u00f6p\u00f6yd\u00e4n tuoli, ergonominen muotoilu, s\u00e4\u00e4dett\u00e4v\u00e4 p\u00e4\u00e4ntuki, lannerangan tuki, kantavuus enint\u00e4\u00e4n 150 kg, musta-punainen OBG77BR<\/p>\n","protected":false},"featured_media":0,"comment_status":"open","ping_status":"closed","template":"","meta":[],"product_brand":[],"product_cat":[32],"product_tag":[],"class_list":{"0":"post-36203","1":"product","2":"type-product","3":"status-publish","5":"product_cat-uncategorized-fi","7":"first","8":"instock","9":"shipping-taxable","10":"purchasable","11":"product-type-simple"},"_links":{"self":[{"href":"https:\/\/nordicmart.andreevmaster.com\/fi\/wp-json\/wp\/v2\/product\/36203","targetHints":{"allow":["GET"]}}],"collection":[{"href":"https:\/\/nordicmart.andreevmaster.com\/fi\/wp-json\/wp\/v2\/product"}],"about":[{"href":"https:\/\/nordicmart.andreevmaster.com\/fi\/wp-json\/wp\/v2\/types\/product"}],"replies":[{"embeddable":true,"href":"https:\/\/nordicmart.andreevmaster.com\/fi\/wp-json\/wp\/v2\/comments?post=36203"}],"wp:attachment":[{"href":"https:\/\/nordicmart.andreevmaster.com\/fi\/wp-json\/wp\/v2\/media?parent=36203"}],"wp:term":[{"taxonomy":"product_brand","embeddable":true,"href":"https:\/\/nordicmart.andreevmaster.com\/fi\/wp-json\/wp\/v2\/product_brand?post=36203"},{"taxonomy":"product_cat","embeddable":true,"href":"https:\/\/nordicmart.andreevmaster.com\/fi\/wp-json\/wp\/v2\/product_cat?post=36203"},{"taxonomy":"product_tag","embeddable":true,"href":"https:\/\/nordicmart.andreevmaster.com\/fi\/wp-json\/wp\/v2\/product_tag?post=36203"}],"curies":[{"name":"wp","href":"https:\/\/api.w.org\/{rel}","templated":true}]}}