{"id":36202,"date":"2026-02-27T00:33:24","date_gmt":"2026-02-27T00:33:24","guid":{"rendered":"https:\/\/nordicmart.andreevmaster.com\/product\/songmics-pelituoli-jalkatuella-ja-saadettavalla-paantuella-musta\/"},"modified":"2026-02-27T09:51:23","modified_gmt":"2026-02-27T09:51:23","slug":"songmics-pelituoli-jalkatuella-ja-saadettavalla-paantuella-musta","status":"publish","type":"product","link":"https:\/\/nordicmart.andreevmaster.com\/fi\/tuote\/songmics-pelituoli-jalkatuella-ja-saadettavalla-paantuella-musta\/","title":{"rendered":"SONGMICS-pelituoli jalkatuella ja s\u00e4\u00e4dett\u00e4v\u00e4ll\u00e4 p\u00e4\u00e4ntuella, musta"},"content":{"rendered":"<p>SONGMICS pelituoli, ty\u00f6tuoli jalkatuella, ty\u00f6p\u00f6yd\u00e4n tuoli, ergonominen muotoilu, s\u00e4\u00e4dett\u00e4v\u00e4 p\u00e4\u00e4ntuki, lannerangan tuki, kantavuus enint\u00e4\u00e4n 150 kg, musta-punainen OBG77BR<br \/>\nV\u00e4ri: muste<br \/>\nMateriaali: sametti, vaahtomuovi, vaneri, ter\u00e4s, muovi<br \/>\nKoko: 72,4 x 69,7 x (118-128) cm (S x L x K)<br \/>\nPaino: 20,2 kg<br \/>\nMaks. staattinen kantavuus: 150 kg<\/p>\n","protected":false},"excerpt":{"rendered":"<p>SONGMICS pelituoli, ty\u00f6tuoli jalkatuella, ty\u00f6p\u00f6yd\u00e4n tuoli, ergonominen muotoilu, s\u00e4\u00e4dett\u00e4v\u00e4 p\u00e4\u00e4ntuki, lannerangan tuki, kantavuus enint\u00e4\u00e4n 150 kg, musta-punainen OBG77BR<\/p>\n","protected":false},"featured_media":44510,"comment_status":"open","ping_status":"closed","template":"","meta":[],"product_brand":[],"product_cat":[32],"product_tag":[],"class_list":{"0":"post-36202","1":"product","2":"type-product","3":"status-publish","4":"has-post-thumbnail","6":"product_cat-uncategorized-fi","8":"first","9":"instock","10":"shipping-taxable","11":"purchasable","12":"product-type-simple"},"_links":{"self":[{"href":"https:\/\/nordicmart.andreevmaster.com\/fi\/wp-json\/wp\/v2\/product\/36202","targetHints":{"allow":["GET"]}}],"collection":[{"href":"https:\/\/nordicmart.andreevmaster.com\/fi\/wp-json\/wp\/v2\/product"}],"about":[{"href":"https:\/\/nordicmart.andreevmaster.com\/fi\/wp-json\/wp\/v2\/types\/product"}],"replies":[{"embeddable":true,"href":"https:\/\/nordicmart.andreevmaster.com\/fi\/wp-json\/wp\/v2\/comments?post=36202"}],"wp:featuredmedia":[{"embeddable":true,"href":"https:\/\/nordicmart.andreevmaster.com\/fi\/wp-json\/wp\/v2\/media\/44510"}],"wp:attachment":[{"href":"https:\/\/nordicmart.andreevmaster.com\/fi\/wp-json\/wp\/v2\/media?parent=36202"}],"wp:term":[{"taxonomy":"product_brand","embeddable":true,"href":"https:\/\/nordicmart.andreevmaster.com\/fi\/wp-json\/wp\/v2\/product_brand?post=36202"},{"taxonomy":"product_cat","embeddable":true,"href":"https:\/\/nordicmart.andreevmaster.com\/fi\/wp-json\/wp\/v2\/product_cat?post=36202"},{"taxonomy":"product_tag","embeddable":true,"href":"https:\/\/nordicmart.andreevmaster.com\/fi\/wp-json\/wp\/v2\/product_tag?post=36202"}],"curies":[{"name":"wp","href":"https:\/\/api.w.org\/{rel}","templated":true}]}}