{"id":36200,"date":"2026-02-27T00:33:24","date_gmt":"2026-02-27T00:33:24","guid":{"rendered":"https:\/\/nordicmart.andreevmaster.com\/product\/songmics-pelituoli-kallistuvalla-selkanojalla-ja-paatyynylla\/"},"modified":"2026-02-27T09:51:22","modified_gmt":"2026-02-27T09:51:22","slug":"songmics-pelituoli-kallistuvalla-selkanojalla-ja-paatyynylla","status":"publish","type":"product","link":"https:\/\/nordicmart.andreevmaster.com\/fi\/tuote\/songmics-pelituoli-kallistuvalla-selkanojalla-ja-paatyynylla\/","title":{"rendered":"SONGMICS pelituoli kallistuvalla selk\u00e4nojalla ja p\u00e4\u00e4tyynyll\u00e4"},"content":{"rendered":"<p>SONGMICS pelituoli, ty\u00f6tuoli jalkatuella, ty\u00f6tuoli p\u00e4\u00e4ntuella ja lannerangatyynyll\u00e4, korkeuss\u00e4\u00e4dett\u00e4v\u00e4, ergonominen, 90\u2013135\u00b0 kallistuskulma, kantavuus 150 kg, musta-punainen OBG73BRV1<\/p>\n","protected":false},"excerpt":{"rendered":"<p>SONGMICS pelituoli, ty\u00f6tuoli jalkatuella, ty\u00f6tuoli p\u00e4\u00e4ntuella ja lannerangatyynyll\u00e4, korkeuss\u00e4\u00e4dett\u00e4v\u00e4, ergonominen, 90\u2013135\u00b0 kallistuskulma, kantavuus 150 kg, musta-punainen OBG73BRV1<\/p>\n","protected":false},"featured_media":44508,"comment_status":"open","ping_status":"closed","template":"","meta":[],"product_brand":[],"product_cat":[32],"product_tag":[],"class_list":{"0":"post-36200","1":"product","2":"type-product","3":"status-publish","4":"has-post-thumbnail","6":"product_cat-uncategorized-fi","8":"first","9":"instock","10":"shipping-taxable","11":"purchasable","12":"product-type-simple"},"_links":{"self":[{"href":"https:\/\/nordicmart.andreevmaster.com\/fi\/wp-json\/wp\/v2\/product\/36200","targetHints":{"allow":["GET"]}}],"collection":[{"href":"https:\/\/nordicmart.andreevmaster.com\/fi\/wp-json\/wp\/v2\/product"}],"about":[{"href":"https:\/\/nordicmart.andreevmaster.com\/fi\/wp-json\/wp\/v2\/types\/product"}],"replies":[{"embeddable":true,"href":"https:\/\/nordicmart.andreevmaster.com\/fi\/wp-json\/wp\/v2\/comments?post=36200"}],"wp:featuredmedia":[{"embeddable":true,"href":"https:\/\/nordicmart.andreevmaster.com\/fi\/wp-json\/wp\/v2\/media\/44508"}],"wp:attachment":[{"href":"https:\/\/nordicmart.andreevmaster.com\/fi\/wp-json\/wp\/v2\/media?parent=36200"}],"wp:term":[{"taxonomy":"product_brand","embeddable":true,"href":"https:\/\/nordicmart.andreevmaster.com\/fi\/wp-json\/wp\/v2\/product_brand?post=36200"},{"taxonomy":"product_cat","embeddable":true,"href":"https:\/\/nordicmart.andreevmaster.com\/fi\/wp-json\/wp\/v2\/product_cat?post=36200"},{"taxonomy":"product_tag","embeddable":true,"href":"https:\/\/nordicmart.andreevmaster.com\/fi\/wp-json\/wp\/v2\/product_tag?post=36200"}],"curies":[{"name":"wp","href":"https:\/\/api.w.org\/{rel}","templated":true}]}}