{"id":36193,"date":"2026-02-27T00:33:22","date_gmt":"2026-02-27T00:33:22","guid":{"rendered":"https:\/\/nordicmart.andreevmaster.com\/product\/songmics-korkeussaadettava-pelituoli-jalkatuella-ja-paatyynylla-musta\/"},"modified":"2026-02-27T09:51:21","modified_gmt":"2026-02-27T09:51:21","slug":"songmics-korkeussaadettava-pelituoli-jalkatuella-ja-paatyynylla-musta","status":"publish","type":"product","link":"https:\/\/nordicmart.andreevmaster.com\/fi\/tuote\/songmics-korkeussaadettava-pelituoli-jalkatuella-ja-paatyynylla-musta\/","title":{"rendered":"SONGMICS korkeuss\u00e4\u00e4dett\u00e4v\u00e4 pelituoli jalkatuella ja p\u00e4\u00e4tyynyll\u00e4 musta"},"content":{"rendered":"<p>SONGMICS HOME pelituoli, ergonominen tietokonetuoli jalkatuella, toimistotuoli, py\u00f6riv\u00e4 tuoli p\u00e4\u00e4tyynyll\u00e4, PU, korkeuss\u00e4\u00e4dett\u00e4v\u00e4, musta OBG072B01<br \/>\nV\u00e4ri: musta<br \/>\nMateriaali: ter\u00e4s, PU-keinonahka (polyuretaani), PU-rullat, vaahtomuovi<br \/>\nKoko: 70 x 70 x (119-129) cm (S x L x K)<br \/>\nIstuinkorkeus: 47\u201357 cm<br \/>\nIstuimen koko: 53 x 51 cm (P x L)<br \/>\nK\u00e4sinojien korkeus (istuinpinnasta): 23 cm<br \/>\nPaino: 18,9 kg<br \/>\nMaks. staattinen kantavuus: 150 kg<\/p>\n","protected":false},"excerpt":{"rendered":"<p>SONGMICS HOME pelituoli, ergonominen tietokonetuoli jalkatuella, toimistotuoli, py\u00f6riv\u00e4 tuoli p\u00e4\u00e4tyynyll\u00e4, PU, korkeuss\u00e4\u00e4dett\u00e4v\u00e4, musta OBG072B01<\/p>\n","protected":false},"featured_media":44501,"comment_status":"open","ping_status":"closed","template":"","meta":[],"product_brand":[],"product_cat":[32],"product_tag":[],"class_list":{"0":"post-36193","1":"product","2":"type-product","3":"status-publish","4":"has-post-thumbnail","6":"product_cat-uncategorized-fi","8":"first","9":"instock","10":"shipping-taxable","11":"purchasable","12":"product-type-simple"},"_links":{"self":[{"href":"https:\/\/nordicmart.andreevmaster.com\/fi\/wp-json\/wp\/v2\/product\/36193","targetHints":{"allow":["GET"]}}],"collection":[{"href":"https:\/\/nordicmart.andreevmaster.com\/fi\/wp-json\/wp\/v2\/product"}],"about":[{"href":"https:\/\/nordicmart.andreevmaster.com\/fi\/wp-json\/wp\/v2\/types\/product"}],"replies":[{"embeddable":true,"href":"https:\/\/nordicmart.andreevmaster.com\/fi\/wp-json\/wp\/v2\/comments?post=36193"}],"wp:featuredmedia":[{"embeddable":true,"href":"https:\/\/nordicmart.andreevmaster.com\/fi\/wp-json\/wp\/v2\/media\/44501"}],"wp:attachment":[{"href":"https:\/\/nordicmart.andreevmaster.com\/fi\/wp-json\/wp\/v2\/media?parent=36193"}],"wp:term":[{"taxonomy":"product_brand","embeddable":true,"href":"https:\/\/nordicmart.andreevmaster.com\/fi\/wp-json\/wp\/v2\/product_brand?post=36193"},{"taxonomy":"product_cat","embeddable":true,"href":"https:\/\/nordicmart.andreevmaster.com\/fi\/wp-json\/wp\/v2\/product_cat?post=36193"},{"taxonomy":"product_tag","embeddable":true,"href":"https:\/\/nordicmart.andreevmaster.com\/fi\/wp-json\/wp\/v2\/product_tag?post=36193"}],"curies":[{"name":"wp","href":"https:\/\/api.w.org\/{rel}","templated":true}]}}