{"id":36192,"date":"2026-02-27T00:33:22","date_gmt":"2026-02-27T00:33:22","guid":{"rendered":"https:\/\/nordicmart.andreevmaster.com\/product\/songmics-pelituoli-paantuella-ja-kasinojilla-kyyhkynharmaa\/"},"modified":"2026-02-27T09:51:21","modified_gmt":"2026-02-27T09:51:21","slug":"songmics-pelituoli-paantuella-ja-kasinojilla-kyyhkynharmaa","status":"publish","type":"product","link":"https:\/\/nordicmart.andreevmaster.com\/fi\/tuote\/songmics-pelituoli-paantuella-ja-kasinojilla-kyyhkynharmaa\/","title":{"rendered":"SONGMICS pelituoli p\u00e4\u00e4ntuella ja k\u00e4sinojilla, kyyhkynharmaa"},"content":{"rendered":"<p>SONGMICS pelituoli, ty\u00f6tuoli, korkeuss\u00e4\u00e4dett\u00e4v\u00e4, hiilikuituvaikutteinen tekstuuri, p\u00e4\u00e4ntuki, s\u00e4\u00e4dett\u00e4v\u00e4t k\u00e4sinojat, selk\u00e4noja, kantavuus 150 kg<\/p>\n","protected":false},"excerpt":{"rendered":"<p>SONGMICS pelituoli, ty\u00f6tuoli, korkeuss\u00e4\u00e4dett\u00e4v\u00e4, hiilikuituvaikutteinen tekstuuri, p\u00e4\u00e4ntuki, s\u00e4\u00e4dett\u00e4v\u00e4t k\u00e4sinojat, selk\u00e4noja, kantavuus 150 kg<\/p>\n","protected":false},"featured_media":44500,"comment_status":"open","ping_status":"closed","template":"","meta":[],"product_brand":[],"product_cat":[32],"product_tag":[],"class_list":{"0":"post-36192","1":"product","2":"type-product","3":"status-publish","4":"has-post-thumbnail","6":"product_cat-uncategorized-fi","8":"first","9":"instock","10":"shipping-taxable","11":"purchasable","12":"product-type-simple"},"_links":{"self":[{"href":"https:\/\/nordicmart.andreevmaster.com\/fi\/wp-json\/wp\/v2\/product\/36192","targetHints":{"allow":["GET"]}}],"collection":[{"href":"https:\/\/nordicmart.andreevmaster.com\/fi\/wp-json\/wp\/v2\/product"}],"about":[{"href":"https:\/\/nordicmart.andreevmaster.com\/fi\/wp-json\/wp\/v2\/types\/product"}],"replies":[{"embeddable":true,"href":"https:\/\/nordicmart.andreevmaster.com\/fi\/wp-json\/wp\/v2\/comments?post=36192"}],"wp:featuredmedia":[{"embeddable":true,"href":"https:\/\/nordicmart.andreevmaster.com\/fi\/wp-json\/wp\/v2\/media\/44500"}],"wp:attachment":[{"href":"https:\/\/nordicmart.andreevmaster.com\/fi\/wp-json\/wp\/v2\/media?parent=36192"}],"wp:term":[{"taxonomy":"product_brand","embeddable":true,"href":"https:\/\/nordicmart.andreevmaster.com\/fi\/wp-json\/wp\/v2\/product_brand?post=36192"},{"taxonomy":"product_cat","embeddable":true,"href":"https:\/\/nordicmart.andreevmaster.com\/fi\/wp-json\/wp\/v2\/product_cat?post=36192"},{"taxonomy":"product_tag","embeddable":true,"href":"https:\/\/nordicmart.andreevmaster.com\/fi\/wp-json\/wp\/v2\/product_tag?post=36192"}],"curies":[{"name":"wp","href":"https:\/\/api.w.org\/{rel}","templated":true}]}}