{"id":36188,"date":"2026-02-27T00:33:21","date_gmt":"2026-02-27T00:33:21","guid":{"rendered":"https:\/\/nordicmart.andreevmaster.com\/product\/songmics-toimistotuoli-pu-saadettava-paantuki-ja-keinutoiminto-klassinen-musta\/"},"modified":"2026-02-27T09:51:20","modified_gmt":"2026-02-27T09:51:20","slug":"songmics-toimistotuoli-pu-saadettava-paantuki-ja-keinutoiminto-klassinen-musta","status":"publish","type":"product","link":"https:\/\/nordicmart.andreevmaster.com\/fi\/tuote\/songmics-toimistotuoli-pu-saadettava-paantuki-ja-keinutoiminto-klassinen-musta\/","title":{"rendered":"SONGMICS toimistotuoli PU, s\u00e4\u00e4dett\u00e4v\u00e4 p\u00e4\u00e4ntuki ja keinutoiminto, klassinen musta"},"content":{"rendered":"<p>SONGMICS toimistotuoli, ty\u00f6tuoli, tietokonetuoli, PU, puuvilla-pellavaseos, s\u00e4\u00e4dett\u00e4v\u00e4 p\u00e4\u00e4ntuki, pehmustetut k\u00e4sinojat, keinutoiminto, kantavuus 150 kg, klassinen musta OBG066B01<br \/>\nV\u00e4ri: klassinen musta<br \/>\nMateriaali: vaahtomuovi, nailon, muovi, PU, puuvilla-pellavaseos<br \/>\nKoko: 68 x 68 x (124,5-134,5) cm (S x L x K)<br \/>\nIstuimen korkeus (lattiasta): 46,5\u201356,5 cm<br \/>\nIstuimen koko: 48,5 x 52 cm (S x L)<br \/>\nSelk\u00e4nojan korkeus: 80 cm<br \/>\nK\u00e4sinojien korkeus (istuinpinnasta): 26 cm<br \/>\nPaino: 15,8 kg<br \/>\nMaks. staattinen kantavuus: 150 kg<\/p>\n","protected":false},"excerpt":{"rendered":"<p>SONGMICS toimistotuoli, ty\u00f6tuoli, tietokonetuoli, PU, puuvilla-pellavaseos, s\u00e4\u00e4dett\u00e4v\u00e4 p\u00e4\u00e4ntuki, pehmustetut k\u00e4sinojat, keinutoiminto, kantavuus 150 kg, klassinen musta OBG066B01<\/p>\n","protected":false},"featured_media":44496,"comment_status":"open","ping_status":"closed","template":"","meta":[],"product_brand":[],"product_cat":[32],"product_tag":[],"class_list":{"0":"post-36188","1":"product","2":"type-product","3":"status-publish","4":"has-post-thumbnail","6":"product_cat-uncategorized-fi","8":"first","9":"instock","10":"shipping-taxable","11":"purchasable","12":"product-type-simple"},"_links":{"self":[{"href":"https:\/\/nordicmart.andreevmaster.com\/fi\/wp-json\/wp\/v2\/product\/36188","targetHints":{"allow":["GET"]}}],"collection":[{"href":"https:\/\/nordicmart.andreevmaster.com\/fi\/wp-json\/wp\/v2\/product"}],"about":[{"href":"https:\/\/nordicmart.andreevmaster.com\/fi\/wp-json\/wp\/v2\/types\/product"}],"replies":[{"embeddable":true,"href":"https:\/\/nordicmart.andreevmaster.com\/fi\/wp-json\/wp\/v2\/comments?post=36188"}],"wp:featuredmedia":[{"embeddable":true,"href":"https:\/\/nordicmart.andreevmaster.com\/fi\/wp-json\/wp\/v2\/media\/44496"}],"wp:attachment":[{"href":"https:\/\/nordicmart.andreevmaster.com\/fi\/wp-json\/wp\/v2\/media?parent=36188"}],"wp:term":[{"taxonomy":"product_brand","embeddable":true,"href":"https:\/\/nordicmart.andreevmaster.com\/fi\/wp-json\/wp\/v2\/product_brand?post=36188"},{"taxonomy":"product_cat","embeddable":true,"href":"https:\/\/nordicmart.andreevmaster.com\/fi\/wp-json\/wp\/v2\/product_cat?post=36188"},{"taxonomy":"product_tag","embeddable":true,"href":"https:\/\/nordicmart.andreevmaster.com\/fi\/wp-json\/wp\/v2\/product_tag?post=36188"}],"curies":[{"name":"wp","href":"https:\/\/api.w.org\/{rel}","templated":true}]}}