{"id":36186,"date":"2026-02-27T00:33:20","date_gmt":"2026-02-27T00:33:20","guid":{"rendered":"https:\/\/nordicmart.andreevmaster.com\/product\/songmics-tyotuoli-saadettavalla-paantuella-ja-kasinojilla-karamellinruskea\/"},"modified":"2026-02-27T09:51:20","modified_gmt":"2026-02-27T09:51:20","slug":"songmics-tyotuoli-saadettavalla-paantuella-ja-kasinojilla-karamellinruskea","status":"publish","type":"product","link":"https:\/\/nordicmart.andreevmaster.com\/fi\/tuote\/songmics-tyotuoli-saadettavalla-paantuella-ja-kasinojilla-karamellinruskea\/","title":{"rendered":"SONGMICS-ty\u00f6tuoli s\u00e4\u00e4dett\u00e4v\u00e4ll\u00e4 p\u00e4\u00e4ntuella ja k\u00e4sinojilla, karamellinruskea"},"content":{"rendered":"<p>SONGMICS toimistotuoli, ergonominen py\u00f6riv\u00e4 tuoli, taitettavat k\u00e4sinojat, nylon-t\u00e4htijalka, kantavuus 150 kg, musta OBG65BK<br \/>\nV\u00e4ri: karamellinruskea<br \/>\nMateriaali: vanerirunko, ter\u00e4srakenne, vaahtomuovipehmuste, PU-verhoilu, PU-rullat<br \/>\nKoko: 70 x 70 x (119-137) cm (P x L x K)<br \/>\nIstuinkorkeus: 51\u201361 cm<br \/>\nIstuimen koko: 51 x 52 cm (P x L)<br \/>\nSelk\u00e4nojan korkeus: 91-99 cm<br \/>\nSelk\u00e4nojan leveys: 52 cm<br \/>\nK\u00e4sinojan korkeus (istuinpinnasta): 25 cm<br \/>\nPaino: 19 kg<br \/>\nMaks. staattinen kantavuus: 150 kg<\/p>\n","protected":false},"excerpt":{"rendered":"<p>SONGMICS toimistotuoli, ergonominen py\u00f6riv\u00e4 tuoli, taitettavat k\u00e4sinojat, nylon-t\u00e4htijalka, kantavuus 150 kg, musta OBG65BK<\/p>\n","protected":false},"featured_media":44494,"comment_status":"open","ping_status":"closed","template":"","meta":[],"product_brand":[],"product_cat":[32],"product_tag":[],"class_list":{"0":"post-36186","1":"product","2":"type-product","3":"status-publish","4":"has-post-thumbnail","6":"product_cat-uncategorized-fi","8":"first","9":"instock","10":"shipping-taxable","11":"purchasable","12":"product-type-simple"},"_links":{"self":[{"href":"https:\/\/nordicmart.andreevmaster.com\/fi\/wp-json\/wp\/v2\/product\/36186","targetHints":{"allow":["GET"]}}],"collection":[{"href":"https:\/\/nordicmart.andreevmaster.com\/fi\/wp-json\/wp\/v2\/product"}],"about":[{"href":"https:\/\/nordicmart.andreevmaster.com\/fi\/wp-json\/wp\/v2\/types\/product"}],"replies":[{"embeddable":true,"href":"https:\/\/nordicmart.andreevmaster.com\/fi\/wp-json\/wp\/v2\/comments?post=36186"}],"wp:featuredmedia":[{"embeddable":true,"href":"https:\/\/nordicmart.andreevmaster.com\/fi\/wp-json\/wp\/v2\/media\/44494"}],"wp:attachment":[{"href":"https:\/\/nordicmart.andreevmaster.com\/fi\/wp-json\/wp\/v2\/media?parent=36186"}],"wp:term":[{"taxonomy":"product_brand","embeddable":true,"href":"https:\/\/nordicmart.andreevmaster.com\/fi\/wp-json\/wp\/v2\/product_brand?post=36186"},{"taxonomy":"product_cat","embeddable":true,"href":"https:\/\/nordicmart.andreevmaster.com\/fi\/wp-json\/wp\/v2\/product_cat?post=36186"},{"taxonomy":"product_tag","embeddable":true,"href":"https:\/\/nordicmart.andreevmaster.com\/fi\/wp-json\/wp\/v2\/product_tag?post=36186"}],"curies":[{"name":"wp","href":"https:\/\/api.w.org\/{rel}","templated":true}]}}