{"id":36183,"date":"2026-02-27T00:33:19","date_gmt":"2026-02-27T00:33:19","guid":{"rendered":"https:\/\/nordicmart.andreevmaster.com\/product\/songmics-korkeussaadettava-tyotuoli\/"},"modified":"2026-02-27T09:51:19","modified_gmt":"2026-02-27T09:51:19","slug":"songmics-korkeussaadettava-tyotuoli","status":"publish","type":"product","link":"https:\/\/nordicmart.andreevmaster.com\/fi\/tuote\/songmics-korkeussaadettava-tyotuoli\/","title":{"rendered":"SONGMICS korkeuss\u00e4\u00e4dett\u00e4v\u00e4 ty\u00f6tuoli"},"content":{"rendered":"<p>Parempi tuottavuus, parempi mieliala: v\u00e4\u00e4r\u00e4 ryhti tekee jo muutenkin raskaista ty\u00f6p\u00e4ivist\u00e4 viel\u00e4kin ep\u00e4miellytt\u00e4v\u00e4mpi\u00e4. L\u00f6yd\u00e4 ihanteellinen asento t\u00e4ll\u00e4 ty\u00f6tuolilla: kehosi rentoutuu, mielesi muuttuu tuottavammaksi ja 8 ty\u00f6tuntia kuluu kuin siivill\u00e4. T\u00e4m\u00e4n ty\u00f6tuolin edut: S\u00e4\u00e4d\u00e4 tuolin korkeutta l\u00f6yt\u00e4\u00e4ksesi ihanteellisen istuma-asennon, joka vastaa n\u00e4yt\u00f6n korkeutta.Ergonomisen muotoisen selk\u00e4nojan ansiosta voit ty\u00f6skennell\u00e4 rentoutuneena ja selk\u00e4 suorana. Anna k\u00e4sivartesi lev\u00e4t\u00e4 mukavilla, PU-keinonahalla verhoilluilla k\u00e4sinojilla. Rentouta niskaasi ja hartioitasi korkean selk\u00e4nojan ansiosta.Keinutoiminnon ja mukavan pehmustetun istuimen ansiosta voit rentoutua muutaman minuutin ajan ja sitten jatkaa ty\u00f6t\u00e4si! Tuotetiedot: V\u00e4ri: musta Materiaali: vanerirunko, vaahtomuovit\u00e4yte, PU-keinonahkapinta Tuolin kokonaismitat: 75 x 64 x (110-120) cm (P x L x K) Paino: 14,6 kg Maks. staattinen kantavuus: 150 kg Toimitus sis\u00e4lt\u00e4\u00e4: 1 x ty\u00f6tuoli 1 x lis\u00e4varustepaketti 1 x ohjeet (DE, EN, IT, FR, ES) SONGMICS-huomautukset: \u201dKeinutoiminto\u201d tarkoittaa, ett\u00e4 selk\u00e4noja ja istuin liikkuvat taaksep\u00e4in samanaikaisesti. T\u00e4m\u00e4n tuolin selk\u00e4nojaa ei voi kallistaa taaksep\u00e4in erikseen.<\/p>\n","protected":false},"excerpt":{"rendered":"<p>SONGMICS-ty\u00f6tuoli, ergonominen ty\u00f6tuoli, tietokonetuoli, korkeuss\u00e4\u00e4dett\u00e4v\u00e4, kantavuus 150 kg, PU-keinonahka, kotitoimisto, toimisto, musta OBG064B01<\/p>\n","protected":false},"featured_media":44491,"comment_status":"open","ping_status":"closed","template":"","meta":[],"product_brand":[],"product_cat":[32],"product_tag":[],"class_list":{"0":"post-36183","1":"product","2":"type-product","3":"status-publish","4":"has-post-thumbnail","6":"product_cat-uncategorized-fi","8":"first","9":"instock","10":"shipping-taxable","11":"purchasable","12":"product-type-simple"},"_links":{"self":[{"href":"https:\/\/nordicmart.andreevmaster.com\/fi\/wp-json\/wp\/v2\/product\/36183","targetHints":{"allow":["GET"]}}],"collection":[{"href":"https:\/\/nordicmart.andreevmaster.com\/fi\/wp-json\/wp\/v2\/product"}],"about":[{"href":"https:\/\/nordicmart.andreevmaster.com\/fi\/wp-json\/wp\/v2\/types\/product"}],"replies":[{"embeddable":true,"href":"https:\/\/nordicmart.andreevmaster.com\/fi\/wp-json\/wp\/v2\/comments?post=36183"}],"wp:featuredmedia":[{"embeddable":true,"href":"https:\/\/nordicmart.andreevmaster.com\/fi\/wp-json\/wp\/v2\/media\/44491"}],"wp:attachment":[{"href":"https:\/\/nordicmart.andreevmaster.com\/fi\/wp-json\/wp\/v2\/media?parent=36183"}],"wp:term":[{"taxonomy":"product_brand","embeddable":true,"href":"https:\/\/nordicmart.andreevmaster.com\/fi\/wp-json\/wp\/v2\/product_brand?post=36183"},{"taxonomy":"product_cat","embeddable":true,"href":"https:\/\/nordicmart.andreevmaster.com\/fi\/wp-json\/wp\/v2\/product_cat?post=36183"},{"taxonomy":"product_tag","embeddable":true,"href":"https:\/\/nordicmart.andreevmaster.com\/fi\/wp-json\/wp\/v2\/product_tag?post=36183"}],"curies":[{"name":"wp","href":"https:\/\/api.w.org\/{rel}","templated":true}]}}